{"id":20113,"date":"2025-07-12T19:09:51","date_gmt":"2025-07-12T17:09:51","guid":{"rendered":"https:\/\/handbag-sense.com\/?post_type=product&#038;p=20113"},"modified":"2026-01-29T17:41:56","modified_gmt":"2026-01-29T16:41:56","slug":"hermes-birkin-30-togo-blue-de-galice","status":"publish","type":"product","link":"https:\/\/handbag-sense.com\/de\/produkt\/hermes-birkin-30-togo-blue-de-galice\/","title":{"rendered":"Birkin 30 Togo Blue De Galice"},"content":{"rendered":"<div class=\"c-columns-m-1 c-columns-2 c-columns-gap-s\">\n<div><strong>Material:<\/strong> Togo Leder<br \/>\n<strong>Farbe:<\/strong> Blue de Galice<br \/>\n<strong>Metallelemente:<\/strong> Gold Hardware<br \/>\n<strong>Innenmaterial:<\/strong> Leder<\/div>\n<div><strong>Bewertung: <\/strong>3 <img decoding=\"async\" class=\"info_box alignnone size-medium wp-image-885\" title=\"Info\" role=\"img\" src=\"https:\/\/handbag-sense.com\/wp-content\/uploads\/2023\/05\/info_icon.svg\" alt=\"info box\" width=\"15\" height=\"15\" \/><br \/>\n<strong>Produktionsjahr \/ Stempel:<\/strong> 2016 \/ X<br \/>\n<strong>Gr\u00f6\u00dfe:<\/strong> 30 x 22 x 16 cm<br \/>\n<strong>Versand:<\/strong> Weltweit<\/div>\n<\/div>\n<p><strong>Enth\u00e4lt:<\/strong> Staubbeutel, Clochette, Schl\u00fcssel, Schloss, Filz, Regenmantel<\/p>\n","protected":false},"excerpt":{"rendered":"<p data-start=\"103\" data-end=\"213\"><strong data-start=\"112\" data-end=\"213\">Herm\u00e8s Birkin 30 Togo Blue de Galice mit Gold Hardware \u2013 2016, Stempel X, ausgezeichneter Zustand<\/strong><\/p>\n<p data-start=\"215\" data-end=\"753\">Entdecken Sie diese elegante <strong data-start=\"244\" data-end=\"264\">Herm\u00e8s Birkin 30<\/strong>, handgefertigt aus robustem <strong data-start=\"301\" data-end=\"315\">Togo Leder<\/strong> in der stilvollen Farbe <strong data-start=\"340\" data-end=\"358\">Blue de Galice<\/strong> und veredelt mit der Gold Hardware. Dieses Modell stammt aus dem Jahr 2016 und tr\u00e4gt den Jahresstempel X. Die Tasche befindet sich in ausgezeichnetem Zustand, mit nur minimalen Kratzern auf der Hardware. Zum Lieferumfang geh\u00f6ren die Clochette aus Leder, ein Schl\u00fcsselset und der Herm\u00e8s-Staubbeutel \u2013 eine harmonische Verbindung aus Luxus, Funktionalit\u00e4t und Sammlerwert.<\/p>\n<p data-start=\"755\" data-end=\"1172\">Die <strong data-start=\"759\" data-end=\"772\">Birkin 30 Blue de Galice<\/strong> gilt als wahres Symbol f\u00fcr zeitlosen Luxus und ist ein Favorit unter Sammlerinnen hochwertiger Designer-Handtaschen. Das leicht strukturierte Togo-Leder verleiht der Tasche Formstabilit\u00e4t und eine angenehme Haptik. Der Farbton Blue de Galice sorgt f\u00fcr einen frischen, modernen Akzent und l\u00e4sst sich vielseitig kombinieren. Die goldene Hardware unterstreicht den luxuri\u00f6sen Charakter.<\/p>\n<p data-start=\"1174\" data-end=\"1467\">Diese Tasche \u00fcberzeugt nicht nur durch ihr Design, sondern auch durch ihre Alltagstauglichkeit \u2013 sie bietet ausreichend Platz f\u00fcr alle wichtigen Essentials. Ob als stilvoller Begleiter im Business oder als elegantes Statement-Piece im Alltag: Die <strong data-start=\"1421\" data-end=\"1434\">Birkin 30<\/strong> passt sich jeder Gelegenheit an.<\/p>\n<p data-start=\"1469\" data-end=\"1691\">Die <strong data-start=\"1473\" data-end=\"1508\">Herm\u00e8s Birkin 30 Blue de Galice<\/strong> mit Stempel X ist mehr als nur eine Handtasche \u2013 sie ist ein Ausdruck exklusiven Geschmacks, ein begehrtes <strong data-start=\"1616\" data-end=\"1632\">Sammlerst\u00fcck<\/strong> und eine wertvolle Investition in zeitlose Handwerkskunst.<\/p>\n","protected":false},"featured_media":20037,"template":"","meta":[],"product_brand":[2404],"product_cat":[347],"product_tag":[2049,1412,1984],"class_list":{"0":"post-20113","1":"product","2":"type-product","3":"status-publish","4":"has-post-thumbnail","6":"product_brand-hermes-de","7":"product_cat-handtasche","8":"product_tag-birkin-30-togo-de","9":"product_tag-hermes-birkin-30-de","10":"product_tag-hermes-birkin-tasche","11":"pa_brand-hermes-de","12":"pa_color-blau","13":"pa_grade-grad-4","14":"pa_hermes-models-birkin-de","15":"pa_material-leder","17":"first","18":"instock","19":"sold-individually","20":"purchasable","21":"product-type-simple"},"_links":{"self":[{"href":"https:\/\/handbag-sense.com\/de\/wp-json\/wp\/v2\/product\/20113","targetHints":{"allow":["GET"]}}],"collection":[{"href":"https:\/\/handbag-sense.com\/de\/wp-json\/wp\/v2\/product"}],"about":[{"href":"https:\/\/handbag-sense.com\/de\/wp-json\/wp\/v2\/types\/product"}],"wp:featuredmedia":[{"embeddable":true,"href":"https:\/\/handbag-sense.com\/de\/wp-json\/wp\/v2\/media\/20037"}],"wp:attachment":[{"href":"https:\/\/handbag-sense.com\/de\/wp-json\/wp\/v2\/media?parent=20113"}],"wp:term":[{"taxonomy":"product_brand","embeddable":true,"href":"https:\/\/handbag-sense.com\/de\/wp-json\/wp\/v2\/product_brand?post=20113"},{"taxonomy":"product_cat","embeddable":true,"href":"https:\/\/handbag-sense.com\/de\/wp-json\/wp\/v2\/product_cat?post=20113"},{"taxonomy":"product_tag","embeddable":true,"href":"https:\/\/handbag-sense.com\/de\/wp-json\/wp\/v2\/product_tag?post=20113"}],"curies":[{"name":"wp","href":"https:\/\/api.w.org\/{rel}","templated":true}]}}