{"id":2009,"date":"2023-09-23T13:04:52","date_gmt":"2023-09-23T11:04:52","guid":{"rendered":"https:\/\/handbag-sense.com\/?post_type=product&#038;p=2009"},"modified":"2025-05-06T15:01:54","modified_gmt":"2025-05-06T13:01:54","slug":"celine-luggage-medium-orange-aus-python","status":"publish","type":"product","link":"https:\/\/handbag-sense.com\/de\/produkt\/celine-luggage-medium-orange-aus-python\/","title":{"rendered":"Luggage Medium orange aus Python"},"content":{"rendered":"<div class=\"c-columns-m-1 c-columns-2 c-columns-gap-s\">\n<div><strong>Material:<\/strong> Python Leder<br \/>\n<strong>Farbe:<\/strong> orange<br \/>\n<strong>Metallelemente:<\/strong> Goldene\u00a0Hardware<\/div>\n<div><strong>Grad:<\/strong> 3 <img decoding=\"async\" class=\"info_box alignnone size-medium wp-image-885\" title=\"Info\" role=\"img\" src=\"https:\/\/handbag-sense.com\/wp-content\/uploads\/2023\/05\/info_icon.svg\" alt=\"info box\" width=\"15\" height=\"15\" \/><br \/>\n<strong>Innenmaterial:<\/strong> Leder<br \/>\n<strong>Gr\u00f6\u00dfe:<\/strong> 31 x 29 x 18 cm<\/div>\n<div><strong>Condition:<\/strong> Used<\/div>\n<\/div>\n<p><strong>Beinhaltet:<\/strong> Staubbeutel, Box<\/p>\n","protected":false},"excerpt":{"rendered":"<p>Diese schicke mittelgro\u00dfe\u00a0<strong>Celine Luggage<\/strong>\u00a0Handtasche ist aus\u00a0<strong>orangenem Python<\/strong>\u00a0mit Beschl\u00e4gen aus vergoldetem Metall, doppeltem Griff aus Python, damit die Tasche bequem in der Hand getragen werden kann. Das Tascheninnere ist aus orangenem Leder und teilt sich auf in ein gro\u00dfes Hauptfach sowie eine Rei\u00dfverschlusstasche, ein Steckfach und ein zus\u00e4tzliches Steckfach f\u00fcrs Handy. Verschlossen wird die Tasche durch ein Rei\u00dfverschluss, auf der Vorderseite der Tasche befindet sich eine Rei\u00dfverschlusstasche. Die Celine Luggage wurde 4 mal getragen und befindet sich in einem sehr guten Zustand,\u00a0 wird mit Staubbeutel und in der Original Box geliefert.<\/p>\n","protected":false},"featured_media":1970,"template":"","meta":[],"product_brand":[2416],"product_cat":[347],"product_tag":[],"class_list":{"0":"post-2009","1":"product","2":"type-product","3":"status-publish","4":"has-post-thumbnail","6":"product_brand-celine-de","7":"product_cat-handtasche","8":"pa_brand-celine-de","9":"pa_color-orange-de","10":"pa_grade-grad-3","11":"pa_material-leder","12":"pa_material-exotisches-leder","14":"first","15":"outofstock","16":"shipping-taxable","17":"product-type-simple"},"_links":{"self":[{"href":"https:\/\/handbag-sense.com\/de\/wp-json\/wp\/v2\/product\/2009","targetHints":{"allow":["GET"]}}],"collection":[{"href":"https:\/\/handbag-sense.com\/de\/wp-json\/wp\/v2\/product"}],"about":[{"href":"https:\/\/handbag-sense.com\/de\/wp-json\/wp\/v2\/types\/product"}],"wp:featuredmedia":[{"embeddable":true,"href":"https:\/\/handbag-sense.com\/de\/wp-json\/wp\/v2\/media\/1970"}],"wp:attachment":[{"href":"https:\/\/handbag-sense.com\/de\/wp-json\/wp\/v2\/media?parent=2009"}],"wp:term":[{"taxonomy":"product_brand","embeddable":true,"href":"https:\/\/handbag-sense.com\/de\/wp-json\/wp\/v2\/product_brand?post=2009"},{"taxonomy":"product_cat","embeddable":true,"href":"https:\/\/handbag-sense.com\/de\/wp-json\/wp\/v2\/product_cat?post=2009"},{"taxonomy":"product_tag","embeddable":true,"href":"https:\/\/handbag-sense.com\/de\/wp-json\/wp\/v2\/product_tag?post=2009"}],"curies":[{"name":"wp","href":"https:\/\/api.w.org\/{rel}","templated":true}]}}