{"id":20009,"date":"2025-07-11T12:58:11","date_gmt":"2025-07-11T10:58:11","guid":{"rendered":"https:\/\/handbag-sense.com\/?post_type=product&#038;p=20009"},"modified":"2026-01-29T17:41:44","modified_gmt":"2026-01-29T16:41:44","slug":"hermes-birkin-30-epsom-blue-jean","status":"publish","type":"product","link":"https:\/\/handbag-sense.com\/de\/produkt\/hermes-birkin-30-epsom-blue-jean\/","title":{"rendered":"Birkin 30 Epsom Blue Jean"},"content":{"rendered":"<div class=\"c-columns-m-1 c-columns-2 c-columns-gap-s\">\n<div><strong>Material:<\/strong> Epsom Leder<br \/>\n<strong>Farbe:<\/strong> Blue Jean<br \/>\n<strong>Metallelemente:<\/strong> Palladium Hardware<br \/>\n<strong>Innenmaterial:<\/strong> Leder<\/div>\n<div><strong>Bewertung: <\/strong>4 <img decoding=\"async\" class=\"info_box alignnone size-medium wp-image-885\" title=\"Info\" role=\"img\" src=\"https:\/\/handbag-sense.com\/wp-content\/uploads\/2023\/05\/info_icon.svg\" alt=\"info box\" width=\"15\" height=\"15\" \/><br \/>\n<strong>Jahresstempel:<\/strong> 2013 \/ Q<br \/>\n<strong>Gr\u00f6\u00dfe:<\/strong> 30 x 22 x 16 cm<br \/>\n<strong>Versand:<\/strong> Weltweit<\/div>\n<\/div>\n<p><strong>Enth\u00e4lt:<\/strong> Staubbeutel, Clochette, Schl\u00fcssel, Schloss<\/p>\n","protected":false},"excerpt":{"rendered":"<p data-start=\"165\" data-end=\"287\"><strong data-start=\"174\" data-end=\"287\">Herm\u00e8s Birkin 30 Epsom Blue Jean mit Palladium Hardware \u2013 2013, Jahresstempel Q im Quadrat<\/strong><\/p>\n<p data-start=\"265\" data-end=\"744\">Diese klassische <strong data-start=\"282\" data-end=\"302\">Herm\u00e8s Birkin 30<\/strong> wurde 2013 handgefertigt und tr\u00e4gt den Jahresstempel <strong data-start=\"351\" data-end=\"369\">Q im Quadrat<\/strong>. Sie ist aus strapazierf\u00e4higem <strong data-start=\"401\" data-end=\"416\">Epsom Leder<\/strong> in der ikonischen Farbe <strong data-start=\"441\" data-end=\"454\">Blue Jean<\/strong> gefertigt und mit eleganter <strong data-start=\"483\" data-end=\"505\">Palladium Hardware <\/strong>veredelt. Die Tasche befindet sich in sehr gutem Zustand \u2013 das Leder zeigt nur minimale Gebrauchsspuren, die Hardware\u00a0 Kratzer. Zum Lieferumfang geh\u00f6ren: Clochette, Schl\u00fcsselset und der originale Herm\u00e8s-Staubbeutel.<\/p>\n<p data-start=\"746\" data-end=\"1186\">Die <strong data-start=\"750\" data-end=\"773\">Birkin 30 Blue Jean<\/strong> steht f\u00fcr die perfekte Balance zwischen Funktionalit\u00e4t und zeitloser Eleganz \u2013 ein begehrtes Modell unter Liebhaberinnen von Luxus-Handtaschen. Das Epsom-Leder sorgt f\u00fcr eine feine, strukturierte Oberfl\u00e4che und bewahrt zugleich die Form der Tasche \u00fcber Jahre hinweg. Die frische Farbe Blue Jean verleiht jedem Outfit eine besondere Note, w\u00e4hrend die Palladium-Hardware einen modernen Kontrast bietet.<\/p>\n<p data-start=\"1188\" data-end=\"1524\">Dank ihres Produktionsjahrs 2013 und des authentifizierenden Stempels ist dieses Modell besonders interessant f\u00fcr Sammlerinnen zeitloser Klassiker. Trotz ihres Alters ist die Tasche in bemerkenswert gutem Zustand \u2013 ein Beweis f\u00fcr die au\u00dfergew\u00f6hnliche Handwerkskunst von Herm\u00e8s und die sorgf\u00e4ltige Pflege durch die Vorbesitzerin.<\/p>\n<p data-start=\"1526\" data-end=\"1802\">Der Besitz einer Herm\u00e8s Birkin 30 ist nicht nur Ausdruck eines erlesenen Stils, sondern auch eine <strong data-start=\"1624\" data-end=\"1651\">nachhaltige Investition<\/strong> in ein St\u00fcck, das \u00fcber Trends hinaus Bestand hat. Ob elegant oder l\u00e4ssig kombiniert \u2013 diese Tasche bleibt ein stilpr\u00e4gendes Highlight jeder Garderobe.<\/p>\n","protected":false},"featured_media":20052,"template":"","meta":[],"product_brand":[2404],"product_cat":[347],"product_tag":[1412,1984],"class_list":{"0":"post-20009","1":"product","2":"type-product","3":"status-publish","4":"has-post-thumbnail","6":"product_brand-hermes-de","7":"product_cat-handtasche","8":"product_tag-hermes-birkin-30-de","9":"product_tag-hermes-birkin-tasche","10":"pa_brand-hermes-de","11":"pa_color-blau","12":"pa_grade-grad-4","13":"pa_hermes-models-birkin-de","14":"pa_material-leder","16":"first","17":"outofstock","18":"sold-individually","19":"shipping-taxable","20":"purchasable","21":"product-type-simple"},"_links":{"self":[{"href":"https:\/\/handbag-sense.com\/de\/wp-json\/wp\/v2\/product\/20009","targetHints":{"allow":["GET"]}}],"collection":[{"href":"https:\/\/handbag-sense.com\/de\/wp-json\/wp\/v2\/product"}],"about":[{"href":"https:\/\/handbag-sense.com\/de\/wp-json\/wp\/v2\/types\/product"}],"wp:featuredmedia":[{"embeddable":true,"href":"https:\/\/handbag-sense.com\/de\/wp-json\/wp\/v2\/media\/20052"}],"wp:attachment":[{"href":"https:\/\/handbag-sense.com\/de\/wp-json\/wp\/v2\/media?parent=20009"}],"wp:term":[{"taxonomy":"product_brand","embeddable":true,"href":"https:\/\/handbag-sense.com\/de\/wp-json\/wp\/v2\/product_brand?post=20009"},{"taxonomy":"product_cat","embeddable":true,"href":"https:\/\/handbag-sense.com\/de\/wp-json\/wp\/v2\/product_cat?post=20009"},{"taxonomy":"product_tag","embeddable":true,"href":"https:\/\/handbag-sense.com\/de\/wp-json\/wp\/v2\/product_tag?post=20009"}],"curies":[{"name":"wp","href":"https:\/\/api.w.org\/{rel}","templated":true}]}}