{"id":20002,"date":"2025-07-04T18:07:57","date_gmt":"2025-07-04T16:07:57","guid":{"rendered":"https:\/\/handbag-sense.com\/?post_type=product&#038;p=20002"},"modified":"2025-07-23T08:59:13","modified_gmt":"2025-07-23T06:59:13","slug":"hermes-evelyne-iii-33-clemence-bleu-nuit","status":"publish","type":"product","link":"https:\/\/handbag-sense.com\/de\/produkt\/hermes-evelyne-iii-33-clemence-bleu-nuit\/","title":{"rendered":"Evelyne III 33 Clemence Bleu Nuit"},"content":{"rendered":"<div class=\"c-columns-m-1 c-columns-2 c-columns-gap-s\">\n<div><strong>Material:<\/strong> Taurillon Clemence Leder<br \/>\n<strong>Farbe:<\/strong> Bleu Nuit<br \/>\n<strong>Metallelemente:<\/strong> Gold Hardware<br \/>\n<strong>Innenmaterial:<\/strong> Naturleder<\/div>\n<div><strong>Note: 3<\/strong> <img decoding=\"async\" class=\"info_box alignnone size-medium wp-image-885\" title=\"Info\" role=\"img\" src=\"https:\/\/handbag-sense.com\/wp-content\/uploads\/2023\/05\/info_icon.svg\" alt=\"info box\" width=\"15\" height=\"15\" \/><br \/>\n<strong>Baujahr\/Stempel:<\/strong> 2020 \/ Y<br \/>\n<strong>Gr\u00f6\u00dfe:<\/strong> 33 x 33 x 11 cm<br \/>\n<strong>Versand:<\/strong> Weltweit<\/div>\n<\/div>\n<p><strong>Enth\u00e4lt:<\/strong> Staubbeutel, Gurt<\/p>\n","protected":false},"excerpt":{"rendered":"<p data-start=\"161\" data-end=\"272\"><strong data-start=\"170\" data-end=\"272\">Herm\u00e8s Evelyne III 33 Cl\u00e9mence Bleu Nuit mit Gold Hardware \u2013 Ausgezeichneter Zustand<\/strong><\/p>\n<p data-start=\"274\" data-end=\"751\">Diese <strong data-start=\"280\" data-end=\"305\">Herm\u00e8s Evelyne 33<\/strong> wurde <strong data-start=\"312\" data-end=\"320\">2020<\/strong> gefertigt und besteht aus strukturiertem <strong data-start=\"371\" data-end=\"399\">Taurillon Cl\u00e9mence Leder <\/strong>in der klassischen Farbe <strong data-start=\"425\" data-end=\"438\">Bleu Nuit<\/strong>, veredelt mit edler <strong data-start=\"459\" data-end=\"480\">goldener Hardware<\/strong>. Die Tasche befindet sich in <strong data-start=\"510\" data-end=\"537\">ausgezeichnetem Zustand<\/strong>, ohne sichtbare Gebrauchsspuren. Sie verf\u00fcgt \u00fcber ein gro\u00dfes Hauptfach, eine zus\u00e4tzliche R\u00fcckentasche, tonale N\u00e4hte, eine Zuglasche als Verschluss und das ikonische perforierte Herm\u00e8s-\u201eH\u201c-Logo auf der Vorderseite.<\/p>\n<p data-start=\"753\" data-end=\"1180\">Die <strong>Herm\u00e8s Evelyne Bleu Nuit<\/strong> ist eine perfekte Kombination aus Funktionalit\u00e4t und Luxus. Dank ihrer Gr\u00f6\u00dfe bietet sie ausreichend Platz f\u00fcr t\u00e4gliche Essentials und eignet sich ideal als stilvolle <strong data-start=\"942\" data-end=\"975\">Designertasche f\u00fcr den Alltag<\/strong>. Das weiche, langlebige Cl\u00e9mence-Leder verleiht ihr eine elegante Struktur, w\u00e4hrend das tiefe Bleu Nuit jedem Look eine besondere Note verleiht. Die warme goldene Hardware setzt stilvolle Akzente.<\/p>\n<p data-start=\"1182\" data-end=\"1440\">Der breite, abnehmbare Schulterriemen aus Canvas und Leder in Bleu Nuit erm\u00f6glicht komfortables Crossbody-Tragen \u2013 perfekt f\u00fcr Alltag, City-Looks oder Reisen. Dieses Modell steht exemplarisch f\u00fcr die Handwerkskunst und das zeitlose Design von Herm\u00e8s.<\/p>\n<p data-start=\"1442\" data-end=\"1706\">Mit ihrem diskreten Luxus, der durchdachten Funktionalit\u00e4t und ihrer Herkunft aus dem Jahr 2020 ist diese Tasche sowohl f\u00fcr Sammler als auch f\u00fcr stilbewusste Tr\u00e4gerinnen ein echtes Highlight. Zum Lieferumfang geh\u00f6ren: Tasche, Schulterriemen und Herm\u00e8s-Staubbeutel.<\/p>\n","protected":false},"featured_media":20055,"template":"","meta":[],"product_brand":[2404],"product_cat":[350,347,345],"product_tag":[2474,2027],"class_list":{"0":"post-20002","1":"product","2":"type-product","3":"status-publish","4":"has-post-thumbnail","6":"product_brand-hermes-de","7":"product_cat-schultertaschen","8":"product_cat-handtasche","9":"product_cat-crossbody-taschen","10":"product_tag-hermes-evelyne-bleu-nuit-de","11":"product_tag-hermes-evelyne-iii-33-de","12":"pa_brand-hermes-de","13":"pa_color-blau","14":"pa_grade-grad-1","15":"pa_hermes-models-evelyne-de","16":"pa_material-leder","18":"first","19":"outofstock","20":"shipping-taxable","21":"product-type-simple"},"_links":{"self":[{"href":"https:\/\/handbag-sense.com\/de\/wp-json\/wp\/v2\/product\/20002","targetHints":{"allow":["GET"]}}],"collection":[{"href":"https:\/\/handbag-sense.com\/de\/wp-json\/wp\/v2\/product"}],"about":[{"href":"https:\/\/handbag-sense.com\/de\/wp-json\/wp\/v2\/types\/product"}],"wp:featuredmedia":[{"embeddable":true,"href":"https:\/\/handbag-sense.com\/de\/wp-json\/wp\/v2\/media\/20055"}],"wp:attachment":[{"href":"https:\/\/handbag-sense.com\/de\/wp-json\/wp\/v2\/media?parent=20002"}],"wp:term":[{"taxonomy":"product_brand","embeddable":true,"href":"https:\/\/handbag-sense.com\/de\/wp-json\/wp\/v2\/product_brand?post=20002"},{"taxonomy":"product_cat","embeddable":true,"href":"https:\/\/handbag-sense.com\/de\/wp-json\/wp\/v2\/product_cat?post=20002"},{"taxonomy":"product_tag","embeddable":true,"href":"https:\/\/handbag-sense.com\/de\/wp-json\/wp\/v2\/product_tag?post=20002"}],"curies":[{"name":"wp","href":"https:\/\/api.w.org\/{rel}","templated":true}]}}