{"id":19526,"date":"2025-05-19T18:09:12","date_gmt":"2025-05-19T16:09:12","guid":{"rendered":"https:\/\/handbag-sense.com\/?post_type=product&#038;p=19526"},"modified":"2025-10-29T17:13:21","modified_gmt":"2025-10-29T16:13:21","slug":"hermes-bolide-relax-40-sikkim-leder","status":"publish","type":"product","link":"https:\/\/handbag-sense.com\/de\/produkt\/hermes-bolide-relax-40-sikkim-leder\/","title":{"rendered":"Bolide Relax 40 Sikkim Leder in Etain"},"content":{"rendered":"<div class=\"c-columns-m-1 c-columns-2 c-columns-gap-s\">\n<div><strong>Material:<\/strong> Sikkim Leder<br \/>\n<strong>Farbe:<\/strong> Etain<br \/>\n<strong>Metallelemente:<\/strong> Palladium Hardware<br \/>\n<strong>Innenmaterial:<\/strong> Tissage Chevron<\/div>\n<div><strong>Grad: <\/strong>2\u00a0<img decoding=\"async\" class=\"info_box alignnone size-medium wp-image-885\" title=\"Info\" role=\"img\" src=\"https:\/\/handbag-sense.com\/wp-content\/uploads\/2023\/05\/info_icon.svg\" alt=\"info box\" width=\"15\" height=\"15\" \/><br \/>\n<strong>Produktionsjahr:<\/strong> 2012<br \/>\n<strong>Gr\u00f6\u00dfe:<\/strong> 40 x 30 x 20 cm<br \/>\n<strong>Versand:<\/strong> Weltweit<\/div>\n<\/div>\n<p><strong>Beinhaltet:<\/strong> Originalbeleg, Staubbeutel, Clochette, Schl\u00fcssel-Set<\/p>\n","protected":false},"excerpt":{"rendered":"<p data-start=\"181\" data-end=\"276\"><strong data-start=\"185\" data-end=\"276\">Herm\u00e8s Bolide Relax 40 \u2013 Sikkim Leder &amp; Tissage Chevron in Etain mit Palladium Hardware. <\/strong>Die <strong data-start=\"282\" data-end=\"308\">Herm\u00e8s Bolide Relax 40<\/strong> ist eine stilvolle, gro\u00dfz\u00fcgige Reisetasche aus weichem Sikkim-Leder und Tissage Chevron-Gewebe, kombiniert in der zeitlosen Herm\u00e8s-Farbe Etain (Graumetallic). Die elegante Form, das weiche Finish und die hochwertige Palladium Hardware machen diese Tasche zu einem luxuri\u00f6sen Begleiter f\u00fcr Reise, Business oder Alltag.<\/p>\n<p data-start=\"644\" data-end=\"884\">Diese <strong>Herm\u00e8s Bolide 40<\/strong> stammt aus dem Jahr 2012 und wurde nur 1\u20132 Mal anprobiert, befindet sich aber in nahezu neuwertigem Zustand. Die Bolide Relax 40 bietet durch ihre Gr\u00f6\u00dfe viel Stauraum, bleibt dabei aber stilvoll und unaufdringlich.<\/p>\n<p data-start=\"886\" data-end=\"1040\">Zum Lieferumfang geh\u00f6ren die Clochette, das Schl\u00fcssel-Set, der Herm\u00e8s Staubbeutel sowie die Originalrechnung von Herm\u00e8s aus dem Jahr 2012. Ein rares, gepflegtes St\u00fcck f\u00fcr Sammler und Liebhaber zeitloser Herm\u00e8s-Taschen \u2013 elegant, funktional und hochwertig verarbeitet.<\/p>\n","protected":false},"featured_media":19141,"template":"","meta":[],"product_brand":[2404],"product_cat":[350,347,349,1590],"product_tag":[2129,2161],"class_list":{"0":"post-19526","1":"product","2":"type-product","3":"status-publish","4":"has-post-thumbnail","6":"product_brand-hermes-de","7":"product_cat-schultertaschen","8":"product_cat-handtasche","9":"product_cat-shopper-de","10":"product_cat-reisetasche","11":"product_tag-hermes-evelyne-16-de","12":"product_tag-hermes-evelyne-mini-de","13":"pa_brand-hermes-de","14":"pa_color-grau","15":"pa_grade-grad-2","16":"pa_hermes-models-bolide-de","17":"pa_hermes-models-andere-modelle","18":"pa_material-leder","20":"first","21":"instock","22":"shipping-taxable","23":"purchasable","24":"product-type-simple"},"_links":{"self":[{"href":"https:\/\/handbag-sense.com\/de\/wp-json\/wp\/v2\/product\/19526","targetHints":{"allow":["GET"]}}],"collection":[{"href":"https:\/\/handbag-sense.com\/de\/wp-json\/wp\/v2\/product"}],"about":[{"href":"https:\/\/handbag-sense.com\/de\/wp-json\/wp\/v2\/types\/product"}],"wp:featuredmedia":[{"embeddable":true,"href":"https:\/\/handbag-sense.com\/de\/wp-json\/wp\/v2\/media\/19141"}],"wp:attachment":[{"href":"https:\/\/handbag-sense.com\/de\/wp-json\/wp\/v2\/media?parent=19526"}],"wp:term":[{"taxonomy":"product_brand","embeddable":true,"href":"https:\/\/handbag-sense.com\/de\/wp-json\/wp\/v2\/product_brand?post=19526"},{"taxonomy":"product_cat","embeddable":true,"href":"https:\/\/handbag-sense.com\/de\/wp-json\/wp\/v2\/product_cat?post=19526"},{"taxonomy":"product_tag","embeddable":true,"href":"https:\/\/handbag-sense.com\/de\/wp-json\/wp\/v2\/product_tag?post=19526"}],"curies":[{"name":"wp","href":"https:\/\/api.w.org\/{rel}","templated":true}]}}