{"id":19512,"date":"2025-05-19T13:37:18","date_gmt":"2025-05-19T11:37:18","guid":{"rendered":"https:\/\/handbag-sense.com\/?post_type=product&#038;p=19512"},"modified":"2025-06-11T14:06:19","modified_gmt":"2025-06-11T12:06:19","slug":"hermes-schulterriemen-sangle-cordage","status":"publish","type":"product","link":"https:\/\/handbag-sense.com\/de\/produkt\/hermes-schulterriemen-sangle-cordage\/","title":{"rendered":"Schulterriemen Sangle Cordage 105 x 5 cm"},"content":{"rendered":"<div class=\"c-columns-m-1 c-columns-2 c-columns-gap-s\">\n<div><strong>Material:<\/strong> Sangle \/ Leder<br \/>\n<strong>Farbe:<\/strong>Vert Force\/Rose Darling\/Noir<br \/>\n<strong>Metallelemente:<\/strong> gold Hardware<br \/>\n<strong>Innenmaterial:<\/strong> Sangle Cordage<\/div>\n<div><strong><b>Grad<\/b>: <\/strong> 1\u00a0<img decoding=\"async\" class=\"info_box alignnone size-medium wp-image-885\" title=\"Info\" role=\"img\" src=\"https:\/\/handbag-sense.com\/wp-content\/uploads\/2023\/05\/info_icon.svg\" alt=\"info box\" width=\"15\" height=\"15\" \/><br \/>\n<strong>Jahresstempel: <\/strong>2025 \/ W<br \/>\n<strong>Gr\u00f6\u00dfe:<\/strong> 105 cm 50 mm<br \/>\n<strong>Versand:<\/strong> Weltweit<\/div>\n<\/div>\n<p><strong>Beinhaltet:<\/strong> Originalrechnung, Staubbeutel, Box<\/p>\n","protected":false},"excerpt":{"rendered":"<p data-start=\"96\" data-end=\"208\"><strong data-start=\"100\" data-end=\"208\">Herm\u00e8s Schulterriemen Sangle Cordage 105 x 5 cm \u2013 Vert Force \/ Rose Darling \/ Noir mit goldener Hardware - neu und ungetragen. <\/strong>Dieser luxuri\u00f6se <strong data-start=\"227\" data-end=\"267\">Herm\u00e8s Sangle Cordage <\/strong>Schulterriemen ist die perfekte Kombination aus Funktionalit\u00e4t und stilvollem Design. Gefertigt aus zweifarbigem Cordage-Gurtband in Vert Force und Rose Darling, kombiniert mit schwarzem Swift-Kalbsleder, verleiht er jeder Tasche einen frischen, modernen Look.<\/p>\n<p data-start=\"527\" data-end=\"763\">Mit einer L\u00e4nge von 105 cm und einer Breite von 5 cm eignet sich der Riemen ideal zum Tragen \u00fcber der Schulter oder als Crossbody. Der gro\u00dfe Karabiner mit edlem Gelbgold-Finish sorgt f\u00fcr sicheres und einfaches Anbringen.<\/p>\n<p data-start=\"765\" data-end=\"973\">Kompatibel mit folgenden Herm\u00e8s Taschenmodellen: Kelly, Bolide, 24\/24 \u2013 29, Clic H sowie New Drag 22 \u2013 ideal f\u00fcr modebewusste Herm\u00e8s-Liebhaberinnen, die Flexibilit\u00e4t und Stil sch\u00e4tzen.<\/p>\n<p data-start=\"975\" data-end=\"1124\">Der <strong data-start=\"975\" data-end=\"1020\">Herm\u00e8s Schulterriemen<\/strong> ist neu und ungetragen und wird mit der Originalrechnung, dem Herm\u00e8s-Staubbeutel und der originalen Box geliefert. Ein vielseitiges und hochwertiges Accessoire \u2013 perfekt zum Erweitern deiner Herm\u00e8s-Kollektion.<\/p>\n","protected":false},"featured_media":19515,"template":"","meta":[],"product_brand":[2404],"product_cat":[1587,342,348],"product_tag":[],"class_list":{"0":"post-19512","1":"product","2":"type-product","3":"status-publish","4":"has-post-thumbnail","6":"product_brand-hermes-de","7":"product_cat-gurtel","8":"product_cat-accessoire-de","9":"product_cat-andere-kategorien","10":"pa_brand-hermes-de","11":"pa_color-schwarz","12":"pa_color-gruen","13":"pa_color-rosa-de","14":"pa_grade-grad-1","15":"pa_material-leder","16":"pa_material-leinwand","18":"first","19":"instock","20":"shipping-taxable","21":"purchasable","22":"product-type-simple"},"_links":{"self":[{"href":"https:\/\/handbag-sense.com\/de\/wp-json\/wp\/v2\/product\/19512","targetHints":{"allow":["GET"]}}],"collection":[{"href":"https:\/\/handbag-sense.com\/de\/wp-json\/wp\/v2\/product"}],"about":[{"href":"https:\/\/handbag-sense.com\/de\/wp-json\/wp\/v2\/types\/product"}],"wp:featuredmedia":[{"embeddable":true,"href":"https:\/\/handbag-sense.com\/de\/wp-json\/wp\/v2\/media\/19515"}],"wp:attachment":[{"href":"https:\/\/handbag-sense.com\/de\/wp-json\/wp\/v2\/media?parent=19512"}],"wp:term":[{"taxonomy":"product_brand","embeddable":true,"href":"https:\/\/handbag-sense.com\/de\/wp-json\/wp\/v2\/product_brand?post=19512"},{"taxonomy":"product_cat","embeddable":true,"href":"https:\/\/handbag-sense.com\/de\/wp-json\/wp\/v2\/product_cat?post=19512"},{"taxonomy":"product_tag","embeddable":true,"href":"https:\/\/handbag-sense.com\/de\/wp-json\/wp\/v2\/product_tag?post=19512"}],"curies":[{"name":"wp","href":"https:\/\/api.w.org\/{rel}","templated":true}]}}