{"id":19296,"date":"2025-04-28T18:04:30","date_gmt":"2025-04-28T16:04:30","guid":{"rendered":"https:\/\/handbag-sense.com\/?post_type=product&#038;p=19296"},"modified":"2025-10-29T17:15:12","modified_gmt":"2025-10-29T16:15:12","slug":"hermes-constance-slim-portemonnaie","status":"publish","type":"product","link":"https:\/\/handbag-sense.com\/de\/produkt\/hermes-constance-slim-portemonnaie\/","title":{"rendered":"Constance Slim Portemonnaie Epsom Schwarz"},"content":{"rendered":"<div class=\"c-columns-m-1 c-columns-2 c-columns-gap-s\">\n<div><strong>Material:<\/strong> Epsom leder<br \/>\n<strong>Farbe:<\/strong> Schwarz<br \/>\n<strong>Metallelemente:<\/strong> Gold Hardware<br \/>\n<strong>Inner material:<\/strong> Leder<\/div>\n<div><strong>Note: 1<\/strong> <img decoding=\"async\" class=\"info_box alignnone size-medium wp-image-885\" title=\"Info\" role=\"img\" src=\"https:\/\/handbag-sense.com\/wp-content\/uploads\/2023\/05\/info_icon.svg\" alt=\"info box\" width=\"15\" height=\"15\" \/><br \/>\n<strong>Jahresstempel:<\/strong> 2024 \/ W<br \/>\n<strong>Gr\u00f6\u00dfe:<\/strong> 12 x 10 x 2 cm<br \/>\n<strong>Versand:<\/strong> Weltweit<\/div>\n<\/div>\n<p><strong>Enth\u00e4lt:<\/strong> Originalrechnung, Staubbeutel, Filz, Karton<\/p>\n","protected":false},"excerpt":{"rendered":"<p><strong>Herm\u00e8s Constance Slim Portemonnaie Epsom Schwarz mit goldenen Beschl\u00e4gen. <\/strong>Dieses klassische Constance Slim Wallet ist aus schwarzem Epsom-Leder handgefertigt und mit goldener Hardware veredelt. Die Constance Slim zeichnet sich durch die ikonische \u201eH\u201c-Schlie\u00dfe aus. Im Inneren befinden sich zwei Kartenf\u00e4cher sowie ein kleines, herausnehmbares M\u00fcnz-Etui mit Rei\u00dfverschluss. Die besondere Schlaufe auf der R\u00fcckseite erm\u00f6glicht es, dieses stilvolle Portemonnaie auch als Belt Bag (G\u00fcrteltasche) zu tragen.<\/p>\n<p class=\"\" data-start=\"643\" data-end=\"808\">Dieses<strong> Constance Slim Belt Wallet<\/strong> ist neu und ungetragen und wird mit Herm\u00e8s-Staubbeutel sowie der Originalbox geliefert \u2013 eine echte Bereicherung f\u00fcr jede Sammlung.<\/p>\n","protected":false},"featured_media":19300,"template":"","meta":[],"product_brand":[2404],"product_cat":[1592],"product_tag":[2055,2054],"class_list":{"0":"post-19296","1":"product","2":"type-product","3":"status-publish","4":"has-post-thumbnail","6":"product_brand-hermes-de","7":"product_cat-aktentaschen","8":"product_tag-constance-slim-schwarz-de","9":"product_tag-hermes-slim-konstanz","10":"pa_brand-hermes-de","11":"pa_color-schwarz","12":"pa_grade-grad-1","13":"pa_hermes-models-andere-modelle","14":"pa_material-leder","16":"first","17":"instock","18":"shipping-taxable","19":"purchasable","20":"product-type-simple"},"_links":{"self":[{"href":"https:\/\/handbag-sense.com\/de\/wp-json\/wp\/v2\/product\/19296","targetHints":{"allow":["GET"]}}],"collection":[{"href":"https:\/\/handbag-sense.com\/de\/wp-json\/wp\/v2\/product"}],"about":[{"href":"https:\/\/handbag-sense.com\/de\/wp-json\/wp\/v2\/types\/product"}],"wp:featuredmedia":[{"embeddable":true,"href":"https:\/\/handbag-sense.com\/de\/wp-json\/wp\/v2\/media\/19300"}],"wp:attachment":[{"href":"https:\/\/handbag-sense.com\/de\/wp-json\/wp\/v2\/media?parent=19296"}],"wp:term":[{"taxonomy":"product_brand","embeddable":true,"href":"https:\/\/handbag-sense.com\/de\/wp-json\/wp\/v2\/product_brand?post=19296"},{"taxonomy":"product_cat","embeddable":true,"href":"https:\/\/handbag-sense.com\/de\/wp-json\/wp\/v2\/product_cat?post=19296"},{"taxonomy":"product_tag","embeddable":true,"href":"https:\/\/handbag-sense.com\/de\/wp-json\/wp\/v2\/product_tag?post=19296"}],"curies":[{"name":"wp","href":"https:\/\/api.w.org\/{rel}","templated":true}]}}