{"id":19030,"date":"2025-04-09T17:57:18","date_gmt":"2025-04-09T15:57:18","guid":{"rendered":"https:\/\/handbag-sense.com\/?post_type=product&#038;p=19030"},"modified":"2025-05-06T11:53:27","modified_gmt":"2025-05-06T09:53:27","slug":"hermes-kelly-pochette-gold-swift","status":"publish","type":"product","link":"https:\/\/handbag-sense.com\/de\/produkt\/hermes-kelly-pochette-gold-swift\/","title":{"rendered":"Kelly Pochette Gold Swift"},"content":{"rendered":"<div class=\"c-columns-m-1 c-columns-2 c-columns-gap-s\">\n<div><strong>Material:<\/strong> Swift Leder<br \/>\n<strong>Farbe:<\/strong> Gold<br \/>\n<strong>Metallelemente:<\/strong> Palladium Hardware<br \/>\n<strong>Innenmaterial:<\/strong> Leder<\/div>\n<div><strong>Bewertung:<\/strong> 1 <img decoding=\"async\" class=\"info_box alignnone size-medium wp-image-885\" title=\"Info\" role=\"img\" src=\"https:\/\/handbag-sense.com\/wp-content\/uploads\/2023\/05\/info_icon.svg\" alt=\"info box\" width=\"15\" height=\"15\" \/><br \/>\n<strong>Jahresstempel:<\/strong> 2024 \/ W<br \/>\n<strong>Gr\u00f6\u00dfe:<\/strong> 22 x 13 x 7 cm<br \/>\n<strong>Versand:<\/strong> Weltweit<\/div>\n<\/div>\n<p><strong>Enth\u00e4lt:<\/strong> Originalrechnung, Staubbeutel, Filz, Heft, Box<\/p>\n","protected":false},"excerpt":{"rendered":"<p data-start=\"155\" data-end=\"236\"><strong data-start=\"164\" data-end=\"236\">Herm\u00e8s Kelly Pochette Gold Swift mit Palladium Hardware. <\/strong>Die <strong data-start=\"242\" data-end=\"275\">Herm\u00e8s Kelly Pochette in Gold<\/strong> ist die perfekte Verbindung aus Eleganz und Vielseitigkeit \u2013 in einem kompakten, begehrten Format. Handgefertigt aus besonders weichem <strong data-start=\"411\" data-end=\"426\">Swift-Leder<\/strong> in der klassischen Herm\u00e8s-Farbe <strong data-start=\"459\" data-end=\"467\">Gold<\/strong>, erh\u00e4lt diese elegante Clutch durch die k\u00fchle <strong data-start=\"514\" data-end=\"536\">Palladium-Hardware<\/strong> einen modernen, edlen Akzent.<\/p>\n<p class=\"\" data-start=\"568\" data-end=\"935\">Die <strong data-start=\"572\" data-end=\"590\">Kelly Pochette<\/strong> kann als stilvolle Abend-Clutch getragen oder mit einer <strong data-start=\"647\" data-end=\"666\">Farandole-Kette<\/strong> crossbody oder \u00fcber der Schulter kombiniert werden. Sie verf\u00fcgt \u00fcber kontrastierende Sattlernaht, den ikonischen <strong data-start=\"780\" data-end=\"800\">Kelly-Verschluss<\/strong> auf der Vorderseite und ein schlankes Innenleben aus farblich abgestimmtem Gold-Leder mit einem offenen Steckfach f\u00fcr das Wesentliche.<\/p>\n<p class=\"\" data-start=\"937\" data-end=\"1151\">Dieses Modell ist <strong data-start=\"955\" data-end=\"977\">neu und ungetragen<\/strong> und tr\u00e4gt den <strong data-start=\"992\" data-end=\"1027\">Herm\u00e8s-Datumsstempel \u201eW\u201c (2024)<\/strong>. Zum Lieferumfang geh\u00f6ren die <strong data-start=\"1058\" data-end=\"1089\">Originalrechnung von Herm\u00e8s<\/strong>, ein <strong data-start=\"1095\" data-end=\"1110\">Staubbeutel<\/strong> und die <strong data-start=\"1119\" data-end=\"1150\">ikonische orangefarbene Box<\/strong>.<\/p>\n","protected":false},"featured_media":18960,"template":"","meta":[],"product_brand":[2404],"product_cat":[351,344,346],"product_tag":[2362,2363],"class_list":{"0":"post-19030","1":"product","2":"type-product","3":"status-publish","4":"has-post-thumbnail","6":"product_brand-hermes-de","7":"product_cat-kleine-taschen","8":"product_cat-pochette-de","9":"product_cat-abendtasche","10":"product_tag-hermes-kelly-pochette-de","11":"product_tag-kelly-pochette-gold-de","12":"pa_brand-hermes-de","13":"pa_color-gold-de","14":"pa_grade-grad-1","15":"pa_hermes-models-kelly-de","16":"pa_material-leder","18":"first","19":"outofstock","20":"sold-individually","21":"product-type-simple"},"_links":{"self":[{"href":"https:\/\/handbag-sense.com\/de\/wp-json\/wp\/v2\/product\/19030","targetHints":{"allow":["GET"]}}],"collection":[{"href":"https:\/\/handbag-sense.com\/de\/wp-json\/wp\/v2\/product"}],"about":[{"href":"https:\/\/handbag-sense.com\/de\/wp-json\/wp\/v2\/types\/product"}],"wp:featuredmedia":[{"embeddable":true,"href":"https:\/\/handbag-sense.com\/de\/wp-json\/wp\/v2\/media\/18960"}],"wp:attachment":[{"href":"https:\/\/handbag-sense.com\/de\/wp-json\/wp\/v2\/media?parent=19030"}],"wp:term":[{"taxonomy":"product_brand","embeddable":true,"href":"https:\/\/handbag-sense.com\/de\/wp-json\/wp\/v2\/product_brand?post=19030"},{"taxonomy":"product_cat","embeddable":true,"href":"https:\/\/handbag-sense.com\/de\/wp-json\/wp\/v2\/product_cat?post=19030"},{"taxonomy":"product_tag","embeddable":true,"href":"https:\/\/handbag-sense.com\/de\/wp-json\/wp\/v2\/product_tag?post=19030"}],"curies":[{"name":"wp","href":"https:\/\/api.w.org\/{rel}","templated":true}]}}