{"id":19019,"date":"2025-04-09T12:53:31","date_gmt":"2025-04-09T10:53:31","guid":{"rendered":"https:\/\/handbag-sense.com\/?post_type=product&#038;p=19019"},"modified":"2025-05-15T15:45:24","modified_gmt":"2025-05-15T13:45:24","slug":"hermes-hac-birkin-50-braun-togo","status":"publish","type":"product","link":"https:\/\/handbag-sense.com\/de\/produkt\/hermes-hac-birkin-50-braun-togo\/","title":{"rendered":"HAC Birkin 50 Braun Togo"},"content":{"rendered":"<div class=\"c-columns-m-1 c-columns-2 c-columns-gap-s\">\n<div><strong>Material:<\/strong> Togo Leder<br \/>\n<strong>Farbe:<\/strong> Braun<br \/>\n<strong>Metallelemente:<\/strong> Palladium Beschl\u00e4ge<br \/>\n<strong>Innenmaterial:<\/strong> Leder<\/div>\n<div><strong>Grad: <\/strong> 4 <img decoding=\"async\" class=\"info_box alignnone size-medium wp-image-885\" title=\"Info\" role=\"img\" src=\"https:\/\/handbag-sense.com\/wp-content\/uploads\/2023\/05\/info_icon.svg\" alt=\"info box\" width=\"15\" height=\"15\" \/><br \/>\n<strong>Jahresstempel:<\/strong> 2004 \/ H<br \/>\n<strong>Gr\u00f6\u00dfe:<\/strong> 50 x 43 x 26 cm<br \/>\n<strong>Versand:<\/strong> Weltweit<\/div>\n<\/div>\n<p><strong>Enth\u00e4lt:<\/strong> Clochette, Schl\u00fcssel<\/p>\n","protected":false},"excerpt":{"rendered":"<p data-start=\"931\" data-end=\"1019\"><strong data-start=\"940\" data-end=\"1019\">Herm\u00e8s HAC Birkin 50 braun Togo-Leder mit Palladium-Hardware. <\/strong>Die <strong>Herm\u00e8s HAC Birkin 50<\/strong> ist ein ikonisches Statement-Piece f\u00fcr stilbewusste Reisende \u2013 gro\u00dfz\u00fcgig im Format und zeitlos im Design. Gefertigt aus robustem, genarbtem Togo-Leder in Braun und veredelt mit k\u00fchler Palladium-Hardware, \u00fcberzeugt diese Tasche durch klassische Eleganz und Funktionalit\u00e4t.<\/p>\n<p class=\"\" data-start=\"1327\" data-end=\"1538\">Diese Tasche befindet sich in sehr gutem Zustand, mit einigen sichtbaren Gebrauchsspuren an der Hardware. Bitte beachten Sie die Bilder f\u00fcr Details. Im Lieferumfang enthalten ist die originale Clochette. Mit ihrer imposanten Gr\u00f6\u00dfe eignet sich die <strong>HAC 50<\/strong> perfekt f\u00fcr Reisen, Wochenendtrips oder als besonderes Sammlerst\u00fcck.<\/p>\n","protected":false},"featured_media":18929,"template":"","meta":[],"product_brand":[2404],"product_cat":[347],"product_tag":[2043,1501],"class_list":{"0":"post-19019","1":"product","2":"type-product","3":"status-publish","4":"has-post-thumbnail","6":"product_brand-hermes-de","7":"product_cat-handtasche","8":"product_tag-birkin-35-togo-de","9":"product_tag-hermes-birkin-35-de","10":"pa_brand-hermes-de","11":"pa_color-braun","12":"pa_grade-grad-4","13":"pa_hermes-models-birkin-de","14":"pa_material-leder","16":"first","17":"outofstock","18":"shipping-taxable","19":"product-type-simple"},"_links":{"self":[{"href":"https:\/\/handbag-sense.com\/de\/wp-json\/wp\/v2\/product\/19019","targetHints":{"allow":["GET"]}}],"collection":[{"href":"https:\/\/handbag-sense.com\/de\/wp-json\/wp\/v2\/product"}],"about":[{"href":"https:\/\/handbag-sense.com\/de\/wp-json\/wp\/v2\/types\/product"}],"wp:featuredmedia":[{"embeddable":true,"href":"https:\/\/handbag-sense.com\/de\/wp-json\/wp\/v2\/media\/18929"}],"wp:attachment":[{"href":"https:\/\/handbag-sense.com\/de\/wp-json\/wp\/v2\/media?parent=19019"}],"wp:term":[{"taxonomy":"product_brand","embeddable":true,"href":"https:\/\/handbag-sense.com\/de\/wp-json\/wp\/v2\/product_brand?post=19019"},{"taxonomy":"product_cat","embeddable":true,"href":"https:\/\/handbag-sense.com\/de\/wp-json\/wp\/v2\/product_cat?post=19019"},{"taxonomy":"product_tag","embeddable":true,"href":"https:\/\/handbag-sense.com\/de\/wp-json\/wp\/v2\/product_tag?post=19019"}],"curies":[{"name":"wp","href":"https:\/\/api.w.org\/{rel}","templated":true}]}}