{"id":1884,"date":"2023-09-12T23:52:19","date_gmt":"2023-09-12T21:52:19","guid":{"rendered":"https:\/\/handbag-sense.com\/?post_type=product&#038;p=1884"},"modified":"2025-05-06T15:05:50","modified_gmt":"2025-05-06T13:05:50","slug":"fendi-dotcom-handtasche","status":"publish","type":"product","link":"https:\/\/handbag-sense.com\/de\/produkt\/fendi-dotcom-handtasche\/","title":{"rendered":"Dotcom Handtasche"},"content":{"rendered":"<div class=\"c-columns-m-1 c-columns-2 c-columns-gap-s\">\n<div><strong>Material:<\/strong> Kalbsleder<br \/>\n<strong>Farbe:<\/strong> Blau<br \/>\n<strong>Metallelemente:<\/strong> Silberne Hardware<\/div>\n<div><strong>Note:<\/strong> 3  <img decoding=\"async\" class=\"info_box alignnone size-medium wp-image-885\" title=\"Info\" role=\"img\" src=\"https:\/\/handbag-sense.com\/wp-content\/uploads\/2023\/05\/info_icon.svg\" alt=\"info box\" width=\"15\" height=\"15\"><br \/>\n<strong>Gr\u00f6\u00dfe:<\/strong> 30 x 24 x 14 cm<\/div>\n<\/div>\n","protected":false},"excerpt":{"rendered":"<p>Die klassische <strong>Fendi Dotcom<\/strong> Handtasche aus Kalbsleder. Das Innere der Tasche ist in zwei F\u00e4cher mit einer Trennwand in der Mitte unterteilt. Die Hardware ist silber. Au\u00dferdem enth\u00e4lt die Tasche einen langen, verstellbaren und abnehmbaren Schultergurt, kann aber aufgrund des Handgelenks auch in der Hand getragen werden. Alles in allem eine bequeme und kompakte Tasche, die das elegante und klassische Design von Fendi repr\u00e4sentiert. Die Tasche ist in einem sehr guten Zustand. Die Tasche wird mit einem originalen Fendi-Staubbeutel geliefert, z. B. Regenschutz.<\/p>\n","protected":false},"featured_media":1886,"template":"","meta":[],"product_brand":[2425],"product_cat":[347],"product_tag":[],"class_list":{"0":"post-1884","1":"product","2":"type-product","3":"status-publish","4":"has-post-thumbnail","6":"product_brand-fendi-de","7":"product_cat-handtasche","8":"pa_brand-fendi-de","9":"pa_color-blau","10":"pa_grade-grad-3","11":"pa_material-leder","12":"pa_material-wildleder","14":"first","15":"instock","16":"shipping-taxable","17":"purchasable","18":"product-type-simple"},"_links":{"self":[{"href":"https:\/\/handbag-sense.com\/de\/wp-json\/wp\/v2\/product\/1884","targetHints":{"allow":["GET"]}}],"collection":[{"href":"https:\/\/handbag-sense.com\/de\/wp-json\/wp\/v2\/product"}],"about":[{"href":"https:\/\/handbag-sense.com\/de\/wp-json\/wp\/v2\/types\/product"}],"wp:featuredmedia":[{"embeddable":true,"href":"https:\/\/handbag-sense.com\/de\/wp-json\/wp\/v2\/media\/1886"}],"wp:attachment":[{"href":"https:\/\/handbag-sense.com\/de\/wp-json\/wp\/v2\/media?parent=1884"}],"wp:term":[{"taxonomy":"product_brand","embeddable":true,"href":"https:\/\/handbag-sense.com\/de\/wp-json\/wp\/v2\/product_brand?post=1884"},{"taxonomy":"product_cat","embeddable":true,"href":"https:\/\/handbag-sense.com\/de\/wp-json\/wp\/v2\/product_cat?post=1884"},{"taxonomy":"product_tag","embeddable":true,"href":"https:\/\/handbag-sense.com\/de\/wp-json\/wp\/v2\/product_tag?post=1884"}],"curies":[{"name":"wp","href":"https:\/\/api.w.org\/{rel}","templated":true}]}}