{"id":1864,"date":"2023-09-12T23:13:41","date_gmt":"2023-09-12T21:13:41","guid":{"rendered":"https:\/\/handbag-sense.com\/?post_type=product&#038;p=1864"},"modified":"2025-05-06T13:03:55","modified_gmt":"2025-05-06T11:03:55","slug":"chanel-bi-color-gabrielle-hobo-grosse-handtasche","status":"publish","type":"product","link":"https:\/\/handbag-sense.com\/de\/produkt\/chanel-bi-color-gabrielle-hobo-grosse-handtasche\/","title":{"rendered":"Bi-Color Gabrielle Hobo Gro\u00dfe Handtasche"},"content":{"rendered":"<div class=\"c-columns-m-1 c-columns-2 c-columns-gap-s\">\n<div><strong>Material:<\/strong> Kalbsleder<br \/>\n<strong>Farbe:<\/strong> Schwarz-blau<br \/>\n<strong>Metallelemente:<\/strong> 3-T\u00f6ne Hardware<br \/>\n<strong>Innenmaterial:<\/strong> Textilinnenfutter<\/div>\n<div><strong>Grad:<\/strong> 4\u00a0<img decoding=\"async\" class=\"info_box alignnone size-medium wp-image-885\" title=\"Info\" role=\"img\" src=\"https:\/\/handbag-sense.com\/wp-content\/uploads\/2023\/05\/info_icon.svg\" alt=\"info box\" width=\"15\" height=\"15\" \/><br \/>\n<strong>Produktionsjahr \/ Seriennummer:<\/strong> 2017 \u2013 2018, beginnt mit 242\u2026<br \/>\n<strong>Gr\u00f6\u00dfe:<\/strong> 35 x 32 x 10 cm<\/p>\n<div><\/div>\n<div><strong>Condition:<\/strong> Used<\/div>\n<\/div>\n<\/div>\n<p><strong>Beinhaltet:<\/strong> Authentizit\u00e4t Karte, Staubbeutel<\/p>\n","protected":false},"excerpt":{"rendered":"<p>Diese Traumtasche geh\u00f6rt zu den Klassikern von\u00a0<strong>CHANEL<\/strong>\u00a0und ist daher ein zeitloser, immer begehrter Alltagsbegleiter.\u00a0<strong>Chanel Gabrielle gro\u00dfe Shopping Tote Bag<\/strong>\u00a0ist aus Kalbsleder im Used-Look in 2 Farben blau und schwarz, verf\u00fcgt \u00fcber 2 Henkel und Schulterriemen mit Kettengliedern in 3 Farbent\u00f6nen, so dass die Tasche lang oder kurz \u00fcber der Schulter getragen werden kann. Das Innenfutter ist aus rotem Stoff. Durch die Kombination aus verstellbarem Schulterriemen und geflochtener Hardware gibt es drei verschiedene Varianten, die Tasche zu tragen: Quer als Crossbody-Bag, \u00fcber die Schulter oder als Kombination aus beidem. Wer es gerne mag, die Tasche in der Hand zu tragen, hat auch bei dieser Tasche diese M\u00f6glichkeit. Dies ist eine wunderbare Tragetasche, die sich ideal f\u00fcr einen Tag eignet! Die Tasche wird mit der Authentizit\u00e4t Karte im Chanel Staubbeutel geliefert.<\/p>\n","protected":false},"featured_media":1874,"template":"","meta":[],"product_brand":[2417],"product_cat":[347],"product_tag":[],"class_list":{"0":"post-1864","1":"product","2":"type-product","3":"status-publish","4":"has-post-thumbnail","6":"product_brand-chanel-de","7":"product_cat-handtasche","8":"pa_brand-chanel-de","9":"pa_chanel-models-gabrielle-de","10":"pa_color-schwarz","11":"pa_color-blau","12":"pa_grade-grad-4","13":"pa_material-leder","15":"first","16":"instock","17":"taxable","18":"shipping-taxable","19":"purchasable","20":"product-type-simple"},"_links":{"self":[{"href":"https:\/\/handbag-sense.com\/de\/wp-json\/wp\/v2\/product\/1864","targetHints":{"allow":["GET"]}}],"collection":[{"href":"https:\/\/handbag-sense.com\/de\/wp-json\/wp\/v2\/product"}],"about":[{"href":"https:\/\/handbag-sense.com\/de\/wp-json\/wp\/v2\/types\/product"}],"wp:featuredmedia":[{"embeddable":true,"href":"https:\/\/handbag-sense.com\/de\/wp-json\/wp\/v2\/media\/1874"}],"wp:attachment":[{"href":"https:\/\/handbag-sense.com\/de\/wp-json\/wp\/v2\/media?parent=1864"}],"wp:term":[{"taxonomy":"product_brand","embeddable":true,"href":"https:\/\/handbag-sense.com\/de\/wp-json\/wp\/v2\/product_brand?post=1864"},{"taxonomy":"product_cat","embeddable":true,"href":"https:\/\/handbag-sense.com\/de\/wp-json\/wp\/v2\/product_cat?post=1864"},{"taxonomy":"product_tag","embeddable":true,"href":"https:\/\/handbag-sense.com\/de\/wp-json\/wp\/v2\/product_tag?post=1864"}],"curies":[{"name":"wp","href":"https:\/\/api.w.org\/{rel}","templated":true}]}}