{"id":18630,"date":"2025-03-26T10:38:26","date_gmt":"2025-03-26T09:38:26","guid":{"rendered":"https:\/\/handbag-sense.com\/?post_type=product&#038;p=18630"},"modified":"2025-05-19T17:37:02","modified_gmt":"2025-05-19T15:37:02","slug":"birkin-30-togo-schwarz-copy","status":"publish","type":"product","link":"https:\/\/handbag-sense.com\/de\/produkt\/birkin-30-togo-schwarz-copy\/","title":{"rendered":"Herm\u00e8s Bolide 25 Mente"},"content":{"rendered":"<div class=\"c-columns-m-1 c-columns-2 c-columns-gap-s\">\n<div><strong>Material:<\/strong> Leder<br \/>\n<strong>Farbe:<\/strong> mente<br \/>\n<strong>Metallelemente:<\/strong> Gold Hardware<br \/>\n<strong>Innenmaterial:<\/strong> Leder<\/div>\n<div>\n<p><strong>Grad: <\/strong> 1 <img decoding=\"async\" class=\"info_box alignnone size-medium wp-image-885\" title=\"Info\" role=\"img\" src=\"https:\/\/handbag-sense.com\/wp-content\/uploads\/2023\/05\/info_icon.svg\" alt=\"info box\" width=\"15\" height=\"15\" \/><\/p>\n<p><strong>Versand:<\/strong> Weltweit<\/p>\n<\/div>\n<\/div>\n<p><strong>Enth\u00e4lt:<\/strong> Originalquittung, Staubbeutel, Clochette, Schloss, Schl\u00fcssel, Filz, Heft, Box<\/p>\n","protected":false},"excerpt":{"rendered":"<p>Erleben Sie die zeitlose Eleganz der <strong data-start=\"40\" data-end=\"65\">Herm\u00e8s Bolide 25 Ment<\/strong>, ein Meisterwerk aus Luxus und Handwerkskunst. Diese ikonische Handtasche ist aus feinstem Leder mit der f\u00fcr Herm\u00e8s typischen Liebe zum Detail gefertigt und verf\u00fcgt \u00fcber eine schlanke, strukturierte Silhouette und einen praktischen Rei\u00dfverschluss f\u00fcr m\u00fchelose Raffinesse. Es ist in einem <strong data-start=\"328\" data-end=\"336\"> atemberaubenden Ment-Farbton gehalten und verleiht jedem Ensemble eine frische, raffinierte Note. Mit seiner perfekten Balance aus Stil und Funktionalit\u00e4t ist der <strong data-start=\"447\" data-end=\"460\">Bolide 25<\/strong> ein Must-Have f\u00fcr alle, die klassischen und dennoch modernen Luxus zu sch\u00e4tzen wissen.<\/strong><\/p>\n","protected":false},"featured_media":18626,"template":"","meta":[],"product_brand":[2404],"product_cat":[347],"product_tag":[2283,1412,2284],"class_list":{"0":"post-18630","1":"product","2":"type-product","3":"status-publish","4":"has-post-thumbnail","6":"product_brand-hermes-de","7":"product_cat-handtasche","8":"product_tag-birkin-30-schwarz","9":"product_tag-hermes-birkin-30-de","10":"product_tag-hermes-birkin-schwarz","11":"pa_brand-hermes-de","12":"pa_color-schwarz","13":"pa_grade-grad-1","14":"pa_hermes-models-bolide-de","15":"pa_material-leder","17":"first","18":"outofstock","19":"sold-individually","20":"shipping-taxable","21":"product-type-simple"},"_links":{"self":[{"href":"https:\/\/handbag-sense.com\/de\/wp-json\/wp\/v2\/product\/18630","targetHints":{"allow":["GET"]}}],"collection":[{"href":"https:\/\/handbag-sense.com\/de\/wp-json\/wp\/v2\/product"}],"about":[{"href":"https:\/\/handbag-sense.com\/de\/wp-json\/wp\/v2\/types\/product"}],"wp:featuredmedia":[{"embeddable":true,"href":"https:\/\/handbag-sense.com\/de\/wp-json\/wp\/v2\/media\/18626"}],"wp:attachment":[{"href":"https:\/\/handbag-sense.com\/de\/wp-json\/wp\/v2\/media?parent=18630"}],"wp:term":[{"taxonomy":"product_brand","embeddable":true,"href":"https:\/\/handbag-sense.com\/de\/wp-json\/wp\/v2\/product_brand?post=18630"},{"taxonomy":"product_cat","embeddable":true,"href":"https:\/\/handbag-sense.com\/de\/wp-json\/wp\/v2\/product_cat?post=18630"},{"taxonomy":"product_tag","embeddable":true,"href":"https:\/\/handbag-sense.com\/de\/wp-json\/wp\/v2\/product_tag?post=18630"}],"curies":[{"name":"wp","href":"https:\/\/api.w.org\/{rel}","templated":true}]}}