{"id":18564,"date":"2025-03-25T17:11:26","date_gmt":"2025-03-25T16:11:26","guid":{"rendered":"https:\/\/handbag-sense.com\/?post_type=product&#038;p=18564"},"modified":"2025-06-09T21:53:54","modified_gmt":"2025-06-09T19:53:54","slug":"saint-laurent-becky-handbag","status":"publish","type":"product","link":"https:\/\/handbag-sense.com\/de\/produkt\/saint-laurent-becky-handbag\/","title":{"rendered":"YSL Saint Laurent Becky"},"content":{"rendered":"<div class=\"c-columns-m-1 c-columns-2 c-columns-gap-s\">\n<div><strong>Material:<\/strong> Leder<br \/>\n<strong>Farbe:<\/strong> Schwarz<br \/>\n<strong>Metallelemente:<\/strong> Gold Hardware<br \/>\n<strong>Innenmaterial:<\/strong> Leder<\/div>\n<div>\n<p><strong>Klasse: <\/strong> 1 <img decoding=\"async\" class=\"info_box alignnone size-medium wp-image-885\" title=\"Info\" role=\"img\" src=\"https:\/\/handbag-sense.com\/wp-content\/uploads\/2023\/05\/info_icon.svg\" alt=\"info box\" width=\"15\" height=\"15\" \/><\/p>\n<p><strong>Versand:<\/strong> Weltweit<\/p>\n<\/div>\n<\/div>\n<p><strong>Enth\u00e4lt:<\/strong> Originalquittung, Staubbeutel, Clochette, Schloss, Schl\u00fcssel, Filz, Heft, Box<\/p>\n","protected":false},"excerpt":{"rendered":"<p>Werten Sie Ihren Stil mit der <strong data-start=\"28\" data-end=\"59\">Saint Laurent Becky Handtasche<\/strong> auf, einem Symbol f\u00fcr Raffinesse und moderne Eleganz. Diese ikonische <strong data-start=\"161\" data-end=\"172\">YSL-Tasche<\/strong> aus luxuri\u00f6sem, gestepptem Leder verf\u00fcgt \u00fcber die charakteristischen Rautenn\u00e4hte und das sofort erkennbare <strong data-start=\"245\" data-end=\"263\">Cassandre-Logo<\/strong>, das zeitlosen Charme ausstrahlt. Er hat eine schlanke und dennoch praktische Silhouette und bietet einen ger\u00e4umigen Innenraum und einen schicken Kettenriemen f\u00fcr vielseitiges Tragen. Ob f\u00fcr Eleganz am Tag oder Glamour am Abend, die <strong data-start=\"463\" data-end=\"480\">Becky Handtasche<\/strong> ist die perfekte Mischung aus Luxus und Funktionalit\u00e4t und damit ein unverzichtbares St\u00fcck f\u00fcr jeden Modekenner.<\/p>\n","protected":false},"featured_media":18567,"template":"","meta":[],"product_brand":[2444],"product_cat":[347],"product_tag":[2283,1412,2284],"class_list":{"0":"post-18564","1":"product","2":"type-product","3":"status-publish","4":"has-post-thumbnail","6":"product_brand-yves-saint-laurent-de","7":"product_cat-handtasche","8":"product_tag-birkin-30-schwarz","9":"product_tag-hermes-birkin-30-de","10":"product_tag-hermes-birkin-schwarz","11":"pa_brand-yves-saint-laurent-de","12":"pa_color-schwarz","13":"pa_grade-grad-1","14":"pa_material-leder","16":"first","17":"outofstock","18":"sold-individually","19":"shipping-taxable","20":"product-type-simple"},"_links":{"self":[{"href":"https:\/\/handbag-sense.com\/de\/wp-json\/wp\/v2\/product\/18564","targetHints":{"allow":["GET"]}}],"collection":[{"href":"https:\/\/handbag-sense.com\/de\/wp-json\/wp\/v2\/product"}],"about":[{"href":"https:\/\/handbag-sense.com\/de\/wp-json\/wp\/v2\/types\/product"}],"wp:featuredmedia":[{"embeddable":true,"href":"https:\/\/handbag-sense.com\/de\/wp-json\/wp\/v2\/media\/18567"}],"wp:attachment":[{"href":"https:\/\/handbag-sense.com\/de\/wp-json\/wp\/v2\/media?parent=18564"}],"wp:term":[{"taxonomy":"product_brand","embeddable":true,"href":"https:\/\/handbag-sense.com\/de\/wp-json\/wp\/v2\/product_brand?post=18564"},{"taxonomy":"product_cat","embeddable":true,"href":"https:\/\/handbag-sense.com\/de\/wp-json\/wp\/v2\/product_cat?post=18564"},{"taxonomy":"product_tag","embeddable":true,"href":"https:\/\/handbag-sense.com\/de\/wp-json\/wp\/v2\/product_tag?post=18564"}],"curies":[{"name":"wp","href":"https:\/\/api.w.org\/{rel}","templated":true}]}}