{"id":18561,"date":"2025-03-25T16:44:03","date_gmt":"2025-03-25T15:44:03","guid":{"rendered":"https:\/\/handbag-sense.com\/?post_type=product&#038;p=18561"},"modified":"2025-05-06T15:08:49","modified_gmt":"2025-05-06T13:08:49","slug":"tiffany-ring","status":"publish","type":"product","link":"https:\/\/handbag-sense.com\/de\/produkt\/tiffany-ring\/","title":{"rendered":"Tiffany Ring"},"content":{"rendered":"<div class=\"c-columns-m-1 c-columns-2 c-columns-gap-s\">\n<div><strong>Farbe:<\/strong> wei\u00df<br \/>\n<strong>Metallelemente:<\/strong> Diamons<\/div>\n<div><strong>Klasse:<\/strong> 2 <img decoding=\"async\" class=\"info_box alignnone size-medium wp-image-885\" title=\"Info\" role=\"img\" src=\"https:\/\/handbag-sense.com\/wp-content\/uploads\/2023\/05\/info_icon.svg\" alt=\"info box\" width=\"15\" height=\"15\" \/><br \/>\n<strong>Gr\u00f6\u00dfe:<\/strong> 48<\/div>\n<\/div>\n<p><strong>Enth\u00e4lt:<\/strong> Staubbeutel, Karton, Originalbeleg, Zertifikat<\/p>\n","protected":false},"excerpt":{"rendered":"<p>Erleben Sie die zeitlose Eleganz des <strong data-start=\"40\" data-end=\"62\">Tiffany &amp; Co. Ring <\/strong>, ein Meisterwerk au\u00dfergew\u00f6hnlicher Handwerkskunst und ikonischem Design. Dieser exquisite Ring ist aus den besten Materialien gefertigt und verk\u00f6rpert Raffinesse und Luxus und ist damit ein perfektes Symbol f\u00fcr Liebe, Hingabe oder raffinierten Stil. Ob mit einem funkelnden Diamanten verziert oder mit der charakteristischen \u00c4sthetik von Tiffany, dieses St\u00fcck ist ein Beweis f\u00fcr das Verm\u00e4chtnis der Exzellenz der Marke. Eine wahre Investition in Sch\u00f6nheit und Eleganz, die <strong data-start=\"477\" data-end=\"499\">Tiffany &amp; Co. Ring <\/strong> ist ein Muss f\u00fcr jede Schmucksammlung.<\/p>\n","protected":false},"featured_media":16922,"template":"","meta":[],"product_brand":[2438],"product_cat":[342,1588],"product_tag":[2209],"class_list":{"0":"post-18561","1":"product","2":"type-product","3":"status-publish","4":"has-post-thumbnail","6":"product_brand-tiffany-de","7":"product_cat-accessoire-de","8":"product_cat-schmuck","9":"product_tag-bulgari-serpenti-viper-ring-de","10":"pa_brand-tiffany-de","11":"pa_color-weiss","12":"pa_grade-grad-2","14":"first","15":"outofstock","16":"shipping-taxable","17":"product-type-simple"},"_links":{"self":[{"href":"https:\/\/handbag-sense.com\/de\/wp-json\/wp\/v2\/product\/18561","targetHints":{"allow":["GET"]}}],"collection":[{"href":"https:\/\/handbag-sense.com\/de\/wp-json\/wp\/v2\/product"}],"about":[{"href":"https:\/\/handbag-sense.com\/de\/wp-json\/wp\/v2\/types\/product"}],"wp:featuredmedia":[{"embeddable":true,"href":"https:\/\/handbag-sense.com\/de\/wp-json\/wp\/v2\/media\/16922"}],"wp:attachment":[{"href":"https:\/\/handbag-sense.com\/de\/wp-json\/wp\/v2\/media?parent=18561"}],"wp:term":[{"taxonomy":"product_brand","embeddable":true,"href":"https:\/\/handbag-sense.com\/de\/wp-json\/wp\/v2\/product_brand?post=18561"},{"taxonomy":"product_cat","embeddable":true,"href":"https:\/\/handbag-sense.com\/de\/wp-json\/wp\/v2\/product_cat?post=18561"},{"taxonomy":"product_tag","embeddable":true,"href":"https:\/\/handbag-sense.com\/de\/wp-json\/wp\/v2\/product_tag?post=18561"}],"curies":[{"name":"wp","href":"https:\/\/api.w.org\/{rel}","templated":true}]}}