{"id":18528,"date":"2025-03-25T15:41:35","date_gmt":"2025-03-25T14:41:35","guid":{"rendered":"https:\/\/handbag-sense.com\/?post_type=product&#038;p=18528"},"modified":"2025-05-06T15:08:39","modified_gmt":"2025-05-06T13:08:39","slug":"harry-winston-platinum-diamond-band-ring","status":"publish","type":"product","link":"https:\/\/handbag-sense.com\/de\/produkt\/harry-winston-platinum-diamond-band-ring\/","title":{"rendered":"Harry Winston Platinum Diamond Band Ring"},"content":{"rendered":"<div class=\"c-columns-m-1 c-columns-2 c-columns-gap-s\">\n<div><strong>Farbe:<\/strong> wei\u00df<br \/>\n<strong>Metallelemente:<\/strong> Diamons<\/div>\n<div><strong>Klasse:<\/strong> 2 <img decoding=\"async\" class=\"info_box alignnone size-medium wp-image-885\" title=\"Info\" role=\"img\" src=\"https:\/\/handbag-sense.com\/wp-content\/uploads\/2023\/05\/info_icon.svg\" alt=\"info box\" width=\"15\" height=\"15\" \/><br \/>\n<strong>Gr\u00f6\u00dfe:<\/strong> 48<\/div>\n<\/div>\n<p><strong>Enth\u00e4lt:<\/strong> Staubbeutel, Karton, Originalbeleg, Zertifikat<\/p>\n","protected":false},"excerpt":{"rendered":"<p>Erleben Sie zeitlose Eleganz mit diesem exquisiten <strong data-start=\"49\" data-end=\"93\">Harry Winston Platinum Diamond Band Ring<\/strong>, einer perfekten Verschmelzung von meisterhafter Handwerkskunst und luxuri\u00f6sem Design. Dieser Ring aus <strong data-start=\"174\" data-end=\"190\">Platin 950<\/strong> ist mit einem Diamanten im Brillantschliff verziert und besticht durch eine klassische \u00c4sthetik und au\u00dfergew\u00f6hnliche Qualit\u00e4t. Pr\u00e4sentiert in <strong data-start=\"313\" data-end=\"323\">Gr\u00f6\u00dfe 48<\/strong> und <strong data-start=\"331\" data-end=\"363\">im neuwertigen Zustand <\/strong>, weist sie nur minimale Gebrauchsspuren auf. Der Ring wird in der <strong data-start=\"427\" data-end=\"449\">Originalverpackung<\/strong> geliefert, so dass Sie ein prestigetr\u00e4chtiges St\u00fcck in makellosem Zustand erhalten. Bitte sehen Sie sich die Bilder f\u00fcr eine Detailansicht und weitere Informationen zum mitgelieferten Zubeh\u00f6r an. Sichern Sie sich noch heute dieses luxuri\u00f6se Meisterwerk von Harry Winston.<\/p>\n","protected":false},"featured_media":16798,"template":"","meta":[],"product_brand":[2431],"product_cat":[342,1588],"product_tag":[2209],"class_list":{"0":"post-18528","1":"product","2":"type-product","3":"status-publish","4":"has-post-thumbnail","6":"product_brand-harry-winston-de","7":"product_cat-accessoire-de","8":"product_cat-schmuck","9":"product_tag-bulgari-serpenti-viper-ring-de","10":"pa_brand-harry-winston-de","11":"pa_color-weiss","12":"pa_grade-grad-2","14":"first","15":"outofstock","16":"shipping-taxable","17":"product-type-simple"},"_links":{"self":[{"href":"https:\/\/handbag-sense.com\/de\/wp-json\/wp\/v2\/product\/18528","targetHints":{"allow":["GET"]}}],"collection":[{"href":"https:\/\/handbag-sense.com\/de\/wp-json\/wp\/v2\/product"}],"about":[{"href":"https:\/\/handbag-sense.com\/de\/wp-json\/wp\/v2\/types\/product"}],"wp:featuredmedia":[{"embeddable":true,"href":"https:\/\/handbag-sense.com\/de\/wp-json\/wp\/v2\/media\/16798"}],"wp:attachment":[{"href":"https:\/\/handbag-sense.com\/de\/wp-json\/wp\/v2\/media?parent=18528"}],"wp:term":[{"taxonomy":"product_brand","embeddable":true,"href":"https:\/\/handbag-sense.com\/de\/wp-json\/wp\/v2\/product_brand?post=18528"},{"taxonomy":"product_cat","embeddable":true,"href":"https:\/\/handbag-sense.com\/de\/wp-json\/wp\/v2\/product_cat?post=18528"},{"taxonomy":"product_tag","embeddable":true,"href":"https:\/\/handbag-sense.com\/de\/wp-json\/wp\/v2\/product_tag?post=18528"}],"curies":[{"name":"wp","href":"https:\/\/api.w.org\/{rel}","templated":true}]}}