{"id":1824,"date":"2023-09-09T14:46:38","date_gmt":"2023-09-09T12:46:38","guid":{"rendered":"https:\/\/handbag-sense.com\/?post_type=product&#038;p=1824"},"modified":"2025-05-06T15:06:07","modified_gmt":"2025-05-06T13:06:07","slug":"chloe-drew-crossbody-tasche-cement-pink","status":"publish","type":"product","link":"https:\/\/handbag-sense.com\/de\/produkt\/chloe-drew-crossbody-tasche-cement-pink\/","title":{"rendered":"Drew Umh\u00e4ngetasche Zement Rosa"},"content":{"rendered":"<div class=\"c-columns-m-1 c-columns-2 c-columns-gap-s\">\n<div><strong>Material:<\/strong> Kalbsleder<br \/>\n<strong>Farbe:<\/strong> Zement Rosa<br \/>\n<strong>Metallelemente:<\/strong> Gold Hardware<\/div>\n<div><strong>Note: <\/strong> 4  <img decoding=\"async\" class=\"info_box alignnone size-medium wp-image-885\" title=\"Info\" role=\"img\" src=\"https:\/\/handbag-sense.com\/wp-content\/uploads\/2023\/05\/info_icon.svg\" alt=\"info box\" width=\"15\" height=\"15\"><br \/>\n<strong>Innenmaterial:<\/strong> Wildleder-Futter<br \/>\n<strong>Gr\u00f6\u00dfe:<\/strong> 23,5 x 21 x 8 cm<\/div>\n<\/div>\n","protected":false},"excerpt":{"rendered":"<p>Diese schlichte rosa Chlo\u00e9 Drew Handtasche ist aus \"Cement Pink\" Kalbsleder mit goldfarbenen Beschl\u00e4gen gefertigt. Diese Chloe Handtasche hat ein vollst\u00e4ndig gef\u00fcttertes Inneres, ein Hauptfach mit Twist-Lock-Klappenverschluss, ein Innenfach und einen goldfarbenen Schultergurt. Die Tasche wird mit der Echtheitskarte und dem Original-Staubbeutel geliefert.<\/p>\n","protected":false},"featured_media":1838,"template":"","meta":[],"product_brand":[2419],"product_cat":[347],"product_tag":[],"class_list":{"0":"post-1824","1":"product","2":"type-product","3":"status-publish","4":"has-post-thumbnail","6":"product_brand-chloe-de","7":"product_cat-handtasche","8":"pa_brand-chloe-de","9":"pa_color-beige-de","10":"pa_color-creme","11":"pa_color-nude-de","12":"pa_color-pink-de","13":"pa_grade-grad-4","14":"pa_material-leder","16":"first","17":"outofstock","18":"shipping-taxable","19":"product-type-simple"},"_links":{"self":[{"href":"https:\/\/handbag-sense.com\/de\/wp-json\/wp\/v2\/product\/1824","targetHints":{"allow":["GET"]}}],"collection":[{"href":"https:\/\/handbag-sense.com\/de\/wp-json\/wp\/v2\/product"}],"about":[{"href":"https:\/\/handbag-sense.com\/de\/wp-json\/wp\/v2\/types\/product"}],"wp:featuredmedia":[{"embeddable":true,"href":"https:\/\/handbag-sense.com\/de\/wp-json\/wp\/v2\/media\/1838"}],"wp:attachment":[{"href":"https:\/\/handbag-sense.com\/de\/wp-json\/wp\/v2\/media?parent=1824"}],"wp:term":[{"taxonomy":"product_brand","embeddable":true,"href":"https:\/\/handbag-sense.com\/de\/wp-json\/wp\/v2\/product_brand?post=1824"},{"taxonomy":"product_cat","embeddable":true,"href":"https:\/\/handbag-sense.com\/de\/wp-json\/wp\/v2\/product_cat?post=1824"},{"taxonomy":"product_tag","embeddable":true,"href":"https:\/\/handbag-sense.com\/de\/wp-json\/wp\/v2\/product_tag?post=1824"}],"curies":[{"name":"wp","href":"https:\/\/api.w.org\/{rel}","templated":true}]}}