{"id":1811,"date":"2023-05-15T09:14:34","date_gmt":"2023-05-15T07:14:34","guid":{"rendered":"https:\/\/handbag-sense.com\/product\/hermes-kelly-sellier-32-toile-de-camp-cavalcadour-palladium-hw\/"},"modified":"2025-05-22T08:00:25","modified_gmt":"2025-05-22T06:00:25","slug":"hermes-kelly-sellier-32-toile-de-camp-cavalcadour","status":"publish","type":"product","link":"https:\/\/handbag-sense.com\/de\/produkt\/hermes-kelly-sellier-32-toile-de-camp-cavalcadour\/","title":{"rendered":"Kelly Sellier 32 Toile de Camp Cavalcadour"},"content":{"rendered":"<div class=\"c-columns-m-1 c-columns-2 c-columns-gap-s\">\n<div><strong>Material:<\/strong> Toile de Camp \/ Swift Leder<br \/>\n<strong>Farbe:<\/strong> Cavalcadour \/ schwarz<br \/>\n<strong>Metallelemente:<\/strong> Palladium Hardware<br \/>\n<strong>Inner material:<\/strong> Leder<\/div>\n<div><strong>Grad: <\/strong> 1 <img decoding=\"async\" class=\"info_box alignnone size-medium wp-image-885\" title=\"Info\" role=\"img\" src=\"https:\/\/handbag-sense.com\/wp-content\/uploads\/2023\/05\/info_icon.svg\" alt=\"info box\" width=\"15\" height=\"15\" \/><br \/>\n<strong>Jahresstempel:<\/strong> 2017 \/ A<br \/>\n<strong>Gr\u00f6\u00dfe:<\/strong> 32 x 23 x 10,5 cm<br \/>\n<strong>Versand:<\/strong> Weltweit<\/div>\n<\/div>\n<p><strong>Enth\u00e4lt:<\/strong> Originalrechnung, Staubbeutel, Schulterriemen, Clochette, Schloss, Schl\u00fcssel, Filz, Regenschutz, Booklet, Box<\/p>\n","protected":false},"excerpt":{"rendered":"<p>Die <strong>Herm\u00e8s Kelly Sellier 32 Toile de Camp Cavalcadour<\/strong> zeigt das historische Cavalcadour-Muster auf Leinwand mit luxuri\u00f6sem Swift-Leder und eleganter Palladium-Hardware. Dieses ungetragene Sammlerst\u00fcck zeichnet sich durch die Sellier-Konstruktion im vielseitigen 32cm-Format aus. Mit aktuellen Produktionsmerkmalen repr\u00e4sentiert diese Herm\u00e8s Kelly Cavalcadour eine exklusive Edition, nur f\u00fcr VIP-Kunden angeboten. Komplett mit Originalzubeh\u00f6r enth\u00e4lt diese makellose Tasche alle Authentifizierungsunterlagen einschlie\u00dflich der originalen Herm\u00e8s-Quittung.<\/p>\n<p>Jenseits ihrer Seltenheit steht diese <strong>Herm\u00e8s Kelly Sellier 32<\/strong> als Meisterwerk der Handwerkskunst, die historische Elemente mit Luxus verbindet. Das Cavalcadour-Muster aus dem reichen Archiv zeigt ein elegantes Reitmotiv, das das Erbe zelebriert und diese limitierte Tasche f\u00fcr Sammler bedeutsam macht. Das Innere mit Ch\u00e8vre-Ziegenleder bietet zwei Einschubtaschen und ein Rei\u00dfverschlussfach, w\u00e4hrend eine Au\u00dfentasche die Funktionalit\u00e4t erh\u00f6ht \u2013 ein Merkmal, das bei Standard-Kelly-Taschen fehlt.<\/p>\n<p>Die Kombination aus <strong>Herm\u00e8s-Leinwand und Leder<\/strong> schafft ein anspruchsvolles Zusammenspiel von Texturen und bietet gleichzeitig praktische Haltbarkeit. Das komplette Set umfasst den Schultergurt, Clochette, Schloss, Schl\u00fcssel, Regenschutz, Filzschoner, Handbuch und die charakteristische orangefarbene Box \u2013 alles wesentliche Elemente f\u00fcr anspruchsvolle Sammler. Die Palladium-Hardware bildet einen zeitgem\u00e4\u00dfen Kontrast zum traditionellen Muster und vervollst\u00e4ndigt dieses au\u00dfergew\u00f6hnliche St\u00fcck, das nahtlos das reiterliche Erbe von Herm\u00e8s mit modernem Luxus verbindet \u2013 eine wahre Investment-Qualit\u00e4t f\u00fcr den ernsthaften Sammler.<\/p>\n","protected":false},"featured_media":883,"template":"","meta":[],"product_brand":[2404],"product_cat":[347],"product_tag":[],"class_list":{"0":"post-1811","1":"product","2":"type-product","3":"status-publish","4":"has-post-thumbnail","6":"product_brand-hermes-de","7":"product_cat-handtasche","8":"pa_brand-hermes-de","9":"pa_color-mehrfarbig","10":"pa_grade-grad-1","11":"pa_hermes-models-kelly-de","12":"pa_material-leder","13":"pa_material-stoff","15":"first","16":"instock","17":"shipping-taxable","18":"purchasable","19":"product-type-simple"},"_links":{"self":[{"href":"https:\/\/handbag-sense.com\/de\/wp-json\/wp\/v2\/product\/1811","targetHints":{"allow":["GET"]}}],"collection":[{"href":"https:\/\/handbag-sense.com\/de\/wp-json\/wp\/v2\/product"}],"about":[{"href":"https:\/\/handbag-sense.com\/de\/wp-json\/wp\/v2\/types\/product"}],"wp:featuredmedia":[{"embeddable":true,"href":"https:\/\/handbag-sense.com\/de\/wp-json\/wp\/v2\/media\/883"}],"wp:attachment":[{"href":"https:\/\/handbag-sense.com\/de\/wp-json\/wp\/v2\/media?parent=1811"}],"wp:term":[{"taxonomy":"product_brand","embeddable":true,"href":"https:\/\/handbag-sense.com\/de\/wp-json\/wp\/v2\/product_brand?post=1811"},{"taxonomy":"product_cat","embeddable":true,"href":"https:\/\/handbag-sense.com\/de\/wp-json\/wp\/v2\/product_cat?post=1811"},{"taxonomy":"product_tag","embeddable":true,"href":"https:\/\/handbag-sense.com\/de\/wp-json\/wp\/v2\/product_tag?post=1811"}],"curies":[{"name":"wp","href":"https:\/\/api.w.org\/{rel}","templated":true}]}}