{"id":18052,"date":"2025-03-14T16:25:53","date_gmt":"2025-03-14T15:25:53","guid":{"rendered":"https:\/\/handbag-sense.com\/?post_type=product&#038;p=18052"},"modified":"2025-11-09T09:44:19","modified_gmt":"2025-11-09T08:44:19","slug":"hermes-kelly-25-epsom-schwarz-sellier","status":"publish","type":"product","link":"https:\/\/handbag-sense.com\/de\/produkt\/hermes-kelly-25-epsom-schwarz-sellier\/","title":{"rendered":"Kelly 25 Epsom Schwarz Sellier"},"content":{"rendered":"<div class=\"c-columns-m-1 c-columns-2 c-columns-gap-s\">\n<div><strong>Material:<\/strong> Epsom-Leder<br \/>\n<strong>Farbe:<\/strong> Schwarz<br \/>\n<strong>Metallelemente:<\/strong> Gold Hardware<br \/>\n<strong>Innenmaterial:<\/strong> Leder<\/div>\n<div><strong>Grad:<\/strong> 1 <img decoding=\"async\" class=\"info_box alignnone size-medium wp-image-885\" title=\"Info\" role=\"img\" src=\"https:\/\/handbag-sense.com\/wp-content\/uploads\/2023\/05\/info_icon.svg\" alt=\"info box\" width=\"15\" height=\"15\" \/><br \/>\n<strong>Jahresstempel:<\/strong> 2025 \/ K<br \/>\n<strong>Gr\u00f6\u00dfe:<\/strong> 25 x 19 x 9 cm<br \/>\n<strong>Versand:<\/strong> Weltweit<\/div>\n<\/div>\n<p><strong>Beinhaltet:<\/strong> Originalrechnung, Staubbeutel, Gurt, Clochette, Schloss, Schl\u00fcssel, Filz, Booklet, Box<\/p>\n","protected":false},"excerpt":{"rendered":"<p><strong>Herm\u00e8s Kelly 25 Epsom Schwarz Sellier mit goldenen Hardware - neu<\/strong>.<\/p>\n<p data-start=\"1695\" data-end=\"2167\">Diese <strong data-start=\"1701\" data-end=\"1728\">Herm\u00e8s Kelly 25 Sellier<\/strong> ist meisterhaft aus strukturiertem Epsom-Leder in klassischem Schwarz handgefertigt und mit goldfarbener Hardware versehen. Sie befindet sich im brandneuen, ungetragenen Zustand. Zum Lieferumfang geh\u00f6ren ein Schloss mit zwei Schl\u00fcsseln, Clochette, Schulterriemen, Staubbeutel, die ikonische Herm\u00e8s-Box sowie die Originalrechnung aus 2025.<\/p>\n<p data-start=\"2169\" data-end=\"2610\">Die <strong>Kelly 25 Schwarz<\/strong> ist ein Symbol vollendeter Eleganz \u2013 ihre klare Sellier-Silhouette und das feink\u00f6rnige Epsom-Leder verleihen ihr Struktur und zeitlose Raffinesse. Die Kombination aus tiefschwarzem Leder und goldener Hardware sorgt f\u00fcr einen eleganten Kontrast, der sowohl zu Jeans und Blazer als auch zu Abendkleid und High Heels perfekt passt. Dank des abnehmbaren Schulterriemens kann sie auch stilvoll crossbody getragen werden.<\/p>\n<p data-start=\"2612\" data-end=\"3020\">Als eine der begehrtesten Luxustaschen der Welt steht die <strong data-start=\"2670\" data-end=\"2703\">Herm\u00e8s Kelly 25 Black Sellier<\/strong> seit Jahrzehnten f\u00fcr Klasse, Stil und Prestige. Ihre pr\u00e4zise Verarbeitung, makellose Form und der ungetragene Zustand machen sie zu einem wahren Sammlerst\u00fcck und einer hervorragenden Investition. Diese Kelly 25 verk\u00f6rpert die zeitlose \u00c4sthetik von Herm\u00e8s \u2013 ein Meisterwerk franz\u00f6sischer Eleganz und Handwerkskunst.<\/p>\n<p><a>Diese <strong>Kelly 25 Sellier<\/strong> in der Farbe schwarz ist ein absoluter Hingucker und passt sowohl zur Jeans als auch zur Abendgarderobe. Mit dabei sind ein Schloss mit zwei Schl\u00fcssel, der originale Tragegurt, der originale Staubbeutel, die Herm\u00e8s Box und die Originalrechnung, die Persona Daten sind geschw\u00e4rzt. Im Lieferumfang enthalten: Schloss mit zwei Schl\u00fcsseln, Schultergurt, Schutzbeutel, Herm\u00e8s-Box und die Originalrechnung aus dem Jahr 2025, die Persona-Daten sind geschw\u00e4rzt. Es kann auch sch\u00f6n als Umh\u00e4ngetasche getragen werden. <\/a>Die Kelly Tasche von Herm\u00e8s ist eine absolute Ikone unter den Handtaschen und steht seit Jahrzehnten f\u00fcr Eleganz und Klasse. Die <strong>Kelly 25 black<\/strong> ist brandneu, nie getragen und hat den Stempel K.<\/p>\n","protected":false},"featured_media":18276,"template":"","meta":[],"product_brand":[2404],"product_cat":[347],"product_tag":[1569,1575],"class_list":{"0":"post-18052","1":"product","2":"type-product","3":"status-publish","4":"has-post-thumbnail","6":"product_brand-hermes-de","7":"product_cat-handtasche","8":"product_tag-hermes-kelly-25","9":"product_tag-kelly-25-black-de","10":"pa_brand-hermes-de","11":"pa_color-schwarz","12":"pa_grade-grad-1","13":"pa_hermes-models-kelly-de","14":"pa_material-leder","16":"first","17":"outofstock","18":"shipping-taxable","19":"product-type-simple"},"_links":{"self":[{"href":"https:\/\/handbag-sense.com\/de\/wp-json\/wp\/v2\/product\/18052","targetHints":{"allow":["GET"]}}],"collection":[{"href":"https:\/\/handbag-sense.com\/de\/wp-json\/wp\/v2\/product"}],"about":[{"href":"https:\/\/handbag-sense.com\/de\/wp-json\/wp\/v2\/types\/product"}],"wp:featuredmedia":[{"embeddable":true,"href":"https:\/\/handbag-sense.com\/de\/wp-json\/wp\/v2\/media\/18276"}],"wp:attachment":[{"href":"https:\/\/handbag-sense.com\/de\/wp-json\/wp\/v2\/media?parent=18052"}],"wp:term":[{"taxonomy":"product_brand","embeddable":true,"href":"https:\/\/handbag-sense.com\/de\/wp-json\/wp\/v2\/product_brand?post=18052"},{"taxonomy":"product_cat","embeddable":true,"href":"https:\/\/handbag-sense.com\/de\/wp-json\/wp\/v2\/product_cat?post=18052"},{"taxonomy":"product_tag","embeddable":true,"href":"https:\/\/handbag-sense.com\/de\/wp-json\/wp\/v2\/product_tag?post=18052"}],"curies":[{"name":"wp","href":"https:\/\/api.w.org\/{rel}","templated":true}]}}