{"id":1801,"date":"2023-05-21T15:40:19","date_gmt":"2023-05-21T13:40:19","guid":{"rendered":"https:\/\/handbag-sense.com\/product\/hermes-evelyne-ii-tpm-16-taurillon-clemence-chai-ghw\/"},"modified":"2025-05-06T11:58:42","modified_gmt":"2025-05-06T09:58:42","slug":"hermes-evelyne-ii-tpm-16-taurillon-clemence-chai-ghw","status":"publish","type":"product","link":"https:\/\/handbag-sense.com\/de\/produkt\/hermes-evelyne-ii-tpm-16-taurillon-clemence-chai-ghw\/","title":{"rendered":"Evelyne II TPM 16 Taurillon Clemence Chai"},"content":{"rendered":"<div class=\"c-columns-m-1 c-columns-2 c-columns-gap-s\">\n<div><strong>Material:<\/strong> Clemence Leder<br \/>\n<strong>Farbe:<\/strong> chai<br \/>\n<strong>Metallelemente:<\/strong> goldene Hardware<br \/>\n<strong>Innenmaterial:<\/strong> Naturleder<\/div>\n<div><strong><b>Grad<\/b>: <\/strong> 1\u00a0<img decoding=\"async\" class=\"info_box alignnone size-medium wp-image-885\" title=\"Info\" role=\"img\" src=\"https:\/\/handbag-sense.com\/wp-content\/uploads\/2023\/05\/info_icon.svg\" alt=\"info box\" width=\"15\" height=\"15\" \/><br \/>\n<strong>Produktionsjahr\/Jahresstempel:\u00a0<\/strong>2022\/U<br \/>\n<strong>Gr\u00f6\u00dfe:<\/strong> 20 x 17 x 5 cm<br \/>\n<strong>Versand:<\/strong> Weltweit<\/div>\n<\/div>\n","protected":false},"excerpt":{"rendered":"<p>Diese stilvolle\u00a0<strong>Mini Evelyne<\/strong>\u00a0in der\u00a0<strong>Farbe Chai<\/strong>\u00a0aus strukturiertem\u00a0<strong>Taurillon Clemence-Kalbsleder<\/strong>\u00a0mit goldener Hardware ist absolut neu. Die Tasche hat tonale N\u00e4hte, einen Zugverschluss und ein perforiertes Hermes H-Oval vorne. Die Tasche \u00f6ffnet sich mit einem \u00fcberkreuzenden Riemen zu einer Naturleder-Innenseite. Sie ist mit einem abnehmbaren Schulter-\/Kreuzgurt aus Canvas und Leder in der Farbe Chai ausgestattet. Dabei handelt es sich um eine wundersch\u00f6ne Kuriertasche von Hermes, ideal f\u00fcr allt\u00e4gliche Erledigungen!<\/p>\n","protected":false},"featured_media":4495,"template":"","meta":[],"product_brand":[2404],"product_cat":[351],"product_tag":[],"class_list":{"0":"post-1801","1":"product","2":"type-product","3":"status-publish","4":"has-post-thumbnail","6":"product_brand-hermes-de","7":"product_cat-kleine-taschen","8":"pa_brand-hermes-de","9":"pa_color-beige-de","10":"pa_grade-grad-1","11":"pa_hermes-models-evelyne-de","12":"pa_material-leder","14":"first","15":"outofstock","16":"shipping-taxable","17":"product-type-simple"},"_links":{"self":[{"href":"https:\/\/handbag-sense.com\/de\/wp-json\/wp\/v2\/product\/1801","targetHints":{"allow":["GET"]}}],"collection":[{"href":"https:\/\/handbag-sense.com\/de\/wp-json\/wp\/v2\/product"}],"about":[{"href":"https:\/\/handbag-sense.com\/de\/wp-json\/wp\/v2\/types\/product"}],"wp:featuredmedia":[{"embeddable":true,"href":"https:\/\/handbag-sense.com\/de\/wp-json\/wp\/v2\/media\/4495"}],"wp:attachment":[{"href":"https:\/\/handbag-sense.com\/de\/wp-json\/wp\/v2\/media?parent=1801"}],"wp:term":[{"taxonomy":"product_brand","embeddable":true,"href":"https:\/\/handbag-sense.com\/de\/wp-json\/wp\/v2\/product_brand?post=1801"},{"taxonomy":"product_cat","embeddable":true,"href":"https:\/\/handbag-sense.com\/de\/wp-json\/wp\/v2\/product_cat?post=1801"},{"taxonomy":"product_tag","embeddable":true,"href":"https:\/\/handbag-sense.com\/de\/wp-json\/wp\/v2\/product_tag?post=1801"}],"curies":[{"name":"wp","href":"https:\/\/api.w.org\/{rel}","templated":true}]}}