{"id":17996,"date":"2025-03-07T16:26:24","date_gmt":"2025-03-07T15:26:24","guid":{"rendered":"https:\/\/handbag-sense.com\/?post_type=product&#038;p=17996"},"modified":"2025-12-08T12:34:10","modified_gmt":"2025-12-08T11:34:10","slug":"hermes-birkin-25-togo-naturel-sable","status":"publish","type":"product","link":"https:\/\/handbag-sense.com\/de\/produkt\/hermes-birkin-25-togo-naturel-sable\/","title":{"rendered":"Birkin 25 Togo Naturel Sable"},"content":{"rendered":"<div class=\"c-columns-m-1 c-columns-2 c-columns-gap-s\">\n<div><strong>Material:<\/strong> Togo Leder<br \/>\n<strong>Farbe:<\/strong> Naturel Sable<br \/>\n<strong>Metallelemente:<\/strong> Gold Hardware<br \/>\n<strong>Innenmaterial:<\/strong> Leder<\/div>\n<div><strong>Bewertung: <\/strong> 1 <img decoding=\"async\" class=\"info_box alignnone size-medium wp-image-885\" title=\"Info\" role=\"img\" src=\"https:\/\/handbag-sense.com\/wp-content\/uploads\/2023\/05\/info_icon.svg\" alt=\"info box\" width=\"15\" height=\"15\" \/><br \/>\n<strong>Jahresstempel:<\/strong> 2025 \/ W<br \/>\n<strong>Gr\u00f6\u00dfe:<\/strong> 25 x 20 x 13 cm<br \/>\n<strong>Versand:<\/strong> Weltweit<\/div>\n<\/div>\n<p><strong>Enth\u00e4lt:<\/strong> Originalrechnung, Staubbeutel, Clochette, Schloss, Schl\u00fcssel, Filz, Heft, Box<\/p>\n","protected":false},"excerpt":{"rendered":"<p data-start=\"2080\" data-end=\"2163\"><strong data-start=\"2080\" data-end=\"2161\">Herm\u00e8s Birkin 25 Togo Naturel Sable mit Gold Hardware \u2013 2025, Neu\u00a0<\/strong><\/p>\n<p data-start=\"2165\" data-end=\"2676\">Diese <strong data-start=\"2186\" data-end=\"2213\">Birkin 25 Naturel Sable<\/strong> wurde aus geschmeidigem Togo-Leder im klassischen sandbeigen Ton <em data-start=\"2279\" data-end=\"2294\">Naturel Sable<\/em> handgefertigt und mit warmer Gold Hardware veredelt. Die Tasche ist <strong data-start=\"2359\" data-end=\"2383\">brandneu, ungetragen<\/strong> und tr\u00e4gt den<strong data-start=\"2398\" data-end=\"2420\">\u00a0Stempel (K)<\/strong>. Zum Lieferumfang geh\u00f6ren die originale Herm\u00e8s-Rechnung aus 2025, die Clochette, das Schloss mit zwei Schl\u00fcsseln, der Staubbeutel sowie die ikonische orangefarbene Box. Eine perfekte Erg\u00e4nzung f\u00fcr jede anspruchsvolle Sammlung: die <strong data-start=\"2643\" data-end=\"2675\">Birkin 25 Togo Naturel Sable<\/strong>.<\/p>\n<p data-start=\"2678\" data-end=\"3147\">Die <strong data-start=\"2682\" data-end=\"2695\">Birkin 25<\/strong>\u00a0z\u00e4hlt zu den begehrtesten Gr\u00f6\u00dfen im Herm\u00e8s-Portfolio und verbindet kompakte Eleganz mit einer beeindruckenden Pr\u00e4senz. Im Farbton <em data-start=\"2826\" data-end=\"2841\">Naturel Sable<\/em> erh\u00e4lt die Tasche eine dezente, warme Ausstrahlung, die sie besonders vielseitig macht \u2014 ideal f\u00fcr elegante Tageslooks sowie Abendstile. Das charakteristische Togo-Leder bietet eine harmonische Mischung aus Strukturfestigkeit und weichem Griff, w\u00e4hrend seine feine Narbung einen luxuri\u00f6sen Touch verleiht.<\/p>\n<p data-start=\"3149\" data-end=\"3550\">Gold Hardware verst\u00e4rkt die edle Wirkung des sandfarbenen Leders und unterstreicht die ikonische Silhouette. Die herausragende Verarbeitung dieser Tasche steht exemplarisch f\u00fcr die handwerkliche Meisterschaft, Pr\u00e4zision und Tradition der Maison Herm\u00e8s. Aus diesem Grund gilt die <strong data-start=\"3428\" data-end=\"3455\">Birkin 25 sandbeige<\/strong>\u00a0als begehrtes Sammlerst\u00fcck und wird oft als erstklassige <strong data-start=\"3513\" data-end=\"3538\">luxury investment bag<\/strong> eingestuft.<\/p>\n<p data-start=\"3552\" data-end=\"3833\">Als brandneues Exemplar mit vollst\u00e4ndiger Provenienz ist diese Tasche eine wahre <strong data-start=\"3633\" data-end=\"3660\">rare collectible Herm\u00e8s<\/strong> Rarit\u00e4t. Zeitlos, elegant und weltweit begehrt, bildet die <strong data-start=\"3720\" data-end=\"3770\">Birkin 25 Togo Naturel Sable mit Gold Hardware<\/strong> das glanzvolle Highlight jeder exklusiven Handtaschensammlung.<\/p>\n","protected":false},"featured_media":18337,"template":"","meta":[],"product_brand":[2404],"product_cat":[347,351],"product_tag":[2066,1417],"class_list":{"0":"post-17996","1":"product","2":"type-product","3":"status-publish","4":"has-post-thumbnail","6":"product_brand-hermes-de","7":"product_cat-handtasche","8":"product_cat-kleine-taschen","9":"product_tag-birkin-25-etoupe-de","10":"product_tag-hermes-birkin-25-de","11":"pa_brand-hermes-de","12":"pa_color-beige-de","13":"pa_color-grau","14":"pa_grade-grad-1","15":"pa_hermes-models-birkin-de","16":"pa_material-leder","18":"first","19":"instock","20":"shipping-taxable","21":"purchasable","22":"product-type-simple"},"_links":{"self":[{"href":"https:\/\/handbag-sense.com\/de\/wp-json\/wp\/v2\/product\/17996","targetHints":{"allow":["GET"]}}],"collection":[{"href":"https:\/\/handbag-sense.com\/de\/wp-json\/wp\/v2\/product"}],"about":[{"href":"https:\/\/handbag-sense.com\/de\/wp-json\/wp\/v2\/types\/product"}],"wp:featuredmedia":[{"embeddable":true,"href":"https:\/\/handbag-sense.com\/de\/wp-json\/wp\/v2\/media\/18337"}],"wp:attachment":[{"href":"https:\/\/handbag-sense.com\/de\/wp-json\/wp\/v2\/media?parent=17996"}],"wp:term":[{"taxonomy":"product_brand","embeddable":true,"href":"https:\/\/handbag-sense.com\/de\/wp-json\/wp\/v2\/product_brand?post=17996"},{"taxonomy":"product_cat","embeddable":true,"href":"https:\/\/handbag-sense.com\/de\/wp-json\/wp\/v2\/product_cat?post=17996"},{"taxonomy":"product_tag","embeddable":true,"href":"https:\/\/handbag-sense.com\/de\/wp-json\/wp\/v2\/product_tag?post=17996"}],"curies":[{"name":"wp","href":"https:\/\/api.w.org\/{rel}","templated":true}]}}