{"id":1799,"date":"2023-06-08T01:14:50","date_gmt":"2023-06-07T23:14:50","guid":{"rendered":"https:\/\/handbag-sense.com\/product\/bottega-veneta-cabat-bag\/"},"modified":"2025-05-06T14:59:15","modified_gmt":"2025-05-06T12:59:15","slug":"bottega-veneta-cabat-bag","status":"publish","type":"product","link":"https:\/\/handbag-sense.com\/de\/produkt\/bottega-veneta-cabat-bag\/","title":{"rendered":"Cabat Tasche"},"content":{"rendered":"<div class=\"c-columns-m-1 c-columns-2 c-columns-gap-s\">\n<div><strong>Material:<\/strong> Ziegenleder<br \/>\n<strong>Farbe:<\/strong> orange<br \/>\n<strong>Metallelemente:<\/strong> goldene Hardware<br \/>\n<strong>Innenmaterial:<\/strong> Leder<\/div>\n<div><strong>Note:<\/strong> 4  <img decoding=\"async\" class=\"info_box alignnone size-medium wp-image-885\" title=\"Info\" role=\"img\" src=\"https:\/\/handbag-sense.com\/wp-content\/uploads\/2023\/05\/info_icon.svg\" alt=\"info box\" width=\"15\" height=\"15\"><br \/>\n<strong>Gr\u00f6\u00dfe:<\/strong> 43 x 20 x 30 cm<\/div>\n<\/div>\n","protected":false},"excerpt":{"rendered":"<p>Die <strong>Handtasche Cabat 43<\/strong> ist eine elegante und diskrete Tasche von <strong>Bottega Veneta<\/strong>. Dieser Shopper ist das legend\u00e4rste Modell von Bottega Veneta und vereint alles \u2013 nahtlose Verarbeitung, schlichtes Design, moderne Funktionalit\u00e4t und h\u00f6chste Qualit\u00e4t. Dieser orangefarbene <strong>Cabat<\/strong> ist handgewebt aus Ziegenleder, hat gerollte Griffe und eine Innentasche mit Rei\u00dfverschluss und eingraviertem Limited Edition-Logo-Anh\u00e4nger.<\/p>\n","protected":false},"featured_media":1094,"template":"","meta":[],"product_brand":[2410],"product_cat":[347],"product_tag":[],"class_list":{"0":"post-1799","1":"product","2":"type-product","3":"status-publish","4":"has-post-thumbnail","6":"product_brand-bottega-veneta-de","7":"product_cat-handtasche","8":"pa_brand-bottega-veneta-de","9":"pa_color-orange-de","10":"pa_grade-grad-4","11":"pa_material-leder","13":"first","14":"instock","15":"shipping-taxable","16":"purchasable","17":"product-type-simple"},"_links":{"self":[{"href":"https:\/\/handbag-sense.com\/de\/wp-json\/wp\/v2\/product\/1799","targetHints":{"allow":["GET"]}}],"collection":[{"href":"https:\/\/handbag-sense.com\/de\/wp-json\/wp\/v2\/product"}],"about":[{"href":"https:\/\/handbag-sense.com\/de\/wp-json\/wp\/v2\/types\/product"}],"wp:featuredmedia":[{"embeddable":true,"href":"https:\/\/handbag-sense.com\/de\/wp-json\/wp\/v2\/media\/1094"}],"wp:attachment":[{"href":"https:\/\/handbag-sense.com\/de\/wp-json\/wp\/v2\/media?parent=1799"}],"wp:term":[{"taxonomy":"product_brand","embeddable":true,"href":"https:\/\/handbag-sense.com\/de\/wp-json\/wp\/v2\/product_brand?post=1799"},{"taxonomy":"product_cat","embeddable":true,"href":"https:\/\/handbag-sense.com\/de\/wp-json\/wp\/v2\/product_cat?post=1799"},{"taxonomy":"product_tag","embeddable":true,"href":"https:\/\/handbag-sense.com\/de\/wp-json\/wp\/v2\/product_tag?post=1799"}],"curies":[{"name":"wp","href":"https:\/\/api.w.org\/{rel}","templated":true}]}}