{"id":17989,"date":"2025-03-05T17:09:43","date_gmt":"2025-03-05T16:09:43","guid":{"rendered":"https:\/\/handbag-sense.com\/?post_type=product&#038;p=17989"},"modified":"2025-05-06T11:53:43","modified_gmt":"2025-05-06T09:53:43","slug":"hermes-herbag-31-rouge-grenat-schwarz-rouge-sellier","status":"publish","type":"product","link":"https:\/\/handbag-sense.com\/de\/produkt\/hermes-herbag-31-rouge-grenat-schwarz-rouge-sellier\/","title":{"rendered":"Herbag 31 Rouge Grenat Schwarz Rouge Sellier"},"content":{"rendered":"<div class=\"c-columns-m-1 c-columns-2 c-columns-gap-s\">\n<div><strong>Material:<\/strong> Toile Canvas\/Leder<br \/>\n<strong>Farbe:<\/strong> R Grenat \/ Schwarz \/ Rouge Sellier<br \/>\n<strong>Metallelemente:<\/strong> Gold Hardware<br \/>\n<strong>Innenmaterial:<\/strong> Stoff<\/div>\n<div><strong>Note:<\/strong> 3 <img decoding=\"async\" class=\"info_box alignnone size-medium wp-image-885\" title=\"Info\" role=\"img\" src=\"https:\/\/handbag-sense.com\/wp-content\/uploads\/2023\/05\/info_icon.svg\" alt=\"info box\" width=\"15\" height=\"15\" \/><br \/>\n<strong>Produktionsjahr\/Stempel:<\/strong> 2024 \/ B<br \/>\n<strong>Gr\u00f6\u00dfe:<\/strong> 31 x 25 x 10 cm<br \/>\n<strong>Versand:<\/strong> Weltweit<\/div>\n<\/div>\n<p><strong>Enth\u00e4lt:<\/strong> Staubbeutel, Clochette, Schloss, Schl\u00fcssel<\/p>\n","protected":false},"excerpt":{"rendered":"<p>Diese <strong>Herm\u00e8s Herbag 31<\/strong> in der Farbe <strong>Rouge Grenat \/ Black \/ Rouge Sellier mit Gold Hardware <\/strong>ist aus Toile Canvas und Leder mit goldenen Hardware gefertigt. Die Herbag hat einen Frontverschluss in der Mitte, eine herausnehmbare flache Rei\u00dfverschlusstasche, eine Rei\u00dfverschlusstasche auf der R\u00fcckseite, einen wendbaren Griff und einen Schultergurt. Es kann in der Hand oder \u00fcber der Schulter getragen werden. Die Tasche ist in sehr gutem Zustand, wird mit Staubbeutel geliefert.<\/p>\n","protected":false},"featured_media":18340,"template":"","meta":[],"product_brand":[2404],"product_cat":[347],"product_tag":[],"class_list":{"0":"post-17989","1":"product","2":"type-product","3":"status-publish","4":"has-post-thumbnail","6":"product_brand-hermes-de","7":"product_cat-handtasche","8":"pa_brand-hermes-de","9":"pa_color-rot","10":"pa_grade-grad-1","11":"pa_hermes-models-herbag-de","12":"pa_material-leder","13":"pa_material-stoff","15":"first","16":"outofstock","17":"shipping-taxable","18":"purchasable","19":"product-type-simple"},"_links":{"self":[{"href":"https:\/\/handbag-sense.com\/de\/wp-json\/wp\/v2\/product\/17989","targetHints":{"allow":["GET"]}}],"collection":[{"href":"https:\/\/handbag-sense.com\/de\/wp-json\/wp\/v2\/product"}],"about":[{"href":"https:\/\/handbag-sense.com\/de\/wp-json\/wp\/v2\/types\/product"}],"wp:featuredmedia":[{"embeddable":true,"href":"https:\/\/handbag-sense.com\/de\/wp-json\/wp\/v2\/media\/18340"}],"wp:attachment":[{"href":"https:\/\/handbag-sense.com\/de\/wp-json\/wp\/v2\/media?parent=17989"}],"wp:term":[{"taxonomy":"product_brand","embeddable":true,"href":"https:\/\/handbag-sense.com\/de\/wp-json\/wp\/v2\/product_brand?post=17989"},{"taxonomy":"product_cat","embeddable":true,"href":"https:\/\/handbag-sense.com\/de\/wp-json\/wp\/v2\/product_cat?post=17989"},{"taxonomy":"product_tag","embeddable":true,"href":"https:\/\/handbag-sense.com\/de\/wp-json\/wp\/v2\/product_tag?post=17989"}],"curies":[{"name":"wp","href":"https:\/\/api.w.org\/{rel}","templated":true}]}}