{"id":1797,"date":"2023-06-08T01:22:35","date_gmt":"2023-06-07T23:22:35","guid":{"rendered":"https:\/\/handbag-sense.com\/product\/chanel-small-shopping-tote-bag\/"},"modified":"2025-05-06T13:04:04","modified_gmt":"2025-05-06T11:04:04","slug":"chanel-small-shopping-tote-bag","status":"publish","type":"product","link":"https:\/\/handbag-sense.com\/de\/produkt\/chanel-small-shopping-tote-bag\/","title":{"rendered":"Small Shopping Tote Bag"},"content":{"rendered":"<div class=\"c-columns-m-1 c-columns-2 c-columns-gap-s\">\n<div><strong>Material:<\/strong> Kaviarleder<br \/>\n<strong>Farbe:<\/strong> Silbermetallic<br \/>\n<strong>Metallelemente:<\/strong> silberne Hardware<br \/>\n<strong>Innenmaterial:<\/strong> Textilinnenfutter<\/div>\n<div><strong>Grad:<\/strong> 5 <img decoding=\"async\" class=\"info_box alignnone size-medium wp-image-885\" title=\"Info\" role=\"img\" src=\"https:\/\/handbag-sense.com\/wp-content\/uploads\/2023\/05\/info_icon.svg\" alt=\"info box\" width=\"15\" height=\"15\" \/><br \/>\n<strong>Gr\u00f6\u00dfe:<\/strong> 24 x 24 x 8 cm<br \/>\n<strong>Produktionsjahr \/ Seriennummer:<\/strong> 2005 \u2013 2006, beginnt mit 102\u2026<\/p>\n<div><\/div>\n<div><strong>Condition:<\/strong> Used<\/div>\n<\/div>\n<\/div>\n","protected":false},"excerpt":{"rendered":"<p>Diese\u00a0<strong>Chanel Petite Shopping Tote Bag<\/strong>\u00a0ist aus\u00a0<strong>Kaviarleder<\/strong>\u00a0in der Farbe silbermetallic, verf\u00fcgt \u00fcber Schulterriemen mit silbernen Kettengliedern, so dass die Tasche lang oder kurz \u00fcber der Schulter getragen werden kann, sowie \u00fcber ein auff\u00e4lliges, vorne gesticktes Chanel CC-Logo. Die Tasche hat ein offenes Oberteil mit magnetischem Druckknopfverschluss, das Tascheninnere ist aus Stoff und ist aufgeteilt in ein Hauptfach\u00a0mit einem Steckfach, sowie einem Rei\u00dfverschlussfach. Am Taschenr\u00fccken befindet sich ein weiteres aufgesetztes Steckfach. Diese Tragetasche eignet sich ideal f\u00fcr einen Tag! Kollektion\u00a0<strong>Pret \u00e0 Porter<\/strong>, ca. 2005-2006, Designer\u00a0<strong>Karl Lagerfeld<\/strong>.<\/p>\n","protected":false},"featured_media":1104,"template":"","meta":[],"product_brand":[2417],"product_cat":[347,349],"product_tag":[],"class_list":{"0":"post-1797","1":"product","2":"type-product","3":"status-publish","4":"has-post-thumbnail","6":"product_brand-chanel-de","7":"product_cat-handtasche","8":"product_cat-shopper-de","9":"pa_brand-chanel-de","10":"pa_chanel-models-classic-cc-shopping-de","11":"pa_color-metallic-de","12":"pa_color-silber","13":"pa_grade-grad-5","14":"pa_material-leder","16":"first","17":"instock","18":"shipping-taxable","19":"purchasable","20":"product-type-simple"},"_links":{"self":[{"href":"https:\/\/handbag-sense.com\/de\/wp-json\/wp\/v2\/product\/1797","targetHints":{"allow":["GET"]}}],"collection":[{"href":"https:\/\/handbag-sense.com\/de\/wp-json\/wp\/v2\/product"}],"about":[{"href":"https:\/\/handbag-sense.com\/de\/wp-json\/wp\/v2\/types\/product"}],"wp:featuredmedia":[{"embeddable":true,"href":"https:\/\/handbag-sense.com\/de\/wp-json\/wp\/v2\/media\/1104"}],"wp:attachment":[{"href":"https:\/\/handbag-sense.com\/de\/wp-json\/wp\/v2\/media?parent=1797"}],"wp:term":[{"taxonomy":"product_brand","embeddable":true,"href":"https:\/\/handbag-sense.com\/de\/wp-json\/wp\/v2\/product_brand?post=1797"},{"taxonomy":"product_cat","embeddable":true,"href":"https:\/\/handbag-sense.com\/de\/wp-json\/wp\/v2\/product_cat?post=1797"},{"taxonomy":"product_tag","embeddable":true,"href":"https:\/\/handbag-sense.com\/de\/wp-json\/wp\/v2\/product_tag?post=1797"}],"curies":[{"name":"wp","href":"https:\/\/api.w.org\/{rel}","templated":true}]}}