{"id":1790,"date":"2023-06-08T02:18:04","date_gmt":"2023-06-08T00:18:04","guid":{"rendered":"https:\/\/handbag-sense.com\/product\/celine-ostrich-fringe-hobo\/"},"modified":"2025-05-06T15:01:56","modified_gmt":"2025-05-06T13:01:56","slug":"celine-strauss-fringe-hobo","status":"publish","type":"product","link":"https:\/\/handbag-sense.com\/de\/produkt\/celine-strauss-fringe-hobo\/","title":{"rendered":"Strau\u00dfen-Fransen-Hobo"},"content":{"rendered":"<div class=\"c-columns-m-1 c-columns-2 c-columns-gap-s\">\n<div><strong>Material:<\/strong> Strau\u00dfenleder<br \/>\n<strong>Farbe:<\/strong> rot <strong>\/ <\/strong>braun<br \/>\n<strong>Metallelemente:<\/strong> silberne Hardware<br \/>\n<strong>Innenmaterial:<\/strong> Satin<\/div>\n<div><strong>Note:<\/strong> 4  <img decoding=\"async\" class=\"info_box alignnone size-medium wp-image-885\" title=\"Info\" role=\"img\" src=\"https:\/\/handbag-sense.com\/wp-content\/uploads\/2023\/05\/info_icon.svg\" alt=\"info box\" width=\"15\" height=\"15\"><br \/>\n<strong>Gr\u00f6\u00dfe:<\/strong> 30 x 16,5 x 31,5 cm<\/div>\n<\/div>\n","protected":false},"excerpt":{"rendered":"<p>Diese <strong>Hobo-Tasche <\/strong>ist luxuri\u00f6s, mit ihrem exotischen Strau\u00dfenleder und dem nietenbesetzten Akzent auf der Metallklappe zum Schlie\u00dfen. Die beiden oberen Griffe haben die perfekte L\u00e4nge, um es bequem \u00fcber der Schulter zu tragen, und es gibt eine Auswahl an Innentaschen im ger\u00e4umigen, mit Satin gef\u00fctterten Innenraum. Diese wundersch\u00f6ne Tasche ist mit dichten Fransendetails auf der Vorderseite verziert und spiegelt <strong>Celines<\/strong> Hingabe an die Handwerkskunst wider.<\/p>\n","protected":false},"featured_media":1138,"template":"","meta":[],"product_brand":[2416],"product_cat":[347],"product_tag":[],"class_list":{"0":"post-1790","1":"product","2":"type-product","3":"status-publish","4":"has-post-thumbnail","6":"product_brand-celine-de","7":"product_cat-handtasche","8":"pa_brand-celine-de","9":"pa_color-braun","10":"pa_color-rot","11":"pa_grade-grad-4","12":"pa_material-exotisches-leder","14":"first","15":"instock","16":"shipping-taxable","17":"purchasable","18":"product-type-simple"},"_links":{"self":[{"href":"https:\/\/handbag-sense.com\/de\/wp-json\/wp\/v2\/product\/1790","targetHints":{"allow":["GET"]}}],"collection":[{"href":"https:\/\/handbag-sense.com\/de\/wp-json\/wp\/v2\/product"}],"about":[{"href":"https:\/\/handbag-sense.com\/de\/wp-json\/wp\/v2\/types\/product"}],"wp:featuredmedia":[{"embeddable":true,"href":"https:\/\/handbag-sense.com\/de\/wp-json\/wp\/v2\/media\/1138"}],"wp:attachment":[{"href":"https:\/\/handbag-sense.com\/de\/wp-json\/wp\/v2\/media?parent=1790"}],"wp:term":[{"taxonomy":"product_brand","embeddable":true,"href":"https:\/\/handbag-sense.com\/de\/wp-json\/wp\/v2\/product_brand?post=1790"},{"taxonomy":"product_cat","embeddable":true,"href":"https:\/\/handbag-sense.com\/de\/wp-json\/wp\/v2\/product_cat?post=1790"},{"taxonomy":"product_tag","embeddable":true,"href":"https:\/\/handbag-sense.com\/de\/wp-json\/wp\/v2\/product_tag?post=1790"}],"curies":[{"name":"wp","href":"https:\/\/api.w.org\/{rel}","templated":true}]}}