{"id":17830,"date":"2025-02-19T18:12:29","date_gmt":"2025-02-19T17:12:29","guid":{"rendered":"https:\/\/handbag-sense.com\/?post_type=product&#038;p=17830"},"modified":"2025-05-06T11:53:48","modified_gmt":"2025-05-06T09:53:48","slug":"hermes-geta-tasche-mauve-pale-chevre","status":"publish","type":"product","link":"https:\/\/handbag-sense.com\/de\/produkt\/hermes-geta-tasche-mauve-pale-chevre\/","title":{"rendered":"Geta Tasche Mauve Pale Ch\u00e8vre"},"content":{"rendered":"<div class=\"c-columns-m-1 c-columns-2 c-columns-gap-s\">\n<div><strong>Material:<\/strong> Ch\u00e8vre-Leder<br \/>\n<strong>Farbe:<\/strong> Mauve Pale<br \/>\n<strong>Metallelemente:<\/strong> Palladium Hardware<br \/>\n<strong>Innenmaterial:<\/strong> Leder<\/div>\n<div><strong>Grad:<\/strong> 1 <img decoding=\"async\" class=\"info_box alignnone size-medium wp-image-885\" title=\"Info\" role=\"img\" src=\"https:\/\/handbag-sense.com\/wp-content\/uploads\/2023\/05\/info_icon.svg\" alt=\"info box\" width=\"15\" height=\"15\" \/><br \/>\n<strong>Jahresstempel:<\/strong> 2023<br \/>\n<strong>Gr\u00f6\u00dfe: <\/strong>21 x 15 x 7 cm<br \/>\n<strong>Versand:<\/strong> Weltweit<\/div>\n<\/div>\n<p><strong>Enth\u00e4lt:<\/strong> Online-Rechnung, Staubbeutel, Box<\/p>\n","protected":false},"excerpt":{"rendered":"<p data-start=\"0\" data-end=\"74\"><strong data-start=\"0\" data-end=\"72\">Herm\u00e8s Geta Tasche Mauve Pale Ch\u00e8vre-Leder mit Palladium Hardware. <\/strong>Die Herm\u00e8s Geta Tasche ist aus malvenfarbenem, blassem Ch\u00e8vre-Leder mit Palladium-Beschl\u00e4gen gefertigt und verf\u00fcgt \u00fcber farblich abgestimmte N\u00e4hte, einen magnetischen Klappenverschluss und einen verstellbaren Schultergurt. Inspiriert von traditionellen japanischen Holzsandalen, ist die <strong data-start=\"129\" data-end=\"144\">Herm\u00e8s Geta<\/strong> eine moderne und strukturierte Interpretation von Eleganz. Die mit malvenfarbenem Leder gef\u00fctterte Innenseite bietet praktischen Stauraum mit drei Einschubf\u00e4chern f\u00fcr die Organisation. Mit seiner schlanken Silhouette und dem markanten l\u00e4nglichen H-Detail auf der Vorderseite \u00e4hnelt der Geta dem Constance, aber mit einem festeren, skulpturaleren Design. Diese Tasche befindet sich in brandneuem Zustand und wird von einem Herm\u00e8s-Staubbeutel, einer Herm\u00e8s-Box und der Online-Rechnung aus dem Jahr 2023 begleitet.<\/p>\n","protected":false},"featured_media":18334,"template":"","meta":[],"product_brand":[2404],"product_cat":[347,349,351],"product_tag":[2301],"class_list":{"0":"post-17830","1":"product","2":"type-product","3":"status-publish","4":"has-post-thumbnail","6":"product_brand-hermes-de","7":"product_cat-handtasche","8":"product_cat-shopper-de","9":"product_cat-kleine-taschen","10":"product_tag-hermes-geta-tasche","11":"pa_brand-hermes-de","12":"pa_color-rosa-de","13":"pa_grade-grad-1","14":"pa_material-leder","16":"first","17":"outofstock","18":"sold-individually","19":"product-type-simple"},"_links":{"self":[{"href":"https:\/\/handbag-sense.com\/de\/wp-json\/wp\/v2\/product\/17830","targetHints":{"allow":["GET"]}}],"collection":[{"href":"https:\/\/handbag-sense.com\/de\/wp-json\/wp\/v2\/product"}],"about":[{"href":"https:\/\/handbag-sense.com\/de\/wp-json\/wp\/v2\/types\/product"}],"wp:featuredmedia":[{"embeddable":true,"href":"https:\/\/handbag-sense.com\/de\/wp-json\/wp\/v2\/media\/18334"}],"wp:attachment":[{"href":"https:\/\/handbag-sense.com\/de\/wp-json\/wp\/v2\/media?parent=17830"}],"wp:term":[{"taxonomy":"product_brand","embeddable":true,"href":"https:\/\/handbag-sense.com\/de\/wp-json\/wp\/v2\/product_brand?post=17830"},{"taxonomy":"product_cat","embeddable":true,"href":"https:\/\/handbag-sense.com\/de\/wp-json\/wp\/v2\/product_cat?post=17830"},{"taxonomy":"product_tag","embeddable":true,"href":"https:\/\/handbag-sense.com\/de\/wp-json\/wp\/v2\/product_tag?post=17830"}],"curies":[{"name":"wp","href":"https:\/\/api.w.org\/{rel}","templated":true}]}}