{"id":17821,"date":"2025-02-13T13:08:15","date_gmt":"2025-02-13T12:08:15","guid":{"rendered":"https:\/\/handbag-sense.com\/?post_type=product&#038;p=17821"},"modified":"2025-05-06T11:53:50","modified_gmt":"2025-05-06T09:53:50","slug":"hermes-picotin-lock-18-gold","status":"publish","type":"product","link":"https:\/\/handbag-sense.com\/de\/produkt\/hermes-picotin-lock-18-gold\/","title":{"rendered":"Picotin Lock 18 Gold"},"content":{"rendered":"<div class=\"c-columns-m-1 c-columns-2 c-columns-gap-s\">\n<div><strong>Material:<\/strong> Taurillon Clemence Leder<br \/>\n<strong>Farbe:<\/strong> Gold<br \/>\n<strong>Metallelemente:<\/strong> Gold Hardware<br \/>\n<strong>Innenmaterial:<\/strong> Leder<\/div>\n<div><strong>Grad:<\/strong> 1 <img decoding=\"async\" class=\"info_box alignnone size-medium wp-image-885\" title=\"Info\" role=\"img\" src=\"https:\/\/handbag-sense.com\/wp-content\/uploads\/2023\/05\/info_icon.svg\" alt=\"info box\" width=\"15\" height=\"15\" \/><br \/>\n<strong>Jahresstempel:<\/strong> 2025 \/ W<br \/>\n<strong>Gr\u00f6\u00dfe:<\/strong> 18 x 19 x 13,5 cm<br \/>\n<strong>Versand:<\/strong> Weltweit<\/div>\n<\/div>\n<p><strong>Enth\u00e4lt:<\/strong> Originalrechnung, Staubbeutel, Schl\u00fcsselsatz, Box<\/p>\n","protected":false},"excerpt":{"rendered":"<p><strong>Herm\u00e8s Picotin Lock 18 Gold Taurillon Clemence mit Goldbeschl\u00e4gen.<\/strong> Die <strong>Herm\u00e8s Picotin 18 Tasche<\/strong>, handgefertigt aus Taurillon Clemence Leder in der Farbe Gold, verbindet Komfort mit Eleganz und ist ideal f\u00fcr die anspruchsvolle Fashionista. Das ungef\u00fctterte Innere und die einfachen, flexiblen Griffe verk\u00f6rpern den minimalistischen Chic und sind ein unverzichtbares Accessoire f\u00fcr jede Garderobe. Der subtile Charme des dazugeh\u00f6rigen Vorh\u00e4ngeschlosses kann in Kombination mit passendem Schmuck noch verst\u00e4rkt werden und bietet vielseitige Styling-Optionen, egal ob in der Hand getragen oder in der Armbeuge. Diese Tasche befindet sich in brandneuem Zustand und wird von einem Herm\u00e8s-Staubbeutel, einer Herm\u00e8s-Box und der Originalrechnung aus dem Jahr 2025 begleitet.<\/p>\n","protected":false},"featured_media":18328,"template":"","meta":[],"product_brand":[2404],"product_cat":[347,349,351],"product_tag":[1778,2303],"class_list":{"0":"post-17821","1":"product","2":"type-product","3":"status-publish","4":"has-post-thumbnail","6":"product_brand-hermes-de","7":"product_cat-handtasche","8":"product_cat-shopper-de","9":"product_cat-kleine-taschen","10":"product_tag-hermes-picotin-18-de","11":"product_tag-picotin-18-gold-de","12":"pa_brand-hermes-de","13":"pa_color-gold-de","14":"pa_grade-grad-1","15":"pa_hermes-models-picotin-de","16":"pa_material-leder","18":"first","19":"outofstock","20":"sold-individually","21":"product-type-simple"},"_links":{"self":[{"href":"https:\/\/handbag-sense.com\/de\/wp-json\/wp\/v2\/product\/17821","targetHints":{"allow":["GET"]}}],"collection":[{"href":"https:\/\/handbag-sense.com\/de\/wp-json\/wp\/v2\/product"}],"about":[{"href":"https:\/\/handbag-sense.com\/de\/wp-json\/wp\/v2\/types\/product"}],"wp:featuredmedia":[{"embeddable":true,"href":"https:\/\/handbag-sense.com\/de\/wp-json\/wp\/v2\/media\/18328"}],"wp:attachment":[{"href":"https:\/\/handbag-sense.com\/de\/wp-json\/wp\/v2\/media?parent=17821"}],"wp:term":[{"taxonomy":"product_brand","embeddable":true,"href":"https:\/\/handbag-sense.com\/de\/wp-json\/wp\/v2\/product_brand?post=17821"},{"taxonomy":"product_cat","embeddable":true,"href":"https:\/\/handbag-sense.com\/de\/wp-json\/wp\/v2\/product_cat?post=17821"},{"taxonomy":"product_tag","embeddable":true,"href":"https:\/\/handbag-sense.com\/de\/wp-json\/wp\/v2\/product_tag?post=17821"}],"curies":[{"name":"wp","href":"https:\/\/api.w.org\/{rel}","templated":true}]}}