{"id":17769,"date":"2025-02-13T12:01:23","date_gmt":"2025-02-13T11:01:23","guid":{"rendered":"https:\/\/handbag-sense.com\/?post_type=product&#038;p=17769"},"modified":"2025-05-06T11:53:52","modified_gmt":"2025-05-06T09:53:52","slug":"hermes-picotin-lock-18-dunkelbronze","status":"publish","type":"product","link":"https:\/\/handbag-sense.com\/de\/produkt\/hermes-picotin-lock-18-dunkelbronze\/","title":{"rendered":"Picotin Schloss 18 Dunkelbronze"},"content":{"rendered":"<div class=\"c-columns-m-1 c-columns-2 c-columns-gap-s\">\n<div><strong>Material:<\/strong> Taurillon Clemence Leder<br \/>\n<strong>Farbe:<\/strong> Dunkelbronze<br \/>\n<strong>Metallelemente:<\/strong> Gold Hardware<br \/>\n<strong>Innenmaterial:<\/strong> Leder<\/div>\n<div><strong>Bewertung:<\/strong> 1 <img decoding=\"async\" class=\"info_box alignnone size-medium wp-image-885\" title=\"Info\" role=\"img\" src=\"https:\/\/handbag-sense.com\/wp-content\/uploads\/2023\/05\/info_icon.svg\" alt=\"info box\" width=\"15\" height=\"15\"><br \/>\n<strong>Produktionsjahr\/Stempel:<\/strong> 2024 \/ W<br \/>\n<strong>Gr\u00f6\u00dfe:<\/strong> 18 x 19 x 13,5 cm<br \/>\n<strong>Versand:<\/strong> Weltweit<\/div>\n<\/div>\n<p><strong>Enth\u00e4lt:<\/strong> Online-Beleg, Staubbeutel, Schl\u00fcsselsatz, Box<\/p>\n","protected":false},"excerpt":{"rendered":"<p><strong>Herm\u00e8s Picotin Lock 18 Dark Bronze Taurillon Clemence mit goldenen Beschl\u00e4gen.<\/strong> Die <strong>Herm\u00e8s Picotin 18 Tasche<\/strong>, handgefertigt aus Taurillon Clemence Leder in der Farbe Dark Bronze, verbindet Komfort mit Eleganz und ist ideal f\u00fcr die anspruchsvolle Fashionista. Das ungef\u00fctterte Innere und die einfachen, flexiblen Griffe verk\u00f6rpern den minimalistischen Chic und sind ein unverzichtbares Accessoire f\u00fcr jede Garderobe. Der subtile Charme des dazugeh\u00f6rigen Vorh\u00e4ngeschlosses kann in Kombination mit passendem Schmuck noch verst\u00e4rkt werden und bietet vielseitige Styling-Optionen, egal ob in der Hand getragen oder in der Armbeuge. Diese Tasche befindet sich in einem brandneuen Zustand und wird von einem Herm\u00e8s-Staubbeutel, einer Herm\u00e8s-Box und der Rechnung aus dem Jahr 2024 begleitet.<\/p>\n","protected":false},"featured_media":17778,"template":"","meta":[],"product_brand":[2404],"product_cat":[347,349,351],"product_tag":[1778,2305],"class_list":{"0":"post-17769","1":"product","2":"type-product","3":"status-publish","4":"has-post-thumbnail","6":"product_brand-hermes-de","7":"product_cat-handtasche","8":"product_cat-shopper-de","9":"product_cat-kleine-taschen","10":"product_tag-hermes-picotin-18-de","11":"product_tag-picotin-18-dunkle-bronze","12":"pa_brand-hermes-de","13":"pa_color-braun","14":"pa_grade-grad-1","15":"pa_hermes-models-andere-modelle","16":"pa_material-leder","18":"first","19":"outofstock","20":"sold-individually","21":"product-type-simple"},"_links":{"self":[{"href":"https:\/\/handbag-sense.com\/de\/wp-json\/wp\/v2\/product\/17769","targetHints":{"allow":["GET"]}}],"collection":[{"href":"https:\/\/handbag-sense.com\/de\/wp-json\/wp\/v2\/product"}],"about":[{"href":"https:\/\/handbag-sense.com\/de\/wp-json\/wp\/v2\/types\/product"}],"wp:featuredmedia":[{"embeddable":true,"href":"https:\/\/handbag-sense.com\/de\/wp-json\/wp\/v2\/media\/17778"}],"wp:attachment":[{"href":"https:\/\/handbag-sense.com\/de\/wp-json\/wp\/v2\/media?parent=17769"}],"wp:term":[{"taxonomy":"product_brand","embeddable":true,"href":"https:\/\/handbag-sense.com\/de\/wp-json\/wp\/v2\/product_brand?post=17769"},{"taxonomy":"product_cat","embeddable":true,"href":"https:\/\/handbag-sense.com\/de\/wp-json\/wp\/v2\/product_cat?post=17769"},{"taxonomy":"product_tag","embeddable":true,"href":"https:\/\/handbag-sense.com\/de\/wp-json\/wp\/v2\/product_tag?post=17769"}],"curies":[{"name":"wp","href":"https:\/\/api.w.org\/{rel}","templated":true}]}}