{"id":17764,"date":"2025-02-12T19:01:39","date_gmt":"2025-02-12T18:01:39","guid":{"rendered":"https:\/\/handbag-sense.com\/?post_type=product&#038;p=17764"},"modified":"2025-05-15T15:52:54","modified_gmt":"2025-05-15T13:52:54","slug":"hermes-birkin-30-togo-capucine","status":"publish","type":"product","link":"https:\/\/handbag-sense.com\/de\/produkt\/hermes-birkin-30-togo-capucine\/","title":{"rendered":"Birkin 30 Togo Capucine"},"content":{"rendered":"<div class=\"c-columns-m-1 c-columns-2 c-columns-gap-s\">\n<div><strong>Material:<\/strong> Togo Leder<br \/>\n<strong>Farbe:<\/strong> Capucine<br \/>\n<strong>Metallelemente:<\/strong> Palladium Hardware<br \/>\n<strong>Innenmaterial:<\/strong> Leder<\/div>\n<div><strong>Grad: <\/strong> 1 <img decoding=\"async\" class=\"info_box alignnone size-medium wp-image-885\" title=\"Info\" role=\"img\" src=\"https:\/\/handbag-sense.com\/wp-content\/uploads\/2023\/05\/info_icon.svg\" alt=\"info box\" width=\"15\" height=\"15\" \/><br \/>\n<strong>Jahresstempel:<\/strong> 2024 \/ W<br \/>\n<strong>Gr\u00f6\u00dfe:<\/strong> 30 x 22 x 16 cm<br \/>\n<strong>Versand:<\/strong> Weltweit<\/div>\n<\/div>\n<p><strong>Enth\u00e4lt:<\/strong> Originalrechnung, Staubbeutel, Clochette, Schloss, Schl\u00fcssel, Filz, Heft, Box<\/p>\n","protected":false},"excerpt":{"rendered":"<p><strong>Herm\u00e8s Birkin 30 Togo Capucine Palladium Beschl\u00e4ge<\/strong>. Diese Birkin 30 Tasche ist handgefertigt aus Togo-Leder in der Farbe Capucine mit Palladium-Beschl\u00e4gen. Die Herm\u00e8s Birkin 30 ist eine bleibende Ikone in der Welt der High-End-Handtaschen und wird seit langem f\u00fcr ihre unvergleichliche Eleganz und Klasse gefeiert. Dieses besondere St\u00fcck wird komplett mit einer Clochette, einem Schloss mit zwei Schl\u00fcsseln, dem charakteristischen Herm\u00e8s-Staubbeutel und der ikonischen orangefarbenen Box geliefert. Die <strong>Herm\u00e8s Birkin 30 Capucine <\/strong>Tasche befindet sich in einem brandneuen Zustand, die Originalrechnung aus dem Jahr 2024 ist im Lieferumfang enthalten.<\/p>\n","protected":false},"featured_media":18346,"template":"","meta":[],"product_brand":[2404],"product_cat":[347],"product_tag":[2049,1412,1984],"class_list":{"0":"post-17764","1":"product","2":"type-product","3":"status-publish","4":"has-post-thumbnail","6":"product_brand-hermes-de","7":"product_cat-handtasche","8":"product_tag-birkin-30-togo-de","9":"product_tag-hermes-birkin-30-de","10":"product_tag-hermes-birkin-tasche","11":"pa_brand-hermes-de","12":"pa_color-orange-de","13":"pa_grade-grad-1","14":"pa_hermes-models-birkin-de","15":"pa_material-leder","17":"first","18":"outofstock","19":"sold-individually","20":"shipping-taxable","21":"product-type-simple"},"_links":{"self":[{"href":"https:\/\/handbag-sense.com\/de\/wp-json\/wp\/v2\/product\/17764","targetHints":{"allow":["GET"]}}],"collection":[{"href":"https:\/\/handbag-sense.com\/de\/wp-json\/wp\/v2\/product"}],"about":[{"href":"https:\/\/handbag-sense.com\/de\/wp-json\/wp\/v2\/types\/product"}],"wp:featuredmedia":[{"embeddable":true,"href":"https:\/\/handbag-sense.com\/de\/wp-json\/wp\/v2\/media\/18346"}],"wp:attachment":[{"href":"https:\/\/handbag-sense.com\/de\/wp-json\/wp\/v2\/media?parent=17764"}],"wp:term":[{"taxonomy":"product_brand","embeddable":true,"href":"https:\/\/handbag-sense.com\/de\/wp-json\/wp\/v2\/product_brand?post=17764"},{"taxonomy":"product_cat","embeddable":true,"href":"https:\/\/handbag-sense.com\/de\/wp-json\/wp\/v2\/product_cat?post=17764"},{"taxonomy":"product_tag","embeddable":true,"href":"https:\/\/handbag-sense.com\/de\/wp-json\/wp\/v2\/product_tag?post=17764"}],"curies":[{"name":"wp","href":"https:\/\/api.w.org\/{rel}","templated":true}]}}