{"id":17736,"date":"2025-02-11T18:18:07","date_gmt":"2025-02-11T17:18:07","guid":{"rendered":"https:\/\/handbag-sense.com\/?post_type=product&#038;p=17736"},"modified":"2025-05-06T13:02:22","modified_gmt":"2025-05-06T11:02:22","slug":"chanel-timeless-jumbo-double-flap-lila","status":"publish","type":"product","link":"https:\/\/handbag-sense.com\/de\/produkt\/chanel-timeless-jumbo-double-flap-lila\/","title":{"rendered":"Zeitloser Jumbo Double Flap Flieder"},"content":{"rendered":"<div class=\"c-columns-m-1 c-columns-2 c-columns-gap-s\">\n<div><strong>Material:<\/strong> Lammfell<br \/>\n<strong>Farbe:<\/strong> Flieder<br \/>\n<strong>Metallelemente:<\/strong> Silber Hardware<br \/>\n<strong>Innenmaterial:<\/strong> Leder<\/div>\n<div><strong>Note: <\/strong> 4 <img decoding=\"async\" class=\"info_box alignnone size-medium wp-image-885\" title=\"Info\" role=\"img\" src=\"https:\/\/handbag-sense.com\/wp-content\/uploads\/2023\/05\/info_icon.svg\" alt=\"info box\" width=\"15\" height=\"15\" \/><br \/>\n<strong>Produktionsjahr\/Seriencode:<\/strong> 2011, beginnend mit 156...<br \/>\n<strong>Gr\u00f6\u00dfe:<\/strong> 30 x 19,5 x 10 cm<\/div>\n<\/div>\n<p><strong>Enth\u00e4lt:<\/strong> Echtheitskarte, Staubbeutel<\/p>\n","protected":false},"excerpt":{"rendered":"<p><strong>Chanel Timeless Jumbo Double Flap Lila mit silberner Hardware. <\/strong>Die <strong data-start=\"135\" data-end=\"168\">Classic Jumbo Double Flap Bag<\/strong> ist eine ikonische und zeitlose Chanel-Tasche. Perfekt f\u00fcr jeden Anlass, bietet es viel Platz f\u00fcr das N\u00f6tigste und ist damit ideal f\u00fcr Shopping-Tage oder die Arbeit. Diese elegante Tasche aus Lammleder in einem sch\u00f6nen Fliederton verf\u00fcgt \u00fcber einen geflochtenen Kettenriemen und den charakteristischen CC-Drehverschluss in Silber. Der Innenraum ist durchdacht gestaltet mit einem ger\u00e4umigen Hauptfach, einem Einschubfach, einem Rei\u00dfverschlussfach und zwei kleinen Taschen, w\u00e4hrend sich auf der R\u00fcckseite eine zus\u00e4tzliche aufgesetzte Tasche befindet. Diese Tasche ist vielseitig zu tragen und kann \u00fcber der Schulter oder als Umh\u00e4ngetasche getragen werden, um einen raffinierten und dennoch bequemen Look zu erzielen. Diese Tasche ist in sehr gutem Zustand und wird mit Staubbeutel und Echtheitskarte geliefert.<\/p>\n","protected":false},"featured_media":18349,"template":"","meta":[],"product_brand":[2417],"product_cat":[347],"product_tag":[],"class_list":{"0":"post-17736","1":"product","2":"type-product","3":"status-publish","4":"has-post-thumbnail","6":"product_brand-chanel-de","7":"product_cat-handtasche","8":"pa_brand-chanel-de","9":"pa_chanel-models-timeless-classique-de","10":"pa_color-lila","11":"pa_color-andere-farben","12":"pa_grade-grad-4","13":"pa_material-leder","15":"first","16":"outofstock","17":"shipping-taxable","18":"product-type-simple"},"_links":{"self":[{"href":"https:\/\/handbag-sense.com\/de\/wp-json\/wp\/v2\/product\/17736","targetHints":{"allow":["GET"]}}],"collection":[{"href":"https:\/\/handbag-sense.com\/de\/wp-json\/wp\/v2\/product"}],"about":[{"href":"https:\/\/handbag-sense.com\/de\/wp-json\/wp\/v2\/types\/product"}],"wp:featuredmedia":[{"embeddable":true,"href":"https:\/\/handbag-sense.com\/de\/wp-json\/wp\/v2\/media\/18349"}],"wp:attachment":[{"href":"https:\/\/handbag-sense.com\/de\/wp-json\/wp\/v2\/media?parent=17736"}],"wp:term":[{"taxonomy":"product_brand","embeddable":true,"href":"https:\/\/handbag-sense.com\/de\/wp-json\/wp\/v2\/product_brand?post=17736"},{"taxonomy":"product_cat","embeddable":true,"href":"https:\/\/handbag-sense.com\/de\/wp-json\/wp\/v2\/product_cat?post=17736"},{"taxonomy":"product_tag","embeddable":true,"href":"https:\/\/handbag-sense.com\/de\/wp-json\/wp\/v2\/product_tag?post=17736"}],"curies":[{"name":"wp","href":"https:\/\/api.w.org\/{rel}","templated":true}]}}