{"id":17732,"date":"2025-02-11T17:18:24","date_gmt":"2025-02-11T16:18:24","guid":{"rendered":"https:\/\/handbag-sense.com\/?post_type=product&#038;p=17732"},"modified":"2025-05-06T11:53:55","modified_gmt":"2025-05-06T09:53:55","slug":"hermes-birkin-35-togo-bleu-atoll","status":"publish","type":"product","link":"https:\/\/handbag-sense.com\/de\/produkt\/hermes-birkin-35-togo-bleu-atoll\/","title":{"rendered":"Birkin 35 Bleu Atoll Taurillon Clemence"},"content":{"rendered":"<div class=\"c-columns-m-1 c-columns-2 c-columns-gap-s\">\n<div><strong>Material:<\/strong> Taurillon Clemence<br \/>\n<strong>Farbe:<\/strong> Bleu Atoll<br \/>\n<strong>Metallelemente:<\/strong> Palladium Hardware<br \/>\n<strong>Innenmaterial:<\/strong> Leder<\/div>\n<div><strong>Grad: <\/strong>1 <img decoding=\"async\" class=\"info_box alignnone size-medium wp-image-885\" title=\"Info\" role=\"img\" src=\"https:\/\/handbag-sense.com\/wp-content\/uploads\/2023\/05\/info_icon.svg\" alt=\"info box\" width=\"15\" height=\"15\" \/><br \/>\n<strong>Jahresstempel:<\/strong> 2017 \/ A<br \/>\n<strong>Gr\u00f6\u00dfe: <\/strong>35 x 25 x 18 cm<br \/>\n<strong>Versand:<\/strong> Weltweit<\/div>\n<\/div>\n<p><strong>Enth\u00e4lt:<\/strong> Originalbeleg, Staubbeutel, Clochette, Schl\u00fcssel, Schloss, Filz<\/p>\n","protected":false},"excerpt":{"rendered":"<p><strong>Herm\u00e8s Birkin 35 Bleu Atoll Taurillon Clemence mit Palladium-Hardware<\/strong>. Diese ikonische Birkin 35 Handtasche ist handgefertigt aus Taurillon Clemence-Leder in der Farbe Bleu Atoll und veredelt mit Palladium-Beschl\u00e4gen. Als zeitloses Symbol f\u00fcr modische Exzellenz gilt die Birkin als Ikone in der Welt der Luxushandtaschen und steht f\u00fcr unvergleichliche Eleganz und Klasse. Im Lieferumfang enthalten sind eine Clochette, ein Schloss mit zwei Schl\u00fcsseln und der charakteristische Herm\u00e8s-Staubbeutel. Die <strong>Herm\u00e8s Birkin 35 Bleu Atoll <\/strong>befindet sich in einem neuen und ungetragenen Zustand, die Originalrechnung aus dem Jahr 2017 ist im Lieferumfang enthalten.<\/p>\n<p>&nbsp;<\/p>\n","protected":false},"featured_media":18316,"template":"","meta":[],"product_brand":[2404],"product_cat":[347],"product_tag":[2043,1501,1984],"class_list":{"0":"post-17732","1":"product","2":"type-product","3":"status-publish","4":"has-post-thumbnail","6":"product_brand-hermes-de","7":"product_cat-handtasche","8":"product_tag-birkin-35-togo-de","9":"product_tag-hermes-birkin-35-de","10":"product_tag-hermes-birkin-tasche","11":"pa_brand-hermes-de","12":"pa_color-blau","13":"pa_grade-grad-1","14":"pa_hermes-models-birkin-de","15":"pa_material-leder","17":"first","18":"outofstock","19":"sold-individually","20":"product-type-simple"},"_links":{"self":[{"href":"https:\/\/handbag-sense.com\/de\/wp-json\/wp\/v2\/product\/17732","targetHints":{"allow":["GET"]}}],"collection":[{"href":"https:\/\/handbag-sense.com\/de\/wp-json\/wp\/v2\/product"}],"about":[{"href":"https:\/\/handbag-sense.com\/de\/wp-json\/wp\/v2\/types\/product"}],"wp:featuredmedia":[{"embeddable":true,"href":"https:\/\/handbag-sense.com\/de\/wp-json\/wp\/v2\/media\/18316"}],"wp:attachment":[{"href":"https:\/\/handbag-sense.com\/de\/wp-json\/wp\/v2\/media?parent=17732"}],"wp:term":[{"taxonomy":"product_brand","embeddable":true,"href":"https:\/\/handbag-sense.com\/de\/wp-json\/wp\/v2\/product_brand?post=17732"},{"taxonomy":"product_cat","embeddable":true,"href":"https:\/\/handbag-sense.com\/de\/wp-json\/wp\/v2\/product_cat?post=17732"},{"taxonomy":"product_tag","embeddable":true,"href":"https:\/\/handbag-sense.com\/de\/wp-json\/wp\/v2\/product_tag?post=17732"}],"curies":[{"name":"wp","href":"https:\/\/api.w.org\/{rel}","templated":true}]}}