{"id":17606,"date":"2025-01-29T17:37:42","date_gmt":"2025-01-29T16:37:42","guid":{"rendered":"https:\/\/handbag-sense.com\/?post_type=product&#038;p=17606"},"modified":"2025-05-06T11:53:58","modified_gmt":"2025-05-06T09:53:58","slug":"hermes-kelly-mini-craie-epsom","status":"publish","type":"product","link":"https:\/\/handbag-sense.com\/de\/produkt\/hermes-kelly-mini-craie-epsom\/","title":{"rendered":"Kelly Mini Craie Epsom"},"content":{"rendered":"<div class=\"c-columns-m-1 c-columns-2 c-columns-gap-s\">\n<div><strong>Material:<\/strong> Epsom Leder<br \/>\n<strong>Farbe:<\/strong> Craie<br \/>\n<strong>Metallelemente:<\/strong> Permabrass Hardware<br \/>\n<strong>Innenmaterial:<\/strong> Leder<\/div>\n<div><strong>Grad:<\/strong> 1 <img decoding=\"async\" class=\"info_box alignnone size-medium wp-image-885\" title=\"Info\" role=\"img\" src=\"https:\/\/handbag-sense.com\/wp-content\/uploads\/2023\/05\/info_icon.svg\" alt=\"info box\" width=\"15\" height=\"15\" \/><br \/>\n<strong>Jahresstempel:<\/strong> 2025 \/ W<br \/>\n<strong>Gr\u00f6\u00dfe:<\/strong> 20 x 12 x 6 cm<br \/>\n<strong>Versand:<\/strong> Weltweit<\/div>\n<\/div>\n<p><strong>Enth\u00e4lt:<\/strong> Originalrechnung, Staubbeutel, Gurt, Booklet, Box<\/p>\n","protected":false},"excerpt":{"rendered":"<p><strong>Herm\u00e8s Kelly Mini Craie Epsom mit Permabrass Hardware<\/strong>. Diese seltene Kelly Mini Tasche ist handgefertigt aus Bitterleder in der Farbe Craie und verziert mit champagnerfarbenen Permabrass-Beschl\u00e4gen. Die <strong>Kelly 20 Craie Tasche<\/strong> ist absolut neu und nie getragen, wird mit der Originalquittung von 2025 geliefert. Im Lieferumfang enthalten sind ein Schultergurt, ein Herm\u00e8s-Staubbeutel und die orangefarbene Box. Die Kelly Tasche aus dem Hause Herm\u00e8s Die <strong>Mini Kelly Bag<\/strong> ist perfekt f\u00fcr alle, die die feineren Details sch\u00e4tzen. Mit seiner kompakten Gr\u00f6\u00dfe ist er der ideale Begleiter f\u00fcr besondere Anl\u00e4sse oder als stilvolles Accessoire f\u00fcr den Alltag. Ob als besonderes Geschenk oder als Statement-Piece f\u00fcr Ihren individuellen Style \u2013 diese Mini Kelly Bag wird Ihren Look auf subtile Weise perfektionieren.<\/p>\n","protected":false},"featured_media":18322,"template":"","meta":[],"product_brand":[2404],"product_cat":[347,350,351,344,346],"product_tag":[1637,2309,2310],"class_list":{"0":"post-17606","1":"product","2":"type-product","3":"status-publish","4":"has-post-thumbnail","6":"product_brand-hermes-de","7":"product_cat-handtasche","8":"product_cat-schultertaschen","9":"product_cat-kleine-taschen","10":"product_cat-pochette-de","11":"product_cat-abendtasche","12":"product_tag-hermes-kelly-mini-de","13":"product_tag-kelly-20-craie-de","14":"product_tag-kelly-mini-criae-de","15":"pa_brand-hermes-de","16":"pa_color-weiss","17":"pa_grade-grad-1","18":"pa_hermes-models-kelly-de","19":"pa_material-leder","21":"first","22":"outofstock","23":"sold-individually","24":"shipping-taxable","25":"product-type-simple"},"_links":{"self":[{"href":"https:\/\/handbag-sense.com\/de\/wp-json\/wp\/v2\/product\/17606","targetHints":{"allow":["GET"]}}],"collection":[{"href":"https:\/\/handbag-sense.com\/de\/wp-json\/wp\/v2\/product"}],"about":[{"href":"https:\/\/handbag-sense.com\/de\/wp-json\/wp\/v2\/types\/product"}],"wp:featuredmedia":[{"embeddable":true,"href":"https:\/\/handbag-sense.com\/de\/wp-json\/wp\/v2\/media\/18322"}],"wp:attachment":[{"href":"https:\/\/handbag-sense.com\/de\/wp-json\/wp\/v2\/media?parent=17606"}],"wp:term":[{"taxonomy":"product_brand","embeddable":true,"href":"https:\/\/handbag-sense.com\/de\/wp-json\/wp\/v2\/product_brand?post=17606"},{"taxonomy":"product_cat","embeddable":true,"href":"https:\/\/handbag-sense.com\/de\/wp-json\/wp\/v2\/product_cat?post=17606"},{"taxonomy":"product_tag","embeddable":true,"href":"https:\/\/handbag-sense.com\/de\/wp-json\/wp\/v2\/product_tag?post=17606"}],"curies":[{"name":"wp","href":"https:\/\/api.w.org\/{rel}","templated":true}]}}