{"id":17573,"date":"2025-01-24T17:32:37","date_gmt":"2025-01-24T16:32:37","guid":{"rendered":"https:\/\/handbag-sense.com\/?post_type=product&#038;p=17573"},"modified":"2025-05-06T11:54:00","modified_gmt":"2025-05-06T09:54:00","slug":"hermes-birkin-35-togo-etoupe","status":"publish","type":"product","link":"https:\/\/handbag-sense.com\/de\/produkt\/hermes-birkin-35-togo-etoupe\/","title":{"rendered":"Birkin 35 Togo Etoupe"},"content":{"rendered":"<div class=\"c-columns-m-1 c-columns-2 c-columns-gap-s\">\n<div><strong>Material:<\/strong> Togo Leder<br \/>\n<strong>Farbe:<\/strong> Etoupe<br \/>\n<strong>Metallelemente:<\/strong> Gold Hardware<br \/>\n<strong>Innenmaterial:<\/strong> Leder<\/div>\n<div><strong>Grad: <\/strong>1 <img decoding=\"async\" class=\"info_box alignnone size-medium wp-image-885\" title=\"Info\" role=\"img\" src=\"https:\/\/handbag-sense.com\/wp-content\/uploads\/2023\/05\/info_icon.svg\" alt=\"info box\" width=\"15\" height=\"15\" \/><br \/>\n<strong>Jahresstempel:<\/strong> 2025 \/ W<br \/>\n<strong>Gr\u00f6\u00dfe: <\/strong>35 x 25 x 18 cm<br \/>\n<strong>Versand:<\/strong> Weltweit<\/div>\n<\/div>\n<p><strong>Enth\u00e4lt:<\/strong> Rechnung, Staubbeutel, Clochette, Schl\u00fcssel, Schloss, Filz, Booklet, Box<\/p>\n","protected":false},"excerpt":{"rendered":"<p><strong>Herm\u00e8s Birkin 35 Togo Etoupe mit goldenen Beschl\u00e4gen<\/strong>. Diese ikonische Birkin 35 Handtasche ist aus Togo-Leder in der Farbe Etoupe handgefertigt und mit goldenen Beschl\u00e4gen veredelt. Als zeitloses Symbol f\u00fcr modische Exzellenz gilt die Birkin als Ikone in der Welt der Luxushandtaschen und steht f\u00fcr unvergleichliche Eleganz und Klasse. Im Lieferumfang enthalten sind eine Clochette, ein Schloss mit zwei Schl\u00fcsseln, der charakteristische Herm\u00e8s-Staubbeutel und die ikonische orangefarbene Box. Das <strong>Herm\u00e8s Birkin Etoupe<\/strong> befindet sich in einem brandneuen und ungetragenen Zustand, die Originalrechnung aus dem Jahr 2025 ist im Lieferumfang enthalten.<\/p>\n<p>&nbsp;<\/p>\n","protected":false},"featured_media":18310,"template":"","meta":[],"product_brand":[2404],"product_cat":[347],"product_tag":[2043,1501,1984],"class_list":{"0":"post-17573","1":"product","2":"type-product","3":"status-publish","4":"has-post-thumbnail","6":"product_brand-hermes-de","7":"product_cat-handtasche","8":"product_tag-birkin-35-togo-de","9":"product_tag-hermes-birkin-35-de","10":"product_tag-hermes-birkin-tasche","11":"pa_brand-hermes-de","12":"pa_color-taupe-de","13":"pa_grade-grad-1","14":"pa_hermes-models-birkin-de","15":"pa_material-leder","17":"first","18":"outofstock","19":"sold-individually","20":"product-type-simple"},"_links":{"self":[{"href":"https:\/\/handbag-sense.com\/de\/wp-json\/wp\/v2\/product\/17573","targetHints":{"allow":["GET"]}}],"collection":[{"href":"https:\/\/handbag-sense.com\/de\/wp-json\/wp\/v2\/product"}],"about":[{"href":"https:\/\/handbag-sense.com\/de\/wp-json\/wp\/v2\/types\/product"}],"wp:featuredmedia":[{"embeddable":true,"href":"https:\/\/handbag-sense.com\/de\/wp-json\/wp\/v2\/media\/18310"}],"wp:attachment":[{"href":"https:\/\/handbag-sense.com\/de\/wp-json\/wp\/v2\/media?parent=17573"}],"wp:term":[{"taxonomy":"product_brand","embeddable":true,"href":"https:\/\/handbag-sense.com\/de\/wp-json\/wp\/v2\/product_brand?post=17573"},{"taxonomy":"product_cat","embeddable":true,"href":"https:\/\/handbag-sense.com\/de\/wp-json\/wp\/v2\/product_cat?post=17573"},{"taxonomy":"product_tag","embeddable":true,"href":"https:\/\/handbag-sense.com\/de\/wp-json\/wp\/v2\/product_tag?post=17573"}],"curies":[{"name":"wp","href":"https:\/\/api.w.org\/{rel}","templated":true}]}}