{"id":17273,"date":"2024-12-22T23:15:28","date_gmt":"2024-12-22T22:15:28","guid":{"rendered":"https:\/\/handbag-sense.com\/?post_type=product&#038;p=17273"},"modified":"2025-09-19T06:49:13","modified_gmt":"2025-09-19T04:49:13","slug":"hermes-birkin-35-togo-schwarz-2","status":"publish","type":"product","link":"https:\/\/handbag-sense.com\/de\/produkt\/hermes-birkin-35-togo-schwarz-2\/","title":{"rendered":"Birkin 35 Togo Schwarz"},"content":{"rendered":"<div class=\"c-columns-m-1 c-columns-2 c-columns-gap-s\">\n<div><strong>Material:<\/strong> Togo Leder<br \/>\n<strong>Farbe:<\/strong> Schwarz<br \/>\n<strong>Metallelemente:<\/strong> Gold Hardware<br \/>\n<strong>Innenmaterial:<\/strong> Leder<\/div>\n<div><strong>Grad: <\/strong>1 <img decoding=\"async\" class=\"info_box alignnone size-medium wp-image-885\" title=\"Info\" role=\"img\" src=\"https:\/\/handbag-sense.com\/wp-content\/uploads\/2023\/05\/info_icon.svg\" alt=\"info box\" width=\"15\" height=\"15\" \/><br \/>\n<strong>Jahresstempel:<\/strong> 2013 \/ Q<br \/>\n<strong>Gr\u00f6\u00dfe: <\/strong>35 x 25 x 18 cm<br \/>\n<strong>Versand:<\/strong> Weltweit<\/div>\n<\/div>\n<p><strong>Enth\u00e4lt:<\/strong> Rechnung, Staubbeutel, Clochette, Schl\u00fcssel, Schloss, Filz, Booklet, Box<\/p>\n","protected":false},"excerpt":{"rendered":"<p data-start=\"149\" data-end=\"242\"><strong data-start=\"158\" data-end=\"242\">Herm\u00e8s Birkin 35 Togo Schwarz mit goldener Hardware \u2013 ungetragen (2013).\u00a0<\/strong>Ein echtes Symbol f\u00fcr zeitlose Eleganz: Die <strong data-start=\"288\" data-end=\"308\">Herm\u00e8s Birkin 35<\/strong> in <strong data-start=\"312\" data-end=\"334\">Togo-Leder Schwarz<\/strong> mit <strong data-start=\"339\" data-end=\"360\">goldener Hardware<\/strong>verk\u00f6rpert h\u00f6chste Handwerkskunst und stilvolle Raffinesse. Handgefertigt in Frankreich aus strapazierf\u00e4higem, genarbtem Togo-Leder, verbindet diese Tasche klassische \u00c4sthetik mit funktionaler Gr\u00f6\u00dfe.<\/p>\n<p class=\"\" data-start=\"562\" data-end=\"905\">Das tiefe Schwarz harmoniert perfekt mit der warmen Ausstrahlung der <strong data-start=\"631\" data-end=\"652\">goldenen Hardware<\/strong> und macht diese Birkin zu einem eleganten Begleiter f\u00fcr Business, Events oder den Alltag. Mit einer gro\u00dfz\u00fcgigen Gr\u00f6\u00dfe von 35 cm bietet sie ausreichend Platz und bleibt dennoch stilvoll \u2013 ideal f\u00fcr Sammler*innen oder als Einstieg in die Welt von Herm\u00e8s.<\/p>\n<p class=\"\" data-start=\"907\" data-end=\"995\">Diese <strong data-start=\"913\" data-end=\"971\">Birkin 35 befindet sich in neuem, ungetragenem Zustand<\/strong> und wird geliefert mit: <strong data-start=\"998\" data-end=\"1011\">Clochette, <\/strong><strong data-start=\"1016\" data-end=\"1047\">Schloss mit zwei Schl\u00fcssel, <\/strong><strong data-start=\"1052\" data-end=\"1074\">Herm\u00e8s Staubbeutel, d<\/strong><strong data-start=\"1079\" data-end=\"1109\">er ikonischen orangen Box, <\/strong><strong data-start=\"1114\" data-end=\"1152\">Originalrechnung von Herm\u00e8s (2013).<\/strong><\/p>\n<p class=\"\" data-start=\"1154\" data-end=\"1285\">Die <strong data-start=\"1158\" data-end=\"1186\">Herm\u00e8s Birkin in Schwarz<\/strong> ist mehr als nur eine Tasche \u2013 sie ist ein Statement, ein Investment und ein St\u00fcck Modegeschichte.<\/p>\n<p>&nbsp;<\/p>\n","protected":false},"featured_media":18298,"template":"","meta":[],"product_brand":[2404],"product_cat":[347],"product_tag":[2321,2043,1501,1984],"class_list":{"0":"post-17273","1":"product","2":"type-product","3":"status-publish","4":"has-post-thumbnail","6":"product_brand-hermes-de","7":"product_cat-handtasche","8":"product_tag-birkin-35-schwarz","9":"product_tag-birkin-35-togo-de","10":"product_tag-hermes-birkin-35-de","11":"product_tag-hermes-birkin-tasche","12":"pa_brand-hermes-de","13":"pa_color-schwarz","14":"pa_grade-grad-1","15":"pa_hermes-models-birkin-de","16":"pa_material-leder","18":"first","19":"outofstock","20":"sold-individually","21":"purchasable","22":"product-type-simple"},"_links":{"self":[{"href":"https:\/\/handbag-sense.com\/de\/wp-json\/wp\/v2\/product\/17273","targetHints":{"allow":["GET"]}}],"collection":[{"href":"https:\/\/handbag-sense.com\/de\/wp-json\/wp\/v2\/product"}],"about":[{"href":"https:\/\/handbag-sense.com\/de\/wp-json\/wp\/v2\/types\/product"}],"wp:featuredmedia":[{"embeddable":true,"href":"https:\/\/handbag-sense.com\/de\/wp-json\/wp\/v2\/media\/18298"}],"wp:attachment":[{"href":"https:\/\/handbag-sense.com\/de\/wp-json\/wp\/v2\/media?parent=17273"}],"wp:term":[{"taxonomy":"product_brand","embeddable":true,"href":"https:\/\/handbag-sense.com\/de\/wp-json\/wp\/v2\/product_brand?post=17273"},{"taxonomy":"product_cat","embeddable":true,"href":"https:\/\/handbag-sense.com\/de\/wp-json\/wp\/v2\/product_cat?post=17273"},{"taxonomy":"product_tag","embeddable":true,"href":"https:\/\/handbag-sense.com\/de\/wp-json\/wp\/v2\/product_tag?post=17273"}],"curies":[{"name":"wp","href":"https:\/\/api.w.org\/{rel}","templated":true}]}}