{"id":17144,"date":"2024-12-10T16:45:33","date_gmt":"2024-12-10T15:45:33","guid":{"rendered":"https:\/\/handbag-sense.com\/?post_type=product&#038;p=17144"},"modified":"2025-05-06T15:07:15","modified_gmt":"2025-05-06T13:07:15","slug":"bulgari-serpenti-viper-ring-2","status":"publish","type":"product","link":"https:\/\/handbag-sense.com\/de\/produkt\/bulgari-serpenti-viper-ring-2\/","title":{"rendered":"Serpenti Viper Ring"},"content":{"rendered":"<div class=\"c-columns-m-1 c-columns-2 c-columns-gap-s\">\n<div><strong>Farbe:<\/strong> Ros\u00e9farbene<br \/>\n<strong>Metallelemente:<\/strong> Ros\u00e9gold<\/div>\n<div><strong>Klasse:<\/strong> 2 <img decoding=\"async\" class=\"info_box alignnone size-medium wp-image-885\" title=\"Info\" role=\"img\" src=\"https:\/\/handbag-sense.com\/wp-content\/uploads\/2023\/05\/info_icon.svg\" alt=\"info box\" width=\"15\" height=\"15\"><br \/>\n<strong>Gr\u00f6\u00dfe:<\/strong> S<\/div>\n<\/div>\n<p><strong>Enth\u00e4lt:<\/strong> Staubbeutel, Karton, Originalbeleg, Zertifikat<\/p>\n","protected":false},"excerpt":{"rendered":"<p>Der <strong>Bulgari Serpenti Viper-Ring<\/strong> in doppeltem Spiralen-Design aus 18 Karat Ros\u00e9gold ist an Kopf und Heck (0,10 Karat) mit Diamantpav\u00e9-Details verziert. Mit seiner eleganten \u00c4sthetik, den schmeichelhaften Kurven und dem charismatischen Design ist dieser Ring eine exquisite Interpretation der Serpenti-Kollektion \u2013 ein Symbol f\u00fcr Verwandlung und ewige Ver\u00e4nderung. Der Ring in Gr\u00f6\u00dfe S befindet sich in neuwertigem Zustand und wird mit der Originalrechnung und der Originalverpackung geliefert. Ein luxuri\u00f6ses Statement-Piece f\u00fcr besondere Anl\u00e4sse.   <\/p>\n","protected":false},"featured_media":16952,"template":"","meta":[],"product_brand":[2412],"product_cat":[342,1588],"product_tag":[2209],"class_list":{"0":"post-17144","1":"product","2":"type-product","3":"status-publish","4":"has-post-thumbnail","6":"product_brand-bulgari-de","7":"product_cat-accessoire-de","8":"product_cat-schmuck","9":"product_tag-bulgari-serpenti-viper-ring-de","10":"pa_brand-bulgari-de","11":"pa_color-pink-de","12":"pa_grade-grad-2","14":"first","15":"outofstock","16":"shipping-taxable","17":"product-type-simple"},"_links":{"self":[{"href":"https:\/\/handbag-sense.com\/de\/wp-json\/wp\/v2\/product\/17144","targetHints":{"allow":["GET"]}}],"collection":[{"href":"https:\/\/handbag-sense.com\/de\/wp-json\/wp\/v2\/product"}],"about":[{"href":"https:\/\/handbag-sense.com\/de\/wp-json\/wp\/v2\/types\/product"}],"wp:featuredmedia":[{"embeddable":true,"href":"https:\/\/handbag-sense.com\/de\/wp-json\/wp\/v2\/media\/16952"}],"wp:attachment":[{"href":"https:\/\/handbag-sense.com\/de\/wp-json\/wp\/v2\/media?parent=17144"}],"wp:term":[{"taxonomy":"product_brand","embeddable":true,"href":"https:\/\/handbag-sense.com\/de\/wp-json\/wp\/v2\/product_brand?post=17144"},{"taxonomy":"product_cat","embeddable":true,"href":"https:\/\/handbag-sense.com\/de\/wp-json\/wp\/v2\/product_cat?post=17144"},{"taxonomy":"product_tag","embeddable":true,"href":"https:\/\/handbag-sense.com\/de\/wp-json\/wp\/v2\/product_tag?post=17144"}],"curies":[{"name":"wp","href":"https:\/\/api.w.org\/{rel}","templated":true}]}}