{"id":17141,"date":"2024-12-10T14:20:49","date_gmt":"2024-12-10T13:20:49","guid":{"rendered":"https:\/\/handbag-sense.com\/?post_type=product&#038;p=17141"},"modified":"2025-05-06T15:07:18","modified_gmt":"2025-05-06T13:07:18","slug":"bulgari-serpenti-viper-ring","status":"publish","type":"product","link":"https:\/\/handbag-sense.com\/de\/produkt\/bulgari-serpenti-viper-ring\/","title":{"rendered":"Serpenti Viper Ring"},"content":{"rendered":"<div class=\"c-columns-m-1 c-columns-2 c-columns-gap-s\">\n<div><strong>Farbe:<\/strong> Gelbe<br \/>\n<strong>Metallelemente:<\/strong> Wei\u00dfgold<\/div>\n<div><strong>Klasse:<\/strong> 2 <img decoding=\"async\" class=\"info_box alignnone size-medium wp-image-885\" title=\"Info\" role=\"img\" src=\"https:\/\/handbag-sense.com\/wp-content\/uploads\/2023\/05\/info_icon.svg\" alt=\"info box\" width=\"15\" height=\"15\"><br \/>\n<strong>Gr\u00f6\u00dfe:<\/strong> S<\/div>\n<\/div>\n<p><strong>Enth\u00e4lt:<\/strong> Staubbeutel, Karton, Originalbeleg, Zertifikat<\/p>\n","protected":false},"excerpt":{"rendered":"<p>Der <strong>Bulgari Serpenti Viper Ring<\/strong> in 18 Karat Wei\u00dfgold besticht durch sein elegantes, flie\u00dfendes Design und ein vollst\u00e4ndig gefasstes Diamantpav\u00e9 (0,59 Karat). Dieses ikonische Schmuckst\u00fcck vereint pure \u00c4sthetik, schmeichelhafte Formen und charismatisches Flair und interpretiert die Serpenti Kollektion als Symbol der ewigen Verwandlung neu. Der Ring befindet sich in einem ausgezeichneten, neuwertigen Zustand und wird mit der Originalrechnung, dem Zertifikat und der Verpackung geliefert \u2013 ein luxuri\u00f6ser Begleiter f\u00fcr anspruchsvolle Schmuckliebhaber. Gr\u00f6\u00dfe S.   <\/p>\n","protected":false},"featured_media":16789,"template":"","meta":[],"product_brand":[2412],"product_cat":[342,1588],"product_tag":[2209],"class_list":{"0":"post-17141","1":"product","2":"type-product","3":"status-publish","4":"has-post-thumbnail","6":"product_brand-bulgari-de","7":"product_cat-accessoire-de","8":"product_cat-schmuck","9":"product_tag-bulgari-serpenti-viper-ring-de","10":"pa_brand-bulgari-de","11":"pa_color-weiss","12":"pa_grade-grad-2","14":"first","15":"outofstock","16":"shipping-taxable","17":"product-type-simple"},"_links":{"self":[{"href":"https:\/\/handbag-sense.com\/de\/wp-json\/wp\/v2\/product\/17141","targetHints":{"allow":["GET"]}}],"collection":[{"href":"https:\/\/handbag-sense.com\/de\/wp-json\/wp\/v2\/product"}],"about":[{"href":"https:\/\/handbag-sense.com\/de\/wp-json\/wp\/v2\/types\/product"}],"wp:featuredmedia":[{"embeddable":true,"href":"https:\/\/handbag-sense.com\/de\/wp-json\/wp\/v2\/media\/16789"}],"wp:attachment":[{"href":"https:\/\/handbag-sense.com\/de\/wp-json\/wp\/v2\/media?parent=17141"}],"wp:term":[{"taxonomy":"product_brand","embeddable":true,"href":"https:\/\/handbag-sense.com\/de\/wp-json\/wp\/v2\/product_brand?post=17141"},{"taxonomy":"product_cat","embeddable":true,"href":"https:\/\/handbag-sense.com\/de\/wp-json\/wp\/v2\/product_cat?post=17141"},{"taxonomy":"product_tag","embeddable":true,"href":"https:\/\/handbag-sense.com\/de\/wp-json\/wp\/v2\/product_tag?post=17141"}],"curies":[{"name":"wp","href":"https:\/\/api.w.org\/{rel}","templated":true}]}}