{"id":17137,"date":"2024-12-10T13:06:21","date_gmt":"2024-12-10T12:06:21","guid":{"rendered":"https:\/\/handbag-sense.com\/?post_type=product&#038;p=17137"},"modified":"2025-05-06T15:07:28","modified_gmt":"2025-05-06T13:07:28","slug":"cartier-juste-un-clou-ring-nadelring","status":"publish","type":"product","link":"https:\/\/handbag-sense.com\/de\/produkt\/cartier-juste-un-clou-ring-nadelring\/","title":{"rendered":"Juste un Clou Ring"},"content":{"rendered":"<div class=\"c-columns-m-1 c-columns-2 c-columns-gap-s\">\n<div><strong>Farbe:<\/strong> Gelbe<br \/>\n<strong>Metallelemente:<\/strong> Gelbgold<\/div>\n<div><strong>Klasse:<\/strong> 2 <img decoding=\"async\" class=\"info_box alignnone size-medium wp-image-885\" title=\"Info\" role=\"img\" src=\"https:\/\/handbag-sense.com\/wp-content\/uploads\/2023\/05\/info_icon.svg\" alt=\"info box\" width=\"15\" height=\"15\"><br \/>\n<strong>Gr\u00f6\u00dfe:<\/strong> 48<\/div>\n<\/div>\n<p><strong>Enth\u00e4lt:<\/strong> Staubbeutel, Karton, Originalbeleg<\/p>\n","protected":false},"excerpt":{"rendered":"<p>Der<strong> Cartier Juste un Clou Ring<\/strong> in dem kleinen Modell aus 18 Karat Gelbgold in Gr\u00f6\u00dfe 48 befindet sich in neuwertigem Zustand ohne Gebrauchsspuren. Dieses ikonische Schmuckst\u00fcck verbindet modernes Design mit zeitloser Eleganz. Es wird als komplettes Set angeboten, bestehend aus dem Original Cartier Etui und der Box, dem Zertifikat und der Originalrechnung \u2013 perfekt f\u00fcr Liebhaber von exklusivem Schmuck oder als besonderes Geschenk.  <\/p>\n","protected":false},"featured_media":16792,"template":"","meta":[],"product_brand":[2414],"product_cat":[342,1588],"product_tag":[2206],"class_list":{"0":"post-17137","1":"product","2":"type-product","3":"status-publish","4":"has-post-thumbnail","6":"product_brand-cartier-de","7":"product_cat-accessoire-de","8":"product_cat-schmuck","9":"product_tag-cartier-juste-un-clou-ring-de","10":"pa_brand-cartier-de","11":"pa_color-gelb","12":"pa_grade-grad-3","14":"first","15":"instock","16":"shipping-taxable","17":"purchasable","18":"product-type-simple"},"_links":{"self":[{"href":"https:\/\/handbag-sense.com\/de\/wp-json\/wp\/v2\/product\/17137","targetHints":{"allow":["GET"]}}],"collection":[{"href":"https:\/\/handbag-sense.com\/de\/wp-json\/wp\/v2\/product"}],"about":[{"href":"https:\/\/handbag-sense.com\/de\/wp-json\/wp\/v2\/types\/product"}],"wp:featuredmedia":[{"embeddable":true,"href":"https:\/\/handbag-sense.com\/de\/wp-json\/wp\/v2\/media\/16792"}],"wp:attachment":[{"href":"https:\/\/handbag-sense.com\/de\/wp-json\/wp\/v2\/media?parent=17137"}],"wp:term":[{"taxonomy":"product_brand","embeddable":true,"href":"https:\/\/handbag-sense.com\/de\/wp-json\/wp\/v2\/product_brand?post=17137"},{"taxonomy":"product_cat","embeddable":true,"href":"https:\/\/handbag-sense.com\/de\/wp-json\/wp\/v2\/product_cat?post=17137"},{"taxonomy":"product_tag","embeddable":true,"href":"https:\/\/handbag-sense.com\/de\/wp-json\/wp\/v2\/product_tag?post=17137"}],"curies":[{"name":"wp","href":"https:\/\/api.w.org\/{rel}","templated":true}]}}