{"id":17113,"date":"2024-12-07T17:07:14","date_gmt":"2024-12-07T16:07:14","guid":{"rendered":"https:\/\/handbag-sense.com\/?post_type=product&#038;p=17113"},"modified":"2025-05-06T11:54:16","modified_gmt":"2025-05-06T09:54:16","slug":"hermes-kelly-25-sellier-epsom-etoupe","status":"publish","type":"product","link":"https:\/\/handbag-sense.com\/de\/produkt\/hermes-kelly-25-sellier-epsom-etoupe\/","title":{"rendered":"Kelly 25 Sellier Epsom Etoupe"},"content":{"rendered":"<div class=\"c-columns-m-1 c-columns-2 c-columns-gap-s\">\n<div><strong>Material:<\/strong> Epsom-Leder<br \/>\n<strong>Farbe:<\/strong> Etoupe<br \/>\n<strong>Metallelemente:<\/strong> Gold Hardware<br \/>\n<strong>Innenmaterial:<\/strong> Leder<\/div>\n<div><strong>Grad:<\/strong> 1 <img decoding=\"async\" class=\"info_box alignnone size-medium wp-image-885\" title=\"Info\" role=\"img\" src=\"https:\/\/handbag-sense.com\/wp-content\/uploads\/2023\/05\/info_icon.svg\" alt=\"info box\" width=\"15\" height=\"15\" \/><br \/>\n<strong>Jahresstempel:<\/strong> 2024 \/ W<br \/>\n<strong>Gr\u00f6\u00dfe:<\/strong> 25 x 19 x 9 cm<br \/>\n<strong>Versand:<\/strong> Weltweit<\/div>\n<\/div>\n<p><strong>Enth\u00e4lt:<\/strong> Originalquittung, Staubbeutel, Gurt, Clochette, Schloss, Schl\u00fcssel, Filz, Booklet, Box<\/p>\n","protected":false},"excerpt":{"rendered":"<p><strong>Herm\u00e8s Kelly 25 Sellier Epsom Etoupe mit goldenen Beschl\u00e4gen.<\/strong> Diese Kelly 25 Sellier Tasche in der Farbe Etoupe ist handgefertigt aus strapazierf\u00e4higem Epsom-Leder mit goldenen Beschl\u00e4gen. Es enth\u00e4lt s\u00e4mtliches Originalzubeh\u00f6r: Clochette, Schloss, zwei Schl\u00fcssel, den originalen Schultergurt, die Box und die Kaufrechnung 2024. Die Kelly Tasche aus dem Hause Herm\u00e8s Der Kelly ist in brandneuem und ungetragenem Zustand und mit dem Jahresstempel W versehen. Die Kelly Bag von Herm\u00e8s ist eine absolute Ikone unter den Handtaschen und steht seit Jahrzehnten f\u00fcr Eleganz und Klasse.<\/p>\n","protected":false},"featured_media":18457,"template":"","meta":[],"product_brand":[2404],"product_cat":[347],"product_tag":[1569,2329],"class_list":{"0":"post-17113","1":"product","2":"type-product","3":"status-publish","4":"has-post-thumbnail","6":"product_brand-hermes-de","7":"product_cat-handtasche","8":"product_tag-hermes-kelly-25","9":"product_tag-kelly-25-etoupe-de","10":"pa_brand-hermes-de","11":"pa_color-taupe-de","12":"pa_grade-grad-1","13":"pa_hermes-models-kelly-de","14":"pa_material-leder","16":"first","17":"outofstock","18":"sold-individually","19":"product-type-simple"},"_links":{"self":[{"href":"https:\/\/handbag-sense.com\/de\/wp-json\/wp\/v2\/product\/17113","targetHints":{"allow":["GET"]}}],"collection":[{"href":"https:\/\/handbag-sense.com\/de\/wp-json\/wp\/v2\/product"}],"about":[{"href":"https:\/\/handbag-sense.com\/de\/wp-json\/wp\/v2\/types\/product"}],"wp:featuredmedia":[{"embeddable":true,"href":"https:\/\/handbag-sense.com\/de\/wp-json\/wp\/v2\/media\/18457"}],"wp:attachment":[{"href":"https:\/\/handbag-sense.com\/de\/wp-json\/wp\/v2\/media?parent=17113"}],"wp:term":[{"taxonomy":"product_brand","embeddable":true,"href":"https:\/\/handbag-sense.com\/de\/wp-json\/wp\/v2\/product_brand?post=17113"},{"taxonomy":"product_cat","embeddable":true,"href":"https:\/\/handbag-sense.com\/de\/wp-json\/wp\/v2\/product_cat?post=17113"},{"taxonomy":"product_tag","embeddable":true,"href":"https:\/\/handbag-sense.com\/de\/wp-json\/wp\/v2\/product_tag?post=17113"}],"curies":[{"name":"wp","href":"https:\/\/api.w.org\/{rel}","templated":true}]}}