{"id":16983,"date":"2024-12-02T16:16:40","date_gmt":"2024-12-02T15:16:40","guid":{"rendered":"https:\/\/handbag-sense.com\/?post_type=product&#038;p=16983"},"modified":"2025-05-06T15:00:43","modified_gmt":"2025-05-06T13:00:43","slug":"louis-vuitton-capucines-mini-galet-grau-mit-pythonleder","status":"publish","type":"product","link":"https:\/\/handbag-sense.com\/de\/produkt\/louis-vuitton-capucines-mini-galet-grau-mit-pythonleder\/","title":{"rendered":"Capucines Mini Galet \/ Grau mit Pythonleder"},"content":{"rendered":"<div class=\"c-columns-m-1 c-columns-2 c-columns-gap-s\">\n<div><strong>Material:<\/strong> Taurillon Leder \/ Python<br \/>\n<strong>Farbe:<\/strong> Galet \/ Grau<br \/>\n<strong>Metallelemente:<\/strong> Gold Metall<\/div>\n<div><strong>Bewertung:<\/strong> 1 <img decoding=\"async\" class=\"info_box alignnone size-medium wp-image-885\" title=\"Info\" role=\"img\" src=\"https:\/\/handbag-sense.com\/wp-content\/uploads\/2023\/05\/info_icon.svg\" alt=\"info box\" width=\"15\" height=\"15\"><br \/>\n<strong>Innenmaterial:<\/strong> Leder<br \/>\n<strong>Gr\u00f6\u00dfe:<\/strong> 21 x 14 x 8 cm<\/div>\n<\/div>\n<p><strong>Enth\u00e4lt:<\/strong> Staubbeutel, Original-Quittung<\/p>\n","protected":false},"excerpt":{"rendered":"<p><strong>Louis Vuitton Capucines Mini Galet \/ Grau aus Taurillon Leder \/ Pythonleder  <\/strong><\/p>\n<p>Die Capucines Mini-Tasche aus exquisitem Taurillon-Leder mit luxuri\u00f6sen Pythonleder-Details an Griff und Klappe ist der perfekte Begleiter f\u00fcr jeden Anlass. Seine zeitlose Eleganz und au\u00dfergew\u00f6hnliche Handwerkskunst zeigen das Savoir-faire der Louis Vuitton Maison. Das vielseitige Design erm\u00f6glicht es, sie mit der Klappe nach au\u00dfen zu tragen, um die ikonischen LV Initialen hervorzuheben, oder nach innen, um einen dezenteren Look zu erzielen. Ein verstellbarer Schultergurt sorgt f\u00fcr zus\u00e4tzlichen Komfort.   <\/p>\n<p>Dieses ungetragene Modell wird komplett mit einer Schutzh\u00fclle und der Originalquittung f\u00fcr 2023 geliefert \u2013 ein exklusives Accessoire, das von Luxusmode-Enthusiasten begehrt ist.<\/p>\n","protected":false},"featured_media":16825,"template":"","meta":[],"product_brand":[2436],"product_cat":[347,351,346],"product_tag":[2331],"class_list":{"0":"post-16983","1":"product","2":"type-product","3":"status-publish","4":"has-post-thumbnail","6":"product_brand-louis-vuitton-de","7":"product_cat-handtasche","8":"product_cat-kleine-taschen","9":"product_cat-abendtasche","10":"product_tag-lv-capucines-mini-de","11":"pa_brand-louis-vuitton-de","12":"pa_color-braun","13":"pa_color-grau","14":"pa_grade-grad-1","15":"pa_material-leder","16":"pa_material-exotisches-leder","18":"first","19":"outofstock","20":"shipping-taxable","21":"product-type-simple"},"_links":{"self":[{"href":"https:\/\/handbag-sense.com\/de\/wp-json\/wp\/v2\/product\/16983","targetHints":{"allow":["GET"]}}],"collection":[{"href":"https:\/\/handbag-sense.com\/de\/wp-json\/wp\/v2\/product"}],"about":[{"href":"https:\/\/handbag-sense.com\/de\/wp-json\/wp\/v2\/types\/product"}],"wp:featuredmedia":[{"embeddable":true,"href":"https:\/\/handbag-sense.com\/de\/wp-json\/wp\/v2\/media\/16825"}],"wp:attachment":[{"href":"https:\/\/handbag-sense.com\/de\/wp-json\/wp\/v2\/media?parent=16983"}],"wp:term":[{"taxonomy":"product_brand","embeddable":true,"href":"https:\/\/handbag-sense.com\/de\/wp-json\/wp\/v2\/product_brand?post=16983"},{"taxonomy":"product_cat","embeddable":true,"href":"https:\/\/handbag-sense.com\/de\/wp-json\/wp\/v2\/product_cat?post=16983"},{"taxonomy":"product_tag","embeddable":true,"href":"https:\/\/handbag-sense.com\/de\/wp-json\/wp\/v2\/product_tag?post=16983"}],"curies":[{"name":"wp","href":"https:\/\/api.w.org\/{rel}","templated":true}]}}