{"id":16918,"date":"2024-11-27T18:16:17","date_gmt":"2024-11-27T17:16:17","guid":{"rendered":"https:\/\/handbag-sense.com\/?post_type=product&#038;p=16918"},"modified":"2025-10-29T17:32:13","modified_gmt":"2025-10-29T16:32:13","slug":"chanel-small-kelly-shopper-mintgruen","status":"publish","type":"product","link":"https:\/\/handbag-sense.com\/de\/produkt\/chanel-small-kelly-shopper-mintgruen\/","title":{"rendered":"Small Kelly Shopper Mintgr\u00fcn"},"content":{"rendered":"<div class=\"c-columns-m-1 c-columns-2 c-columns-gap-s\">\n<div><strong>Material:<\/strong> Kalbsleder<br \/>\n<strong>Farbe:<\/strong> Mintgr\u00fcn<br \/>\n<strong>Metallelemente:<\/strong> Matt Gold Hardware<br \/>\n<strong>Innenmaterial:<\/strong> Leder<\/div>\n<div><strong>Grad: <\/strong>1 <img decoding=\"async\" class=\"info_box alignnone size-medium wp-image-885\" title=\"Info\" role=\"img\" src=\"https:\/\/handbag-sense.com\/wp-content\/uploads\/2023\/05\/info_icon.svg\" alt=\"info box\" width=\"15\" height=\"15\" \/><br \/>\n<strong>Produktionsjahr:<\/strong> 2024<br \/>\n<strong>Gr\u00f6\u00dfe:<\/strong> 19 x 20 x 6 cm<\/div>\n<\/div>\n<p><strong>Enth\u00e4lt:<\/strong> Originalrechnung, Staubbeutel, Karton<\/p>\n","protected":false},"excerpt":{"rendered":"<p><strong>Chanel Small Kelly Shopper in Mintgr\u00fcn mit geb\u00fcrsteten Goldbeschl\u00e4gen.<\/strong> Der Chanel Kelly Mini Shopper ist aus gl\u00e4nzendem, gealtertem Kalbsleder in Mintgr\u00fcn mit goldgeb\u00fcrsteten Beschl\u00e4gen gefertigt. Mit seiner trapezf\u00f6rmigen Form, den filigranen Griffen und einem Schulterriemen aus mattgoldenem Metall und mintgr\u00fcnem Leder ist er ein stilvolles Accessoire f\u00fcr jeden Anlass. Der ikonische CC-Drehverschluss verleiht der Tasche den unverwechselbaren Chanel-Look.<\/p>\n<p>Das Innere aus mintgr\u00fcnem Leder verf\u00fcgt \u00fcber eine Rei\u00dfverschlusstasche und eine Einschubtasche, in der Sie Ihre wichtigsten Dinge sicher verstauen k\u00f6nnen. Die Tasche befindet sich in brandneuem, ungetragenem Zustand und wird mit einer Chanel-Staubbeutel, einer Schachtel, einer Originalquittung f\u00fcr 2024 und dem neuen Chanel-Mikrochip geliefert.<\/p>\n","protected":false},"featured_media":18496,"template":"","meta":[],"product_brand":[2417],"product_cat":[347,349,351,346,345],"product_tag":[2334,2335],"class_list":{"0":"post-16918","1":"product","2":"type-product","3":"status-publish","4":"has-post-thumbnail","6":"product_brand-chanel-de","7":"product_cat-handtasche","8":"product_cat-shopper-de","9":"product_cat-kleine-taschen","10":"product_cat-abendtasche","11":"product_cat-crossbody-taschen","12":"product_tag-chanel-kelly-mini-de","13":"product_tag-chanel-kleiner-shopper","14":"pa_brand-chanel-de","15":"pa_chanel-models-andere-modelle","16":"pa_color-gruen","17":"pa_grade-grad-1","18":"pa_material-leder","20":"first","21":"instock","22":"sold-individually","23":"shipping-taxable","24":"purchasable","25":"product-type-simple"},"_links":{"self":[{"href":"https:\/\/handbag-sense.com\/de\/wp-json\/wp\/v2\/product\/16918","targetHints":{"allow":["GET"]}}],"collection":[{"href":"https:\/\/handbag-sense.com\/de\/wp-json\/wp\/v2\/product"}],"about":[{"href":"https:\/\/handbag-sense.com\/de\/wp-json\/wp\/v2\/types\/product"}],"wp:featuredmedia":[{"embeddable":true,"href":"https:\/\/handbag-sense.com\/de\/wp-json\/wp\/v2\/media\/18496"}],"wp:attachment":[{"href":"https:\/\/handbag-sense.com\/de\/wp-json\/wp\/v2\/media?parent=16918"}],"wp:term":[{"taxonomy":"product_brand","embeddable":true,"href":"https:\/\/handbag-sense.com\/de\/wp-json\/wp\/v2\/product_brand?post=16918"},{"taxonomy":"product_cat","embeddable":true,"href":"https:\/\/handbag-sense.com\/de\/wp-json\/wp\/v2\/product_cat?post=16918"},{"taxonomy":"product_tag","embeddable":true,"href":"https:\/\/handbag-sense.com\/de\/wp-json\/wp\/v2\/product_tag?post=16918"}],"curies":[{"name":"wp","href":"https:\/\/api.w.org\/{rel}","templated":true}]}}