{"id":16910,"date":"2024-11-27T13:21:15","date_gmt":"2024-11-27T12:21:15","guid":{"rendered":"https:\/\/handbag-sense.com\/?post_type=product&#038;p=16910"},"modified":"2025-05-06T11:54:19","modified_gmt":"2025-05-06T09:54:19","slug":"hermes-birkin-25-sellier-craie-epsom","status":"publish","type":"product","link":"https:\/\/handbag-sense.com\/de\/produkt\/hermes-birkin-25-sellier-craie-epsom\/","title":{"rendered":"Birkin 25 Sellier Craie Epsom"},"content":{"rendered":"<div class=\"c-columns-m-1 c-columns-2 c-columns-gap-s\">\n<div><strong>Material:<\/strong> Epsom Leder<br \/>\n<strong>Farbe:<\/strong> Craie<br \/>\n<strong>Metallelemente:<\/strong> Gold Hardware<br \/>\n<strong>Innenmaterial:<\/strong> Leder<\/div>\n<div><strong>Grad: <\/strong> 1 <img decoding=\"async\" class=\"info_box alignnone size-medium wp-image-885\" title=\"Info\" role=\"img\" src=\"https:\/\/handbag-sense.com\/wp-content\/uploads\/2023\/05\/info_icon.svg\" alt=\"info box\" width=\"15\" height=\"15\" \/><br \/>\n<strong>Jahresstempel:<\/strong> 2024 \/ W<br \/>\n<strong>Gr\u00f6\u00dfe:<\/strong> 25 x 20 x 13 cm<br \/>\n<strong>Versand:<\/strong> Weltweit<\/div>\n<\/div>\n<p><strong>Enth\u00e4lt:<\/strong> Originalrechnung, Staubbeutel, Clochette, Schloss, Schl\u00fcssel, Filz, Heft, Box<\/p>\n","protected":false},"excerpt":{"rendered":"<p class=\"\" data-start=\"243\" data-end=\"581\"><strong data-start=\"247\" data-end=\"312\">Herm\u00e8s Birkin 25 Sellier Craie Epsom mit goldener Hardware<\/strong> vereint zeitlose Eleganz mit moderner Raffinesse. In der begehrten <strong data-start=\"380\" data-end=\"402\">Sellier-Ausf\u00fchrung<\/strong> handgefertigt, besteht diese exquisite Tasche aus robustem, strukturiertem <strong data-start=\"478\" data-end=\"493\">Epsom-Leder<\/strong> in der eleganten Farbe <strong data-start=\"517\" data-end=\"526\">Craie<\/strong> \u2013 ein sanftes Off-White, das dezente Luxus ausstrahlt.<\/p>\n<p class=\"\" data-start=\"583\" data-end=\"858\">Akzentuiert durch die <strong data-start=\"605\" data-end=\"625\">goldene Hardware<\/strong> verleihen die klaren Linien der Sellier-Silhouette dem Design eine besonders edle und architektonische Ausstrahlung. Die <strong data-start=\"747\" data-end=\"760\">Birkin 25<\/strong> z\u00e4hlt zu den legend\u00e4rsten Taschen der Luxuswelt und steht f\u00fcr Stil, Status und Wertbest\u00e4ndigkeit.<\/p>\n<p class=\"\" data-start=\"860\" data-end=\"966\">Diese Tasche befindet sich in neu- und ungetragenem Zustand und wird als komplettes Set geliefert mit: Clochette, Schloss mit zwei Schl\u00fcsseln, Herm\u00e8s-Staubbeutel, der ikonischen orangefarbenen Box, Originalrechnung von Herm\u00e8s (2024). Ob f\u00fcr besondere Anl\u00e4sse oder als stilvolles Statement im Alltag \u2013 die <strong data-start=\"1213\" data-end=\"1243\">Birkin 25 Sellier in Craie<\/strong> ist mehr als eine Handtasche: Sie ist ein echtes Signature-Piece und ein bleibendes Symbol f\u00fcr Eleganz.<\/p>\n","protected":false},"featured_media":18286,"template":"","meta":[],"product_brand":[2404],"product_cat":[347],"product_tag":[2173,1417,2065],"class_list":{"0":"post-16910","1":"product","2":"type-product","3":"status-publish","4":"has-post-thumbnail","6":"product_brand-hermes-de","7":"product_cat-handtasche","8":"product_tag-birkin-25-craie-de","9":"product_tag-hermes-birkin-25-de","10":"product_tag-hermes-birkin-sellier-de","11":"pa_brand-hermes-de","12":"pa_color-beige-de","13":"pa_color-weiss","14":"pa_grade-grad-1","15":"pa_hermes-models-birkin-de","16":"pa_material-leder","18":"first","19":"outofstock","20":"shipping-taxable","21":"product-type-simple"},"_links":{"self":[{"href":"https:\/\/handbag-sense.com\/de\/wp-json\/wp\/v2\/product\/16910","targetHints":{"allow":["GET"]}}],"collection":[{"href":"https:\/\/handbag-sense.com\/de\/wp-json\/wp\/v2\/product"}],"about":[{"href":"https:\/\/handbag-sense.com\/de\/wp-json\/wp\/v2\/types\/product"}],"wp:featuredmedia":[{"embeddable":true,"href":"https:\/\/handbag-sense.com\/de\/wp-json\/wp\/v2\/media\/18286"}],"wp:attachment":[{"href":"https:\/\/handbag-sense.com\/de\/wp-json\/wp\/v2\/media?parent=16910"}],"wp:term":[{"taxonomy":"product_brand","embeddable":true,"href":"https:\/\/handbag-sense.com\/de\/wp-json\/wp\/v2\/product_brand?post=16910"},{"taxonomy":"product_cat","embeddable":true,"href":"https:\/\/handbag-sense.com\/de\/wp-json\/wp\/v2\/product_cat?post=16910"},{"taxonomy":"product_tag","embeddable":true,"href":"https:\/\/handbag-sense.com\/de\/wp-json\/wp\/v2\/product_tag?post=16910"}],"curies":[{"name":"wp","href":"https:\/\/api.w.org\/{rel}","templated":true}]}}