{"id":16743,"date":"2024-11-22T11:52:06","date_gmt":"2024-11-22T10:52:06","guid":{"rendered":"https:\/\/handbag-sense.com\/?post_type=product&#038;p=16743"},"modified":"2025-05-06T11:54:21","modified_gmt":"2025-05-06T09:54:21","slug":"hermes-kelly-mini-schwarz-epsom","status":"publish","type":"product","link":"https:\/\/handbag-sense.com\/de\/produkt\/hermes-kelly-mini-schwarz-epsom\/","title":{"rendered":"Kelly Mini Schwarz Epsom"},"content":{"rendered":"<div class=\"c-columns-m-1 c-columns-2 c-columns-gap-s\">\n<div><strong>Material:<\/strong> Epsom-Leder<br \/>\n<strong>Farbe:<\/strong> Schwarz<br \/>\n<strong>Metallelemente:<\/strong> Palladium Hardware<br \/>\n<strong>Innenmaterial:<\/strong> Leder<\/div>\n<div><strong>Grad:<\/strong> 1 <img decoding=\"async\" class=\"info_box alignnone size-medium wp-image-885\" title=\"Info\" role=\"img\" src=\"https:\/\/handbag-sense.com\/wp-content\/uploads\/2023\/05\/info_icon.svg\" alt=\"info box\" width=\"15\" height=\"15\" \/><br \/>\n<strong>Jahresstempel:<\/strong> 2021 \/ Z<br \/>\n<strong>Gr\u00f6\u00dfe:<\/strong> 20 x 12 x 6 cm<br \/>\n<strong>Versand:<\/strong> Weltweit<\/div>\n<\/div>\n<p><strong>Enth\u00e4lt:<\/strong> Originalrechnung, Staubbeutel, Gurt, Booklet, Box<\/p>\n","protected":false},"excerpt":{"rendered":"<p><strong>Herm\u00e8s Kelly Mini Schwarz Epsom mit goldenen Beschl\u00e4gen.<\/strong> Erleben Sie den Charme der <strong>Herm\u00e8s Kelly 20 Mini<\/strong> Epsom in schwarzer Farbe \u2013 ein exquisites Meisterwerk in Miniatur, das Ihren Stil auf ein neues Level hebt. Die goldenen Beschl\u00e4ge verleihen der Tasche eine zus\u00e4tzliche Dimension der Eleganz, w\u00e4hrend das strapazierf\u00e4hige Epsom-Leder sowohl ein luxuri\u00f6ses Gef\u00fchl als auch eine zeitlose \u00c4sthetik bietet.<\/p>\n<p>Die <strong>Mini Kelly Bag<\/strong> ist perfekt f\u00fcr alle, die die feineren Details sch\u00e4tzen. Mit seiner kompakten Gr\u00f6\u00dfe ist er der ideale Begleiter f\u00fcr besondere Anl\u00e4sse oder als stilvolles Accessoire f\u00fcr den Alltag. Die Kelly Mini Tasche wurde sorgf\u00e4ltig abgenutzt und befindet sich in einem sehr guten Zustand, mit leichten Kratzern auf der Hardware. Es enth\u00e4lt einen Schultergurt, den Original-Staubbeutel und die Originalrechnung aus dem Jahr 2021.<\/p>\n","protected":false},"featured_media":18442,"template":"","meta":[],"product_brand":[2404],"product_cat":[351,344,346,342],"product_tag":[1644,1637,2035],"class_list":{"0":"post-16743","1":"product","2":"type-product","3":"status-publish","4":"has-post-thumbnail","6":"product_brand-hermes-de","7":"product_cat-kleine-taschen","8":"product_cat-pochette-de","9":"product_cat-abendtasche","10":"product_cat-accessoire-de","11":"product_tag-hermes-kelly-20-de","12":"product_tag-hermes-kelly-mini-de","13":"product_tag-kelly-mini-epsom-de","14":"pa_brand-hermes-de","15":"pa_color-schwarz","16":"pa_grade-grad-1","17":"pa_hermes-models-kelly-de","18":"pa_material-leder","20":"first","21":"outofstock","22":"shipping-taxable","23":"product-type-simple"},"_links":{"self":[{"href":"https:\/\/handbag-sense.com\/de\/wp-json\/wp\/v2\/product\/16743","targetHints":{"allow":["GET"]}}],"collection":[{"href":"https:\/\/handbag-sense.com\/de\/wp-json\/wp\/v2\/product"}],"about":[{"href":"https:\/\/handbag-sense.com\/de\/wp-json\/wp\/v2\/types\/product"}],"wp:featuredmedia":[{"embeddable":true,"href":"https:\/\/handbag-sense.com\/de\/wp-json\/wp\/v2\/media\/18442"}],"wp:attachment":[{"href":"https:\/\/handbag-sense.com\/de\/wp-json\/wp\/v2\/media?parent=16743"}],"wp:term":[{"taxonomy":"product_brand","embeddable":true,"href":"https:\/\/handbag-sense.com\/de\/wp-json\/wp\/v2\/product_brand?post=16743"},{"taxonomy":"product_cat","embeddable":true,"href":"https:\/\/handbag-sense.com\/de\/wp-json\/wp\/v2\/product_cat?post=16743"},{"taxonomy":"product_tag","embeddable":true,"href":"https:\/\/handbag-sense.com\/de\/wp-json\/wp\/v2\/product_tag?post=16743"}],"curies":[{"name":"wp","href":"https:\/\/api.w.org\/{rel}","templated":true}]}}