{"id":16713,"date":"2024-11-21T13:44:23","date_gmt":"2024-11-21T12:44:23","guid":{"rendered":"https:\/\/handbag-sense.com\/?post_type=product&#038;p=16713"},"modified":"2025-05-06T11:54:23","modified_gmt":"2025-05-06T09:54:23","slug":"hermes-kelly-mini-alligator-schwarz","status":"publish","type":"product","link":"https:\/\/handbag-sense.com\/de\/produkt\/hermes-kelly-mini-alligator-schwarz\/","title":{"rendered":"Kelly Mini Alligator Schwarz Gl\u00e4nzend"},"content":{"rendered":"<div class=\"c-columns-m-1 c-columns-2 c-columns-gap-s\">\n<div><strong>Material:<\/strong> Alligator Gl\u00e4nzend<br \/>\n<strong>Farbe:<\/strong> Schwarz<br \/>\n<strong>Metallelemente:<\/strong> Gold Hardware<br \/>\n<strong>Innenmaterial:<\/strong> Leder<\/div>\n<div><strong>Grad:<\/strong> 1 <img decoding=\"async\" class=\"info_box alignnone size-medium wp-image-885\" title=\"Info\" role=\"img\" src=\"https:\/\/handbag-sense.com\/wp-content\/uploads\/2023\/05\/info_icon.svg\" alt=\"info box\" width=\"15\" height=\"15\" \/><br \/>\n<strong>Jahresstempel:<\/strong> 2023 \/ B<br \/>\n<strong>Gr\u00f6\u00dfe:<\/strong> 20 x 12 x 6 cm<br \/>\n<strong>Versand:<\/strong> Weltweit<\/div>\n<\/div>\n<p><strong>Enth\u00e4lt:<\/strong> Originalrechnung, Cites, Staubbeutel, Gurt, Filz, Booklet, Box<\/p>\n","protected":false},"excerpt":{"rendered":"<p><strong>Herm\u00e8s Kelly Mini Alligator Schwarz Gl\u00e4nzend mit Goldbeschl\u00e4gen. <\/strong>Entdecken Sie den ultimativen Luxus mit der <strong>Herm\u00e8s Kelly Mini in gl\u00e4nzendem<\/strong> Schwarz, handgefertigt aus exquisitem Alligatorleder, erg\u00e4nzt durch goldene Beschl\u00e4ge.<\/p>\n<p>Die <strong>Herm\u00e8s Mini Kelly<\/strong> ist der Inbegriff von Stil und Klasse und setzt ein echtes Statement in der Welt der Mode. Ob zu besonderen Anl\u00e4ssen oder als Alltagsbegleiter, diese Tasche setzt Akzente, die unverwechselbar sind. Ein ganz besonderes Sammlerst\u00fcck, der <strong>Herm\u00e8s Kelly im Format 20 cm<\/strong> , l\u00e4dt Sie ein, in die Welt des Luxus und der Eleganz einzutauchen.<\/p>\n<p>Sichern Sie sich Ihre <strong>Herm\u00e8s 20 Kelly<\/strong> und erleben Sie die Exklusivit\u00e4t und das herausragende Design, das nur Herm\u00e8s bieten kann! Diese wundersch\u00f6ne Kelly 20 im Sellier-Stil ist absolut neu und nie getragen, wird mit der Originalquittung von 2023 geliefert. Im Lieferumfang enthalten sind ein Schultergurt, ein Herm\u00e8s-Staubbeutel und die orangefarbene Box.<\/p>\n","protected":false},"featured_media":18439,"template":"","meta":[],"product_brand":[2404],"product_cat":[347,351,344,346],"product_tag":[1637,1638,1903],"class_list":{"0":"post-16713","1":"product","2":"type-product","3":"status-publish","4":"has-post-thumbnail","6":"product_brand-hermes-de","7":"product_cat-handtasche","8":"product_cat-kleine-taschen","9":"product_cat-pochette-de","10":"product_cat-abendtasche","11":"product_tag-hermes-kelly-mini-de","12":"product_tag-kelly-mini-alligator-de","13":"product_tag-kelly-mini-schwarz-de","14":"pa_brand-hermes-de","15":"pa_color-gruen","16":"pa_color-grau","17":"pa_grade-grad-1","18":"pa_hermes-models-kelly-de","19":"pa_material-leder","20":"pa_material-exotisches-leder","22":"first","23":"outofstock","24":"shipping-taxable","25":"product-type-simple"},"_links":{"self":[{"href":"https:\/\/handbag-sense.com\/de\/wp-json\/wp\/v2\/product\/16713","targetHints":{"allow":["GET"]}}],"collection":[{"href":"https:\/\/handbag-sense.com\/de\/wp-json\/wp\/v2\/product"}],"about":[{"href":"https:\/\/handbag-sense.com\/de\/wp-json\/wp\/v2\/types\/product"}],"wp:featuredmedia":[{"embeddable":true,"href":"https:\/\/handbag-sense.com\/de\/wp-json\/wp\/v2\/media\/18439"}],"wp:attachment":[{"href":"https:\/\/handbag-sense.com\/de\/wp-json\/wp\/v2\/media?parent=16713"}],"wp:term":[{"taxonomy":"product_brand","embeddable":true,"href":"https:\/\/handbag-sense.com\/de\/wp-json\/wp\/v2\/product_brand?post=16713"},{"taxonomy":"product_cat","embeddable":true,"href":"https:\/\/handbag-sense.com\/de\/wp-json\/wp\/v2\/product_cat?post=16713"},{"taxonomy":"product_tag","embeddable":true,"href":"https:\/\/handbag-sense.com\/de\/wp-json\/wp\/v2\/product_tag?post=16713"}],"curies":[{"name":"wp","href":"https:\/\/api.w.org\/{rel}","templated":true}]}}