{"id":16705,"date":"2024-11-21T12:51:18","date_gmt":"2024-11-21T11:51:18","guid":{"rendered":"https:\/\/handbag-sense.com\/?post_type=product&#038;p=16705"},"modified":"2025-07-15T17:49:26","modified_gmt":"2025-07-15T15:49:26","slug":"hermes-kelly-25-alligator-mimosa","status":"publish","type":"product","link":"https:\/\/handbag-sense.com\/de\/produkt\/hermes-kelly-25-alligator-mimosa\/","title":{"rendered":"Kelly 25 Alligator Mimosa Gl\u00e4nzend"},"content":{"rendered":"<div class=\"c-columns-m-1 c-columns-2 c-columns-gap-s\">\n<div><strong>Material:<\/strong> Alligatorleder<br \/>\n<strong>Farbe:<\/strong> Mimosa<br \/>\n<strong>Metallelemente:<\/strong> Palladium Hardware<br \/>\n<strong>Innenmaterial:<\/strong> Leder<\/div>\n<div><strong>Grad:<\/strong> 1 <img decoding=\"async\" class=\"info_box alignnone size-medium wp-image-885\" title=\"Info\" role=\"img\" src=\"https:\/\/handbag-sense.com\/wp-content\/uploads\/2023\/05\/info_icon.svg\" alt=\"info box\" width=\"15\" height=\"15\" \/><br \/>\n<strong>Jahresstempel:<\/strong> 2022 \/ U<br \/>\n<strong>Gr\u00f6\u00dfe:<\/strong> 25 x 19 x 9 cm<br \/>\n<strong>Versand:<\/strong> Weltweit<\/div>\n<\/div>\n<p><strong>Enth\u00e4lt:<\/strong> Originalrechnung, Cites-Zertifikat, Schutzbeutel, Gurt, Clochette, Schloss, Schl\u00fcssel, Regenmantel, Filz, Booklet, Box<\/p>\n","protected":false},"excerpt":{"rendered":"<p><strong>Hermes Kelly 25 Alligator Mimosa Gl\u00e4nzend mit Palladium Hardware.<\/strong> Tauchen Sie ein in die Welt der Exklusivit\u00e4t mit der seltenen <strong>Herm\u00e8s Alligator Kelly 25<\/strong> in der bezaubernden Farbe Mimosa, handgefertigt aus gl\u00e4nzendem Alligatorleder und verziert mit Palladium-Hardware \u2013 ein wahres Schmuckst\u00fcck f\u00fcr Sammler! Diese einzigartige <strong>Herm\u00e8s Kelly Alligator Mimosa<\/strong> setzt neue Ma\u00dfst\u00e4be in Sachen Luxus. Die silbernen Beschl\u00e4ge erg\u00e4nzen die Eleganz der Mimosa-Farbe, und jedes Detail dieser <strong>Kelly 25 Bag<\/strong> zeugt von h\u00f6chster Handwerkskunst.<\/p>\n<p>Diese wundersch\u00f6ne <strong>Kelly 25 Mimosa im Sellier-Stil<\/strong> ist absolut neu und nie getragen, kommt mit der Originalquittung von 2022. Im Lieferumfang enthalten sind Cites-Zertifikat, Band, Clochette, Schloss, Schl\u00fcssel, Herm\u00e8s Staubbeutel und die orangefarbene Box.<\/p>\n<p>Ob als Investition oder als Statement-Piece, dieser <strong>Alligator Kelly 25<\/strong> wird nicht nur Ihre Garderobe, sondern auch Ihre Leidenschaft f\u00fcr exklusive Mode erheblich bereichern. Schnappen Sie sich diese Rarit\u00e4t und setzen Sie ein Statement mit einem wahren Meisterwerk von Herm\u00e8s!<\/p>\n","protected":false},"featured_media":18325,"template":"","meta":[],"product_brand":[2404],"product_cat":[347,351,346],"product_tag":[2168,2169],"class_list":{"0":"post-16705","1":"product","2":"type-product","3":"status-publish","4":"has-post-thumbnail","6":"product_brand-hermes-de","7":"product_cat-handtasche","8":"product_cat-kleine-taschen","9":"product_cat-abendtasche","10":"product_tag-hermes-kelly-mimosa-de","11":"product_tag-kelly-25-mimosa-de","12":"pa_brand-hermes-de","13":"pa_color-gelb","14":"pa_grade-grad-1","15":"pa_hermes-models-kelly-de","16":"pa_material-leder","17":"pa_material-exotisches-leder","19":"first","20":"outofstock","21":"shipping-taxable","22":"product-type-simple"},"_links":{"self":[{"href":"https:\/\/handbag-sense.com\/de\/wp-json\/wp\/v2\/product\/16705","targetHints":{"allow":["GET"]}}],"collection":[{"href":"https:\/\/handbag-sense.com\/de\/wp-json\/wp\/v2\/product"}],"about":[{"href":"https:\/\/handbag-sense.com\/de\/wp-json\/wp\/v2\/types\/product"}],"wp:featuredmedia":[{"embeddable":true,"href":"https:\/\/handbag-sense.com\/de\/wp-json\/wp\/v2\/media\/18325"}],"wp:attachment":[{"href":"https:\/\/handbag-sense.com\/de\/wp-json\/wp\/v2\/media?parent=16705"}],"wp:term":[{"taxonomy":"product_brand","embeddable":true,"href":"https:\/\/handbag-sense.com\/de\/wp-json\/wp\/v2\/product_brand?post=16705"},{"taxonomy":"product_cat","embeddable":true,"href":"https:\/\/handbag-sense.com\/de\/wp-json\/wp\/v2\/product_cat?post=16705"},{"taxonomy":"product_tag","embeddable":true,"href":"https:\/\/handbag-sense.com\/de\/wp-json\/wp\/v2\/product_tag?post=16705"}],"curies":[{"name":"wp","href":"https:\/\/api.w.org\/{rel}","templated":true}]}}