{"id":16695,"date":"2024-11-15T12:24:58","date_gmt":"2024-11-15T11:24:58","guid":{"rendered":"https:\/\/handbag-sense.com\/?post_type=product&#038;p=16695"},"modified":"2025-10-29T17:35:31","modified_gmt":"2025-10-29T16:35:31","slug":"hermes-constance-mini-alligator-glaenzend-amethyst","status":"publish","type":"product","link":"https:\/\/handbag-sense.com\/de\/produkt\/hermes-constance-mini-alligator-glaenzend-amethyst\/","title":{"rendered":"Constance Mini Alligator Gl\u00e4nzender Amethyst"},"content":{"rendered":"<div class=\"c-columns-m-1 c-columns-2 c-columns-gap-s\">\n<div><strong>Material:<\/strong> Alligator Gl\u00e4nzend<br \/>\n<strong>Farbe:<\/strong> Amethyst<br \/>\n<strong>Metallelemente:<\/strong> Gold Hardware<br \/>\n<strong>Innenmaterial:<\/strong> Leder<\/div>\n<div><strong>Bewertung:<\/strong> 1 <img decoding=\"async\" class=\"info_box alignnone size-medium wp-image-885\" title=\"Info\" role=\"img\" src=\"https:\/\/handbag-sense.com\/wp-content\/uploads\/2023\/05\/info_icon.svg\" alt=\"info box\" width=\"15\" height=\"15\" \/><br \/>\n<strong>Jahr \/ Briefmarke:<\/strong> 2024 \/ U<br \/>\n<strong>Gr\u00f6\u00dfe:<\/strong> 18,5 x 15 x 4,5 cm<br \/>\n<strong>Versand:<\/strong> Weltweit<\/div>\n<\/div>\n<p><strong>Enth\u00e4lt:<\/strong> Original-Quittung, Cites, Staubbeutel, Filz, Booklet, Box<\/p>\n","protected":false},"excerpt":{"rendered":"<p><strong>Herm\u00e8s Constance Mini Alligator Gl\u00e4nzender Amethyst mit goldenen Beschl\u00e4gen. <\/strong>Entdecken Sie den ultimativen Luxus mit der <strong>Herm\u00e8s Constance Mini<\/strong> in gl\u00e4nzendem Amethyst, handgefertigt aus exquisitem Alligatorleder, erg\u00e4nzt durch goldene Beschl\u00e4ge. Die <strong>Herm\u00e8s Mini Constance<\/strong> ist der Inbegriff von Stil und Klasse und setzt ein echtes Statement in der Modewelt. Ob zu besonderen Anl\u00e4ssen oder als Alltagsbegleiter, diese Tasche setzt Akzente, die unverwechselbar sind. Dieser wundersch\u00f6ne <strong>Constance Mini<\/strong> ist absolut neu und nie getragen, wird mit der Originalquittung von 2024 geliefert. Im Lieferumfang enthalten sind der Herm\u00e8s Staubbeutel und die orangefarbene Box.<\/p>\n","protected":false},"featured_media":18292,"template":"","meta":[],"product_brand":[2404],"product_cat":[347,351,344,346],"product_tag":[2341,2340],"class_list":{"0":"post-16695","1":"product","2":"type-product","3":"status-publish","4":"has-post-thumbnail","6":"product_brand-hermes-de","7":"product_cat-handtasche","8":"product_cat-kleine-taschen","9":"product_cat-pochette-de","10":"product_cat-abendtasche","11":"product_tag-constance-mini-alligator-de","12":"product_tag-hermes-constance-mini-de","13":"pa_brand-hermes-de","14":"pa_color-lila","15":"pa_grade-grad-1","16":"pa_hermes-models-constance-de","17":"pa_material-leder","18":"pa_material-exotisches-leder","20":"first","21":"instock","22":"shipping-taxable","23":"purchasable","24":"product-type-simple"},"_links":{"self":[{"href":"https:\/\/handbag-sense.com\/de\/wp-json\/wp\/v2\/product\/16695","targetHints":{"allow":["GET"]}}],"collection":[{"href":"https:\/\/handbag-sense.com\/de\/wp-json\/wp\/v2\/product"}],"about":[{"href":"https:\/\/handbag-sense.com\/de\/wp-json\/wp\/v2\/types\/product"}],"wp:featuredmedia":[{"embeddable":true,"href":"https:\/\/handbag-sense.com\/de\/wp-json\/wp\/v2\/media\/18292"}],"wp:attachment":[{"href":"https:\/\/handbag-sense.com\/de\/wp-json\/wp\/v2\/media?parent=16695"}],"wp:term":[{"taxonomy":"product_brand","embeddable":true,"href":"https:\/\/handbag-sense.com\/de\/wp-json\/wp\/v2\/product_brand?post=16695"},{"taxonomy":"product_cat","embeddable":true,"href":"https:\/\/handbag-sense.com\/de\/wp-json\/wp\/v2\/product_cat?post=16695"},{"taxonomy":"product_tag","embeddable":true,"href":"https:\/\/handbag-sense.com\/de\/wp-json\/wp\/v2\/product_tag?post=16695"}],"curies":[{"name":"wp","href":"https:\/\/api.w.org\/{rel}","templated":true}]}}