{"id":16546,"date":"2024-10-31T17:18:52","date_gmt":"2024-10-31T16:18:52","guid":{"rendered":"https:\/\/handbag-sense.com\/?post_type=product&#038;p=16546"},"modified":"2025-05-06T11:54:35","modified_gmt":"2025-05-06T09:54:35","slug":"hermes-evelyne-16-taurillon-clemence-rose-azalee","status":"publish","type":"product","link":"https:\/\/handbag-sense.com\/de\/produkt\/hermes-evelyne-16-taurillon-clemence-rose-azalee\/","title":{"rendered":"Evelyne 16 Taurillon Clemence Rose Azalee"},"content":{"rendered":"<div class=\"c-columns-m-1 c-columns-2 c-columns-gap-s\">\n<div><strong>Material:<\/strong> Clemence Leder<br \/>\n<strong>Farbe:<\/strong> Rose Azalee<br \/>\n<strong>Metallelemente:<\/strong> Palladium Hardware<br \/>\n<strong>Innenmaterial:<\/strong> Naturleder<\/div>\n<div><strong>Bewertung: <\/strong> 1 <img decoding=\"async\" class=\"info_box alignnone size-medium wp-image-885\" title=\"Info\" role=\"img\" src=\"https:\/\/handbag-sense.com\/wp-content\/uploads\/2023\/05\/info_icon.svg\" alt=\"info box\" width=\"15\" height=\"15\" \/><br \/>\n<strong>Produktionsjahr\/Stempel:<\/strong> 2024 \/ W<br \/>\n<strong>Gr\u00f6\u00dfe:<\/strong> 16 x 18 x 5 cm<br \/>\n<strong>Versand:<\/strong> Weltweit<\/div>\n<\/div>\n<p><strong>Enth\u00e4lt:<\/strong> Originalbeleg, Staubbeutel, Gurt, Box<\/p>\n","protected":false},"excerpt":{"rendered":"<p><strong>Herm\u00e8s Evelyne 16 Taurillon Clemence Rose Azalee mit Palladium-Hardware.<\/strong> Diese stylische Mini Evelyne in der Farbe Rose Azalee ist handgefertigt aus strukturiertem Taurillon Clemence Leder mit Palladium-Beschl\u00e4gen. Die Tasche hat farblich abgestimmte N\u00e4hte, einen Kordelzug und ein perforiertes Herm\u00e8s H-Oval auf der Vorderseite. Die Tasche l\u00e4sst sich mit einem gekreuzten Riemen zu einer Innenseite aus Naturleder \u00f6ffnen. Sie ist mit einem abnehmbaren Schulter-\/Kreuzriemen aus Canvas in der Farbe Rouge Piment und Leder in der Farbe Rose Azalee ausgestattet. Dies ist eine sch\u00f6ne Kuriertasche von Hermes, ideal f\u00fcr den t\u00e4glichen Bedarf! Die Tasche ist absolut neu.<\/p>\n","protected":false},"featured_media":18477,"template":"","meta":[],"product_brand":[2404],"product_cat":[350,351],"product_tag":[2129,2161],"class_list":{"0":"post-16546","1":"product","2":"type-product","3":"status-publish","4":"has-post-thumbnail","6":"product_brand-hermes-de","7":"product_cat-schultertaschen","8":"product_cat-kleine-taschen","9":"product_tag-hermes-evelyne-16-de","10":"product_tag-hermes-evelyne-mini-de","11":"pa_brand-hermes-de","12":"pa_color-pink-de","13":"pa_grade-grad-1","14":"pa_hermes-models-evelyne-de","15":"pa_material-leder","17":"first","18":"outofstock","19":"shipping-taxable","20":"purchasable","21":"product-type-simple"},"_links":{"self":[{"href":"https:\/\/handbag-sense.com\/de\/wp-json\/wp\/v2\/product\/16546","targetHints":{"allow":["GET"]}}],"collection":[{"href":"https:\/\/handbag-sense.com\/de\/wp-json\/wp\/v2\/product"}],"about":[{"href":"https:\/\/handbag-sense.com\/de\/wp-json\/wp\/v2\/types\/product"}],"wp:featuredmedia":[{"embeddable":true,"href":"https:\/\/handbag-sense.com\/de\/wp-json\/wp\/v2\/media\/18477"}],"wp:attachment":[{"href":"https:\/\/handbag-sense.com\/de\/wp-json\/wp\/v2\/media?parent=16546"}],"wp:term":[{"taxonomy":"product_brand","embeddable":true,"href":"https:\/\/handbag-sense.com\/de\/wp-json\/wp\/v2\/product_brand?post=16546"},{"taxonomy":"product_cat","embeddable":true,"href":"https:\/\/handbag-sense.com\/de\/wp-json\/wp\/v2\/product_cat?post=16546"},{"taxonomy":"product_tag","embeddable":true,"href":"https:\/\/handbag-sense.com\/de\/wp-json\/wp\/v2\/product_tag?post=16546"}],"curies":[{"name":"wp","href":"https:\/\/api.w.org\/{rel}","templated":true}]}}