{"id":15715,"date":"2024-10-08T18:42:17","date_gmt":"2024-10-08T16:42:17","guid":{"rendered":"https:\/\/handbag-sense.com\/?post_type=product&#038;p=15715"},"modified":"2025-05-06T11:54:42","modified_gmt":"2025-05-06T09:54:42","slug":"hermes-kelly-25-epsom-schwarz","status":"publish","type":"product","link":"https:\/\/handbag-sense.com\/de\/produkt\/hermes-kelly-25-epsom-schwarz\/","title":{"rendered":"Kelly 25 Epsom Schwarz"},"content":{"rendered":"<div class=\"c-columns-m-1 c-columns-2 c-columns-gap-s\">\n<div><strong>Material:<\/strong> Epsom-Leder<br \/>\n<strong>Farbe:<\/strong> Schwarz<br \/>\n<strong>Metallelemente:<\/strong> Gold Hardware<br \/>\n<strong>Innenmaterial:<\/strong> Leder<\/div>\n<div><strong>Note:<\/strong> 1 <img decoding=\"async\" class=\"info_box alignnone size-medium wp-image-885\" title=\"Info\" role=\"img\" src=\"https:\/\/handbag-sense.com\/wp-content\/uploads\/2023\/05\/info_icon.svg\" alt=\"info box\" width=\"15\" height=\"15\"><br \/>\n<strong>Produktionsjahr\/Stempel:<\/strong> 2023 \/ B<br \/>\n<strong>Gr\u00f6\u00dfe:<\/strong> 25 x 19 x 9 cm<br \/>\n<strong>Versand:<\/strong> Weltweit<\/div>\n<\/div>\n<p><strong>Enth\u00e4lt:<\/strong> Original-Quittung, Staubbeutel, Riemen, Clochette, Schloss, Schl\u00fcssel, Regenmantel, Filz, Heft, Box<\/p>\n","protected":false},"excerpt":{"rendered":"<p><strong>Herm\u00e8s Kelly 25 Epsom Schwarz mit goldenen Beschl\u00e4gen<\/strong>.  <a>Diese <strong>Kelly 25 Sellier<\/strong> in der Farbe schwarz ist ein absoluter Hingucker und passt sowohl zur Jeans als auch zur Abendgarderobe. Mit dabei sind ein Schloss mit zwei Schl\u00fcssel, der originale Tragegurt, der originale Staubbeutel, die Herm\u00e8s Box und die Originalrechnung, die Persona Daten sind geschw\u00e4rzt. Im Lieferumfang enthalten: Schloss mit zwei Schl\u00fcsseln, Schultergurt, Schutzbeutel, Herm\u00e8s-Box und die Originalrechnung aus dem Jahr 2023, die Persona-Daten sind geschw\u00e4rzt. Es kann auch sch\u00f6n als Umh\u00e4ngetasche getragen werden.  <\/a>Die Kelly Tasche von Herm\u00e8s ist eine absolute Ikone unter den Handtaschen und steht seit Jahrzehnten f\u00fcr Eleganz und Klasse. Die Kelly 25 black ist nagelneu, nie getragen und hat den Stempel B.<\/p>\n","protected":false},"featured_media":4483,"template":"","meta":[],"product_brand":[2404],"product_cat":[347],"product_tag":[1569,1575],"class_list":{"0":"post-15715","1":"product","2":"type-product","3":"status-publish","4":"has-post-thumbnail","6":"product_brand-hermes-de","7":"product_cat-handtasche","8":"product_tag-hermes-kelly-25","9":"product_tag-kelly-25-black-de","10":"pa_brand-hermes-de","11":"pa_color-schwarz","12":"pa_grade-grad-1","13":"pa_hermes-models-kelly-de","14":"pa_material-leder","16":"first","17":"outofstock","18":"shipping-taxable","19":"product-type-simple"},"_links":{"self":[{"href":"https:\/\/handbag-sense.com\/de\/wp-json\/wp\/v2\/product\/15715","targetHints":{"allow":["GET"]}}],"collection":[{"href":"https:\/\/handbag-sense.com\/de\/wp-json\/wp\/v2\/product"}],"about":[{"href":"https:\/\/handbag-sense.com\/de\/wp-json\/wp\/v2\/types\/product"}],"wp:featuredmedia":[{"embeddable":true,"href":"https:\/\/handbag-sense.com\/de\/wp-json\/wp\/v2\/media\/4483"}],"wp:attachment":[{"href":"https:\/\/handbag-sense.com\/de\/wp-json\/wp\/v2\/media?parent=15715"}],"wp:term":[{"taxonomy":"product_brand","embeddable":true,"href":"https:\/\/handbag-sense.com\/de\/wp-json\/wp\/v2\/product_brand?post=15715"},{"taxonomy":"product_cat","embeddable":true,"href":"https:\/\/handbag-sense.com\/de\/wp-json\/wp\/v2\/product_cat?post=15715"},{"taxonomy":"product_tag","embeddable":true,"href":"https:\/\/handbag-sense.com\/de\/wp-json\/wp\/v2\/product_tag?post=15715"}],"curies":[{"name":"wp","href":"https:\/\/api.w.org\/{rel}","templated":true}]}}