{"id":15389,"date":"2024-10-07T16:09:20","date_gmt":"2024-10-07T14:09:20","guid":{"rendered":"https:\/\/handbag-sense.com\/?post_type=product&#038;p=15389"},"modified":"2025-05-06T11:54:46","modified_gmt":"2025-05-06T09:54:46","slug":"hermes-kelly-32-epsom-schwarz","status":"publish","type":"product","link":"https:\/\/handbag-sense.com\/de\/produkt\/hermes-kelly-32-epsom-schwarz\/","title":{"rendered":"Herm\u00e8s Kelly 32 Epsom Schwarz"},"content":{"rendered":"<div class=\"c-columns-m-1 c-columns-2 c-columns-gap-s\">\n<div><strong>Material:<\/strong> Epsom-Leder<br \/>\n<strong>Farbe:<\/strong> Schwarz<br \/>\n<strong>Metallelemente:<\/strong> Palladium Hardware<br \/>\n<strong>Innenmaterial:<\/strong> Leder<\/div>\n<div><strong>Bewertung:<\/strong> 3 <img decoding=\"async\" class=\"info_box alignnone size-medium wp-image-885\" title=\"Info\" role=\"img\" src=\"https:\/\/handbag-sense.com\/wp-content\/uploads\/2023\/05\/info_icon.svg\" alt=\"info box\" width=\"15\" height=\"15\"><br \/>\n<strong>Produktionsjahr \/ Stempel: <\/strong>2016 \/ X<br \/>\n<strong>Gr\u00f6\u00dfe:<\/strong> 32 x 23 x 10,5 cm<br \/>\n<strong>Versand:<\/strong> Weltweit<\/div>\n<\/div>\n<p><strong>Enth\u00e4lt:<\/strong> Originalquittung, Staubbeutel, Gurt, Clochette, Schloss, Schl\u00fcssel, Herm\u00e8s-Box<\/p>\n","protected":false},"excerpt":{"rendered":"<p><strong>Herm\u00e8s Kelly 32 Epsom Black mit Palladium-Hardware.  <\/strong>Die Kelly 32 Sellier ist aus klassischem schwarzem Epsom-Leder handgefertigt und mit Palladium-Beschl\u00e4gen verziert. Egal, ob Sie sie zu Jeans oder High Heels und Kleidern kombinieren, diese Kelly Bag ist das ultimative modische Statement. Es kann auch elegant als Crossbody getragen werden.  <\/p>\n<p>Die Tasche wurde sorgf\u00e4ltig abgenutzt und befindet sich in einem sehr guten Zustand, mit leichten Kratzern auf der Hardware. Es enth\u00e4lt ein Schloss, zwei Schl\u00fcssel, den originalen Schultergurt, den originalen Staubbeutel und die Originalrechnung aus dem Jahr 2016. Die Herm\u00e8s Kelly Tasche ist ein ikonisches St\u00fcck, das seit Jahrzehnten Eleganz und Klasse verk\u00f6rpert.  <\/p>\n","protected":false},"featured_media":15368,"template":"","meta":[],"product_brand":[2404],"product_cat":[347],"product_tag":[1626,1573],"class_list":{"0":"post-15389","1":"product","2":"type-product","3":"status-publish","4":"has-post-thumbnail","6":"product_brand-hermes-de","7":"product_cat-handtasche","8":"product_tag-hermes-kelly-32-de","9":"product_tag-hermes-kelly-sellier-de","10":"pa_brand-hermes-de","11":"pa_color-schwarz","12":"pa_grade-grad-3","13":"pa_hermes-models-kelly-de","14":"pa_material-leder","16":"first","17":"outofstock","18":"sold-individually","19":"shipping-taxable","20":"product-type-simple"},"_links":{"self":[{"href":"https:\/\/handbag-sense.com\/de\/wp-json\/wp\/v2\/product\/15389","targetHints":{"allow":["GET"]}}],"collection":[{"href":"https:\/\/handbag-sense.com\/de\/wp-json\/wp\/v2\/product"}],"about":[{"href":"https:\/\/handbag-sense.com\/de\/wp-json\/wp\/v2\/types\/product"}],"wp:featuredmedia":[{"embeddable":true,"href":"https:\/\/handbag-sense.com\/de\/wp-json\/wp\/v2\/media\/15368"}],"wp:attachment":[{"href":"https:\/\/handbag-sense.com\/de\/wp-json\/wp\/v2\/media?parent=15389"}],"wp:term":[{"taxonomy":"product_brand","embeddable":true,"href":"https:\/\/handbag-sense.com\/de\/wp-json\/wp\/v2\/product_brand?post=15389"},{"taxonomy":"product_cat","embeddable":true,"href":"https:\/\/handbag-sense.com\/de\/wp-json\/wp\/v2\/product_cat?post=15389"},{"taxonomy":"product_tag","embeddable":true,"href":"https:\/\/handbag-sense.com\/de\/wp-json\/wp\/v2\/product_tag?post=15389"}],"curies":[{"name":"wp","href":"https:\/\/api.w.org\/{rel}","templated":true}]}}