{"id":15237,"date":"2024-09-26T12:55:58","date_gmt":"2024-09-26T10:55:58","guid":{"rendered":"https:\/\/handbag-sense.com\/?post_type=product&#038;p=15237"},"modified":"2025-05-06T13:02:34","modified_gmt":"2025-05-06T11:02:34","slug":"chanel-classic-double-flap-medium-schwarz","status":"publish","type":"product","link":"https:\/\/handbag-sense.com\/de\/produkt\/chanel-classic-double-flap-medium-schwarz\/","title":{"rendered":"Mittelgro\u00dfe klassische Tasche mit doppelter Klappe, schwarz"},"content":{"rendered":"<div class=\"c-columns-m-1 c-columns-2 c-columns-gap-s\">\n<div><strong>Material:<\/strong> Lammfell<br \/>\n<strong>Farbe:<\/strong> schwarz<br \/>\n<strong>Metallelemente:<\/strong> Silber Hardware<br \/>\n<strong>Innenmaterial:<\/strong> Leder<\/div>\n<div><strong>Klasse: <\/strong>3\/4 <img decoding=\"async\" class=\"info_box alignnone size-medium wp-image-885\" title=\"Info\" role=\"img\" src=\"https:\/\/handbag-sense.com\/wp-content\/uploads\/2023\/05\/info_icon.svg\" alt=\"info box\" width=\"15\" height=\"15\"><br \/>\n<strong>Produktionsjahr\/Seriencode:<\/strong> 2012, ab 174...<br \/>\n<strong>Gr\u00f6\u00dfe:<\/strong> 25,5 x 15,5 x 6,5 cm<\/div>\n<\/div>\n<p><strong>Enth\u00e4lt:<\/strong> Echtheitskarte, Originalquittung, Staubbeutel, Karton<\/p>\n","protected":false},"excerpt":{"rendered":"<p><strong>Chanel Mittelgro\u00dfe klassische Tasche mit doppelter Klappe in Schwarz.<\/strong>  Die Medium Double Flap Handtasche ist ein klassisches und zeitloses St\u00fcck von Chanel. Diese Tasche ist ideal f\u00fcr jeden Anlass und bietet gen\u00fcgend Platz f\u00fcr alle wichtigen Dinge. Es ist aus schwarzem Lammleder gefertigt und verf\u00fcgt \u00fcber einen geflochtenen Kettenriemen und ein CC-Schloss mit silbernem Finish. Die Tasche ist in ein Hauptfach, eine Tasche und ein Rei\u00dfverschlussfach unterteilt, mit einer zus\u00e4tzlichen aufgesetzten Tasche auf der R\u00fcckseite. Das Innenfutter besteht aus weinrotem Leder. Es kann \u00fcber der Schulter oder als Umh\u00e4ngetasche getragen werden und bietet sowohl Komfort als auch Eleganz. Diese Handtasche ist einer der beliebten Klassiker von Chanel. Es wurde sorgf\u00e4ltig getragen und befindet sich in ausgezeichnetem Zustand, mit einer Echtheitskarte, einer Chanel-Staubbeutel, einer Chanel-Box und der Originalquittung.       <\/p>\n","protected":false},"featured_media":18655,"template":"","meta":[],"product_brand":[2417],"product_cat":[347,350,346],"product_tag":[2346,2126,2347],"class_list":{"0":"post-15237","1":"product","2":"type-product","3":"status-publish","4":"has-post-thumbnail","6":"product_brand-chanel-de","7":"product_cat-handtasche","8":"product_cat-schultertaschen","9":"product_cat-abendtasche","10":"product_tag-chanel-klassisches-schwarz","11":"product_tag-chanel-medium-classic-de","12":"product_tag-chanel-mittelschwarz","13":"pa_brand-chanel-de","14":"pa_chanel-models-timeless-classique-de","15":"pa_color-schwarz","16":"pa_grade-grad-4","17":"pa_material-leder","19":"first","20":"outofstock","21":"sold-individually","22":"shipping-taxable","23":"product-type-simple"},"_links":{"self":[{"href":"https:\/\/handbag-sense.com\/de\/wp-json\/wp\/v2\/product\/15237","targetHints":{"allow":["GET"]}}],"collection":[{"href":"https:\/\/handbag-sense.com\/de\/wp-json\/wp\/v2\/product"}],"about":[{"href":"https:\/\/handbag-sense.com\/de\/wp-json\/wp\/v2\/types\/product"}],"wp:featuredmedia":[{"embeddable":true,"href":"https:\/\/handbag-sense.com\/de\/wp-json\/wp\/v2\/media\/18655"}],"wp:attachment":[{"href":"https:\/\/handbag-sense.com\/de\/wp-json\/wp\/v2\/media?parent=15237"}],"wp:term":[{"taxonomy":"product_brand","embeddable":true,"href":"https:\/\/handbag-sense.com\/de\/wp-json\/wp\/v2\/product_brand?post=15237"},{"taxonomy":"product_cat","embeddable":true,"href":"https:\/\/handbag-sense.com\/de\/wp-json\/wp\/v2\/product_cat?post=15237"},{"taxonomy":"product_tag","embeddable":true,"href":"https:\/\/handbag-sense.com\/de\/wp-json\/wp\/v2\/product_tag?post=15237"}],"curies":[{"name":"wp","href":"https:\/\/api.w.org\/{rel}","templated":true}]}}