{"id":15077,"date":"2024-09-24T19:15:46","date_gmt":"2024-09-24T17:15:46","guid":{"rendered":"https:\/\/handbag-sense.com\/?post_type=product&#038;p=15077"},"modified":"2025-10-29T17:38:29","modified_gmt":"2025-10-29T16:38:29","slug":"chanel-timeless-maxi-double-flap","status":"publish","type":"product","link":"https:\/\/handbag-sense.com\/de\/produkt\/chanel-timeless-maxi-double-flap\/","title":{"rendered":"Timeless Maxi Double Flap Schwarz"},"content":{"rendered":"<div class=\"c-columns-m-1 c-columns-2 c-columns-gap-s\">\n<div><strong>Material:<\/strong> Lammleder<br \/>\n<strong>Farbe:<\/strong> Schwarz<br \/>\n<strong>Metallelemente:<\/strong> Silberne Hardware<br \/>\n<strong>Innenmaterial:<\/strong> Leder<\/div>\n<div><strong>Grad: <\/strong>3 <img decoding=\"async\" class=\"info_box alignnone size-medium wp-image-885\" title=\"Info\" role=\"img\" src=\"https:\/\/handbag-sense.com\/wp-content\/uploads\/2023\/05\/info_icon.svg\" alt=\"info box\" width=\"15\" height=\"15\" \/><br \/>\n<strong>Jahr\/Seriennummer:<\/strong> 2011, beginnt mit 147...<br \/>\n<strong>Gr\u00f6\u00dfe:<\/strong> 33 x 23 x 10 cm<\/div>\n<\/div>\n<p><strong>Beinhaltet:<\/strong> Staubbeutel, Box<\/p>\n","protected":false},"excerpt":{"rendered":"<p><strong>Chanel Timeless Maxi Double Flap in schwarz mit silberner Hardware.<\/strong> Die Maxi Double Flap ist eine klassische und zeitlose Chanel-Tasche. Diese Tasche ist ideal f\u00fcr jeden Anlass und bietet genug Platz f\u00fcr alles.<\/p>\n<p>Die <strong>Chanel Maxi Flap<\/strong>\u00a0ist aus schwarzem Lammleder mit silberfarbenen Beschl\u00e4gen und verf\u00fcgt \u00fcber eine Frontklappe mit charakteristischem CC-Turnlock-Verschluss, eine halbmondf\u00f6rmige Ges\u00e4\u00dftasche sowie ein verstellbares, verwobenes silberfarbenes Kettenglied und einen Schultergurt aus schwarzem Leder. Die Tasche ist in ein Hauptfach, eine Tasche und ein Rei\u00dfverschlussfach unterteilt. Das Innenfutter besteht aus Leder in der Farbe Weinrot.<\/p>\n<p>Die Tasche kann sowohl \u00fcber der Schulter als auch als Umh\u00e4ngetasche getragen werden. Eine bequeme und elegante Handtasche, die zu den beliebten Klassikern von Chanel geh\u00f6rt. Die Tasche wurde sorgf\u00e4ltig getragen und befindet sich in einem sehr guten Zustand, wird mit Chanel Staubbeutel und Chanel Box geliefert.<\/p>\n","protected":false},"featured_media":18652,"template":"","meta":[],"product_brand":[2417],"product_cat":[347,350],"product_tag":[2353],"class_list":{"0":"post-15077","1":"product","2":"type-product","3":"status-publish","4":"has-post-thumbnail","6":"product_brand-chanel-de","7":"product_cat-handtasche","8":"product_cat-schultertaschen","9":"product_tag-chanel-timeless-df-schwarz","10":"pa_brand-chanel-de","11":"pa_chanel-models-timeless-classique-de","12":"pa_color-schwarz","13":"pa_grade-grad-4","14":"pa_material-leder","16":"first","17":"outofstock","18":"sold-individually","19":"shipping-taxable","20":"purchasable","21":"product-type-simple"},"_links":{"self":[{"href":"https:\/\/handbag-sense.com\/de\/wp-json\/wp\/v2\/product\/15077","targetHints":{"allow":["GET"]}}],"collection":[{"href":"https:\/\/handbag-sense.com\/de\/wp-json\/wp\/v2\/product"}],"about":[{"href":"https:\/\/handbag-sense.com\/de\/wp-json\/wp\/v2\/types\/product"}],"wp:featuredmedia":[{"embeddable":true,"href":"https:\/\/handbag-sense.com\/de\/wp-json\/wp\/v2\/media\/18652"}],"wp:attachment":[{"href":"https:\/\/handbag-sense.com\/de\/wp-json\/wp\/v2\/media?parent=15077"}],"wp:term":[{"taxonomy":"product_brand","embeddable":true,"href":"https:\/\/handbag-sense.com\/de\/wp-json\/wp\/v2\/product_brand?post=15077"},{"taxonomy":"product_cat","embeddable":true,"href":"https:\/\/handbag-sense.com\/de\/wp-json\/wp\/v2\/product_cat?post=15077"},{"taxonomy":"product_tag","embeddable":true,"href":"https:\/\/handbag-sense.com\/de\/wp-json\/wp\/v2\/product_tag?post=15077"}],"curies":[{"name":"wp","href":"https:\/\/api.w.org\/{rel}","templated":true}]}}