{"id":14974,"date":"2024-09-20T17:11:23","date_gmt":"2024-09-20T15:11:23","guid":{"rendered":"https:\/\/handbag-sense.com\/?post_type=product&#038;p=14974"},"modified":"2025-05-06T11:54:55","modified_gmt":"2025-05-06T09:54:55","slug":"hermes-kelly-32-gold-togo-retourne-2","status":"publish","type":"product","link":"https:\/\/handbag-sense.com\/de\/produkt\/hermes-kelly-32-gold-togo-retourne-2\/","title":{"rendered":"Kelly 32 Gold Togo Retourne"},"content":{"rendered":"<div class=\"c-columns-m-1 c-columns-2 c-columns-gap-s\">\n<div><strong>Material:<\/strong> Togo-Leder<br \/>\n<strong>Farbe:<\/strong> Gold<br \/>\n<strong>Metallelemente:<\/strong> Gold Hardware<br \/>\n<strong>Innenmaterial:<\/strong> Leder<\/div>\n<div><strong>Bewertung: <\/strong>2 <img decoding=\"async\" class=\"info_box alignnone size-medium wp-image-885\" title=\"Info\" role=\"img\" src=\"https:\/\/handbag-sense.com\/wp-content\/uploads\/2023\/05\/info_icon.svg\" alt=\"info box\" width=\"15\" height=\"15\"><br \/>\n<strong>Produktionsjahr\/Stempel:<\/strong> 2021 \/ Z<br \/>\n<strong>Format:<\/strong> 32 x 23 x 10,5 cm<br \/>\n<strong>Versand:<\/strong> Weltweit<\/div>\n<\/div>\n<p><strong>Enth\u00e4lt:<\/strong> Original-Quittung, Staubbeutel, Riemen, Clochette, Schloss, Schl\u00fcssel, Regenmantel, Filz, Heft, Box<\/p>\n","protected":false},"excerpt":{"rendered":"<p><strong>Herm\u00e8s Kelly 32 Gold Togo Retourne Gold Hardware.<\/strong> Entdecken Sie Eleganz mit unserer <strong>exquisiten Herm\u00e8s Kelly 32<\/strong>, handgefertigt aus Togo-Leder in der klassischen Goldfarbe und mit eleganten goldenen Hardware-Details, die eine harmonische Symphonie aus Farbe und Glanz schaffen. Die <strong>Kelly 32 Gold<\/strong> wird geliefert mit: einer Clochette, einem Schloss mit zwei passenden Schl\u00fcsseln, dem originalen Schultergurt, der die Tasche in eine bequeme Umh\u00e4ngetasche verwandelt, der originalen Herm\u00e8s-Staubbeutel und der unverwechselbaren Herm\u00e8s-Box. Die Originalrechnung aus dem Jahr 2021 ist enthalten. Diese Kelly Tasche wurde nur einmal anprobiert und befindet sich in einem neuwertigen Zustand. <\/p>\n<p>Diese Tasche ist nicht nur ein Symbol f\u00fcr Stil und Eleganz, sondern auch eine wertvolle Investition, die ihre Sch\u00f6nheit und ihren Wert \u00fcber die Jahre bewahrt. Die <strong>Herm\u00e8s Kelly 32 Gold Retourne Togo<\/strong> ist eine Hommage an raffinierte Eleganz und ein zeitloser Klassiker, der einen Platz in jedem Kleiderschrank verdient.<\/p>\n","protected":false},"featured_media":18415,"template":"","meta":[],"product_brand":[2404],"product_cat":[347],"product_tag":[1626,1437,1977],"class_list":{"0":"post-14974","1":"product","2":"type-product","3":"status-publish","4":"has-post-thumbnail","6":"product_brand-hermes-de","7":"product_cat-handtasche","8":"product_tag-hermes-kelly-32-de","9":"product_tag-hermes-kelly-gold","10":"product_tag-kelly-32-gold-de","11":"pa_brand-hermes-de","12":"pa_color-gold-de","13":"pa_grade-grad-3","14":"pa_hermes-models-kelly-de","15":"pa_material-leder","17":"first","18":"outofstock","19":"shipping-taxable","20":"purchasable","21":"product-type-simple"},"_links":{"self":[{"href":"https:\/\/handbag-sense.com\/de\/wp-json\/wp\/v2\/product\/14974","targetHints":{"allow":["GET"]}}],"collection":[{"href":"https:\/\/handbag-sense.com\/de\/wp-json\/wp\/v2\/product"}],"about":[{"href":"https:\/\/handbag-sense.com\/de\/wp-json\/wp\/v2\/types\/product"}],"wp:featuredmedia":[{"embeddable":true,"href":"https:\/\/handbag-sense.com\/de\/wp-json\/wp\/v2\/media\/18415"}],"wp:attachment":[{"href":"https:\/\/handbag-sense.com\/de\/wp-json\/wp\/v2\/media?parent=14974"}],"wp:term":[{"taxonomy":"product_brand","embeddable":true,"href":"https:\/\/handbag-sense.com\/de\/wp-json\/wp\/v2\/product_brand?post=14974"},{"taxonomy":"product_cat","embeddable":true,"href":"https:\/\/handbag-sense.com\/de\/wp-json\/wp\/v2\/product_cat?post=14974"},{"taxonomy":"product_tag","embeddable":true,"href":"https:\/\/handbag-sense.com\/de\/wp-json\/wp\/v2\/product_tag?post=14974"}],"curies":[{"name":"wp","href":"https:\/\/api.w.org\/{rel}","templated":true}]}}